{"id":6770,"date":"2022-03-08T06:27:44","date_gmt":"2022-03-08T06:27:44","guid":{"rendered":"https:\/\/saulkrastubiblioteka.lv\/?page_id=6770"},"modified":"2026-02-05T04:44:44","modified_gmt":"2026-02-05T04:44:44","slug":"katalogs-2","status":"publish","type":"page","link":"https:\/\/saulkrastubiblioteka.lv\/index.php\/katalogs-2\/","title":{"rendered":"Katalogs"},"content":{"rendered":"\n<p><\/p>\n\n\n\n<figure class=\"wp-block-table\"><table><tbody><tr><td><a href=\"https:\/\/salaspils.biblioteka.lv\/AlisePAC?LibraryUnitId=7&amp;SearchTarget=2\"><img loading=\"lazy\" decoding=\"async\" width=\"200\" height=\"200\" class=\"wp-image-6773\" style=\"width: 200px;\" src=\"https:\/\/saulkrastubiblioteka.lv\/wp-content\/uploads\/2022\/03\/gramatas2022.jpg\" alt=\"\" srcset=\"https:\/\/saulkrastubiblioteka.lv\/wp-content\/uploads\/2022\/03\/gramatas2022.jpg 514w, https:\/\/saulkrastubiblioteka.lv\/wp-content\/uploads\/2022\/03\/gramatas2022-300x300.jpg 300w, https:\/\/saulkrastubiblioteka.lv\/wp-content\/uploads\/2022\/03\/gramatas2022-150x150.jpg 150w\" sizes=\"auto, (max-width: 200px) 85vw, 200px\" \/><\/a><\/td><td><a href=\"https:\/\/3td.lv\/\"><img loading=\"lazy\" decoding=\"async\" width=\"200\" height=\"193\" class=\"wp-image-6774\" style=\"width: 200px;\" src=\"https:\/\/saulkrastubiblioteka.lv\/wp-content\/uploads\/2022\/03\/egram.jpg\" alt=\"\" srcset=\"https:\/\/saulkrastubiblioteka.lv\/wp-content\/uploads\/2022\/03\/egram.jpg 519w, https:\/\/saulkrastubiblioteka.lv\/wp-content\/uploads\/2022\/03\/egram-300x290.jpg 300w\" sizes=\"auto, (max-width: 200px) 85vw, 200px\" \/><\/a><\/td><td><a href=\"https:\/\/saulkrastubiblioteka.lv\/index.php\/audiogramatas-biblioteka\/\"><img loading=\"lazy\" decoding=\"async\" width=\"200\" height=\"193\" class=\"wp-image-6777\" style=\"width: 200px;\" src=\"https:\/\/saulkrastubiblioteka.lv\/wp-content\/uploads\/2022\/03\/audio.jpg\" alt=\"\" srcset=\"https:\/\/saulkrastubiblioteka.lv\/wp-content\/uploads\/2022\/03\/audio.jpg 516w, https:\/\/saulkrastubiblioteka.lv\/wp-content\/uploads\/2022\/03\/audio-300x290.jpg 300w\" sizes=\"auto, (max-width: 200px) 85vw, 200px\" \/><\/a><\/td><\/tr><tr><td><a href=\"https:\/\/saulkrastubiblioteka.lv\/index.php\/prese-biblioteka\/\"><img loading=\"lazy\" decoding=\"async\" width=\"200\" height=\"199\" class=\"wp-image-6803\" style=\"width: 200px;\" src=\"https:\/\/saulkrastubiblioteka.lv\/wp-content\/uploads\/2022\/03\/prese.jpg\" alt=\"\" srcset=\"https:\/\/saulkrastubiblioteka.lv\/wp-content\/uploads\/2022\/03\/prese.jpg 517w, https:\/\/saulkrastubiblioteka.lv\/wp-content\/uploads\/2022\/03\/prese-300x298.jpg 300w, https:\/\/saulkrastubiblioteka.lv\/wp-content\/uploads\/2022\/03\/prese-150x150.jpg 150w\" sizes=\"auto, (max-width: 200px) 85vw, 200px\" \/><\/a><\/td><td><a href=\"https:\/\/saulkrastubiblioteka.lv\/index.php\/2020\/10\/26\/par-bibliotekas-lietotaju-vari-klut-ari-registrejoties-attalinati\/\"><img loading=\"lazy\" decoding=\"async\" width=\"200\" height=\"197\" class=\"wp-image-6807\" style=\"width: 200px;\" src=\"https:\/\/saulkrastubiblioteka.lv\/wp-content\/uploads\/2022\/03\/registracija.jpg\" alt=\"\" srcset=\"https:\/\/saulkrastubiblioteka.lv\/wp-content\/uploads\/2022\/03\/registracija.jpg 516w, https:\/\/saulkrastubiblioteka.lv\/wp-content\/uploads\/2022\/03\/registracija-300x296.jpg 300w\" sizes=\"auto, (max-width: 200px) 85vw, 200px\" \/><\/a><\/td><td><a href=\"https:\/\/saulkrastubiblioteka.lv\/index.php\/katalogs\/\"><img decoding=\"async\" src=\"https:\/\/saulkrastubiblioteka.lv\/wp-content\/uploads\/2022\/03\/ka.jpg\" alt=\"\" style=\"width: 200px;\"><\/a><\/td><\/tr><\/tbody><\/table><\/figure>\n\n\n\n<p>Par Saulkrastu novada bibliot\u0113kas (SNB), fili\u0101les &#8220;S\u0113ja&#8221; un &#8220;Paba\u017ei&#8221; las\u012bt\u0101ju var b\u016bt ikviena fiziska vai juridiska persona, kas v\u0113las izmantot bibliot\u0113ku kr\u0101jumus un citus bibliot\u0113k\u0101s pieejamos inform\u0101cijas resursus.<\/p>\n\n\n\n<p><a href=\"https:\/\/www.3td.lv\/lv\/ebooks\">&#8220;E-gr\u0101matu bibliot\u0113ka&#8221;<\/a> ir pakalpojums, kas <a href=\"https:\/\/saulkrastubiblioteka.lv\/index.php\/2020\/10\/26\/par-bibliotekas-lietotaju-vari-klut-ari-registrejoties-attalinati\/\">re\u0123istr\u0113tajiem<\/a> pa\u0161vald\u012bbu publisko bibliot\u0113ku lietot\u0101jiem pied\u0101v\u0101 bez maksas las\u012bt e-gr\u0101matas tie\u0161saist\u0113 mobilaj\u0101 ier\u012bc\u0113 vai dator\u0101. <a href=\"https:\/\/saulkrastubiblioteka.lv\/index.php\/2020\/10\/15\/lasi-gramatas-attalinati\/\">K\u0101 las\u012bt e-gr\u0101matas?<\/a><\/p>\n\n\n\n<p><strong>Svar\u012bgi:<\/strong> e-gr\u0101matu las\u012b\u0161ana nav pieejama las\u012bt\u0101jam, ja bibliot\u0113k\u0101 nav savlaic\u012bgi atdotas izsniegt\u0101s gr\u0101matas un citi inform\u0101cijas resursi.<\/p>\n\n\n\n<h1 class=\"wp-block-heading\">Starpbibliot\u0113ku abonements Saulkrastu novada bibliot\u0113k\u0101 un fili\u0101l\u0113s<\/h1>\n\n\n\n<p><strong>Starpbibliot\u0113ku abonementa (<\/strong>SBA) pakalpojuma b\u016bt\u012bba: ja izdevums nav bibliot\u0113kas kr\u0101jum\u0101, to var pas\u016bt\u012bt no cit\u0101m bibliot\u0113k\u0101m. Ar 2019. gada 1. oktobri Saulkrastu novada bibliot\u0113ka ir nosl\u0113gusi vieno\u0161anos ar Latvijas Nacion\u0101lo bibliot\u0113ku (LNB) par SBA pakalpojuma sa\u0146em\u0161anu.<\/p>\n\n\n\n<p>SBA pakalpojumu sa\u0146em\u0161anai ir saisto\u0161i LNB izmanto\u0161anas noteikumi un LNB SBA izmanto\u0161anas noteikumi:<\/p>\n\n\n\n<ul class=\"wp-block-list\">\n<li>&nbsp;<a href=\"https:\/\/lnb.lv\/library\/noteikumi\/\">LNB lieto\u0161anas noteikumi<\/a><\/li>\n\n\n\n<li>LNB publisko <a href=\"https:\/\/lnb.lv\/library\/cenradis\/\">maksas pakalpojumu cenr\u0101dis<\/a><\/li>\n<\/ul>\n\n\n\n<p>Ja izdevums nav pieejams Saulkrastu novada bibliot\u0113kas kr\u0101jum\u0101, tad izmantojiet starpbibliot\u0113ku abonementa pakalpojumu!<\/p>\n","protected":false},"excerpt":{"rendered":"<p>Par Saulkrastu novada bibliot\u0113kas (SNB), fili\u0101les &#8220;S\u0113ja&#8221; un &#8220;Paba\u017ei&#8221; las\u012bt\u0101ju var b\u016bt ikviena fiziska vai juridiska persona, kas v\u0113las izmantot bibliot\u0113ku kr\u0101jumus un citus bibliot\u0113k\u0101s pieejamos inform\u0101cijas resursus. &#8220;E-gr\u0101matu bibliot\u0113ka&#8221; ir pakalpojums, kas re\u0123istr\u0113tajiem pa\u0161vald\u012bbu publisko bibliot\u0113ku lietot\u0101jiem pied\u0101v\u0101 bez maksas las\u012bt e-gr\u0101matas tie\u0161saist\u0113 mobilaj\u0101 ier\u012bc\u0113 vai dator\u0101. K\u0101 las\u012bt e-gr\u0101matas? Svar\u012bgi: e-gr\u0101matu las\u012b\u0161ana nav &hellip; <a href=\"https:\/\/saulkrastubiblioteka.lv\/index.php\/katalogs-2\/\" class=\"more-link\">Turpin\u0101t las\u012bt<span class=\"screen-reader-text\"> &#8220;Katalogs&#8221;<\/span><\/a><\/p>\n","protected":false},"author":1,"featured_media":0,"parent":0,"menu_order":0,"comment_status":"closed","ping_status":"closed","template":"","meta":{"footnotes":""},"class_list":["post-6770","page","type-page","status-publish","hentry"],"yoast_head":"<!-- This site is optimized with the Yoast SEO plugin v24.2 - https:\/\/yoast.com\/wordpress\/plugins\/seo\/ -->\n<title>Katalogs - Saulkrastu novada bibliot\u0113ka<\/title>\n<meta name=\"robots\" content=\"index, follow, max-snippet:-1, max-image-preview:large, max-video-preview:-1\" \/>\n<link rel=\"canonical\" href=\"https:\/\/saulkrastubiblioteka.lv\/index.php\/katalogs-2\/\" \/>\n<meta property=\"og:locale\" content=\"lv_LV\" \/>\n<meta property=\"og:type\" content=\"article\" \/>\n<meta property=\"og:title\" content=\"Katalogs - Saulkrastu novada bibliot\u0113ka\" \/>\n<meta property=\"og:description\" content=\"Par Saulkrastu novada bibliot\u0113kas (SNB), fili\u0101les &#8220;S\u0113ja&#8221; un &#8220;Paba\u017ei&#8221; las\u012bt\u0101ju var b\u016bt ikviena fiziska vai juridiska persona, kas v\u0113las izmantot bibliot\u0113ku kr\u0101jumus un citus bibliot\u0113k\u0101s pieejamos inform\u0101cijas resursus. &#8220;E-gr\u0101matu bibliot\u0113ka&#8221; ir pakalpojums, kas re\u0123istr\u0113tajiem pa\u0161vald\u012bbu publisko bibliot\u0113ku lietot\u0101jiem pied\u0101v\u0101 bez maksas las\u012bt e-gr\u0101matas tie\u0161saist\u0113 mobilaj\u0101 ier\u012bc\u0113 vai dator\u0101. K\u0101 las\u012bt e-gr\u0101matas? Svar\u012bgi: e-gr\u0101matu las\u012b\u0161ana nav &hellip; Turpin\u0101t las\u012bt &quot;Katalogs&quot;\" \/>\n<meta property=\"og:url\" content=\"https:\/\/saulkrastubiblioteka.lv\/index.php\/katalogs-2\/\" \/>\n<meta property=\"og:site_name\" content=\"Saulkrastu novada bibliot\u0113ka\" \/>\n<meta property=\"article:modified_time\" content=\"2026-02-05T04:44:44+00:00\" \/>\n<meta property=\"og:image\" content=\"https:\/\/saulkrastubiblioteka.lv\/wp-content\/uploads\/2022\/03\/gramatas2022.jpg\" \/>\n\t<meta property=\"og:image:width\" content=\"514\" \/>\n\t<meta property=\"og:image:height\" content=\"514\" \/>\n\t<meta property=\"og:image:type\" content=\"image\/jpeg\" \/>\n<meta name=\"twitter:card\" content=\"summary_large_image\" \/>\n<meta name=\"twitter:label1\" content=\"Est. reading time\" \/>\n\t<meta name=\"twitter:data1\" content=\"2 min\u016btes\" \/>\n<script type=\"application\/ld+json\" class=\"yoast-schema-graph\">{\"@context\":\"https:\/\/schema.org\",\"@graph\":[{\"@type\":\"WebPage\",\"@id\":\"https:\/\/saulkrastubiblioteka.lv\/index.php\/katalogs-2\/\",\"url\":\"https:\/\/saulkrastubiblioteka.lv\/index.php\/katalogs-2\/\",\"name\":\"Katalogs - Saulkrastu novada bibliot\u0113ka\",\"isPartOf\":{\"@id\":\"https:\/\/saulkrastubiblioteka.lv\/#website\"},\"primaryImageOfPage\":{\"@id\":\"https:\/\/saulkrastubiblioteka.lv\/index.php\/katalogs-2\/#primaryimage\"},\"image\":{\"@id\":\"https:\/\/saulkrastubiblioteka.lv\/index.php\/katalogs-2\/#primaryimage\"},\"thumbnailUrl\":\"https:\/\/saulkrastubiblioteka.lv\/wp-content\/uploads\/2022\/03\/gramatas2022.jpg\",\"datePublished\":\"2022-03-08T06:27:44+00:00\",\"dateModified\":\"2026-02-05T04:44:44+00:00\",\"breadcrumb\":{\"@id\":\"https:\/\/saulkrastubiblioteka.lv\/index.php\/katalogs-2\/#breadcrumb\"},\"inLanguage\":\"lv-LV\",\"potentialAction\":[{\"@type\":\"ReadAction\",\"target\":[\"https:\/\/saulkrastubiblioteka.lv\/index.php\/katalogs-2\/\"]}]},{\"@type\":\"ImageObject\",\"inLanguage\":\"lv-LV\",\"@id\":\"https:\/\/saulkrastubiblioteka.lv\/index.php\/katalogs-2\/#primaryimage\",\"url\":\"https:\/\/saulkrastubiblioteka.lv\/wp-content\/uploads\/2022\/03\/gramatas2022.jpg\",\"contentUrl\":\"https:\/\/saulkrastubiblioteka.lv\/wp-content\/uploads\/2022\/03\/gramatas2022.jpg\",\"width\":514,\"height\":514},{\"@type\":\"BreadcrumbList\",\"@id\":\"https:\/\/saulkrastubiblioteka.lv\/index.php\/katalogs-2\/#breadcrumb\",\"itemListElement\":[{\"@type\":\"ListItem\",\"position\":1,\"name\":\"Home\",\"item\":\"https:\/\/saulkrastubiblioteka.lv\/\"},{\"@type\":\"ListItem\",\"position\":2,\"name\":\"Katalogs\"}]},{\"@type\":\"WebSite\",\"@id\":\"https:\/\/saulkrastubiblioteka.lv\/#website\",\"url\":\"https:\/\/saulkrastubiblioteka.lv\/\",\"name\":\"Saulkrastu novada bibliot\u0113ka\",\"description\":\"Vieta, kur labi pavad\u012bt laiku un pab\u016bt mier\u0101\",\"publisher\":{\"@id\":\"https:\/\/saulkrastubiblioteka.lv\/#organization\"},\"potentialAction\":[{\"@type\":\"SearchAction\",\"target\":{\"@type\":\"EntryPoint\",\"urlTemplate\":\"https:\/\/saulkrastubiblioteka.lv\/?s={search_term_string}\"},\"query-input\":{\"@type\":\"PropertyValueSpecification\",\"valueRequired\":true,\"valueName\":\"search_term_string\"}}],\"inLanguage\":\"lv-LV\"},{\"@type\":\"Organization\",\"@id\":\"https:\/\/saulkrastubiblioteka.lv\/#organization\",\"name\":\"Saulkrastu novada bibliot\u0113ka\",\"url\":\"https:\/\/saulkrastubiblioteka.lv\/\",\"logo\":{\"@type\":\"ImageObject\",\"inLanguage\":\"lv-LV\",\"@id\":\"https:\/\/saulkrastubiblioteka.lv\/#\/schema\/logo\/image\/\",\"url\":\"https:\/\/saulkrastubiblioteka.lv\/wp-content\/uploads\/2021\/01\/cropped-logo.png\",\"contentUrl\":\"https:\/\/saulkrastubiblioteka.lv\/wp-content\/uploads\/2021\/01\/cropped-logo.png\",\"width\":240,\"height\":240,\"caption\":\"Saulkrastu novada bibliot\u0113ka\"},\"image\":{\"@id\":\"https:\/\/saulkrastubiblioteka.lv\/#\/schema\/logo\/image\/\"}}]}<\/script>\n<!-- \/ Yoast SEO plugin. -->","yoast_head_json":{"title":"Katalogs - Saulkrastu novada bibliot\u0113ka","robots":{"index":"index","follow":"follow","max-snippet":"max-snippet:-1","max-image-preview":"max-image-preview:large","max-video-preview":"max-video-preview:-1"},"canonical":"https:\/\/saulkrastubiblioteka.lv\/index.php\/katalogs-2\/","og_locale":"lv_LV","og_type":"article","og_title":"Katalogs - Saulkrastu novada bibliot\u0113ka","og_description":"Par Saulkrastu novada bibliot\u0113kas (SNB), fili\u0101les &#8220;S\u0113ja&#8221; un &#8220;Paba\u017ei&#8221; las\u012bt\u0101ju var b\u016bt ikviena fiziska vai juridiska persona, kas v\u0113las izmantot bibliot\u0113ku kr\u0101jumus un citus bibliot\u0113k\u0101s pieejamos inform\u0101cijas resursus. &#8220;E-gr\u0101matu bibliot\u0113ka&#8221; ir pakalpojums, kas re\u0123istr\u0113tajiem pa\u0161vald\u012bbu publisko bibliot\u0113ku lietot\u0101jiem pied\u0101v\u0101 bez maksas las\u012bt e-gr\u0101matas tie\u0161saist\u0113 mobilaj\u0101 ier\u012bc\u0113 vai dator\u0101. K\u0101 las\u012bt e-gr\u0101matas? Svar\u012bgi: e-gr\u0101matu las\u012b\u0161ana nav &hellip; Turpin\u0101t las\u012bt \"Katalogs\"","og_url":"https:\/\/saulkrastubiblioteka.lv\/index.php\/katalogs-2\/","og_site_name":"Saulkrastu novada bibliot\u0113ka","article_modified_time":"2026-02-05T04:44:44+00:00","og_image":[{"width":514,"height":514,"url":"https:\/\/saulkrastubiblioteka.lv\/wp-content\/uploads\/2022\/03\/gramatas2022.jpg","type":"image\/jpeg"}],"twitter_card":"summary_large_image","twitter_misc":{"Est. reading time":"2 min\u016btes"},"schema":{"@context":"https:\/\/schema.org","@graph":[{"@type":"WebPage","@id":"https:\/\/saulkrastubiblioteka.lv\/index.php\/katalogs-2\/","url":"https:\/\/saulkrastubiblioteka.lv\/index.php\/katalogs-2\/","name":"Katalogs - Saulkrastu novada bibliot\u0113ka","isPartOf":{"@id":"https:\/\/saulkrastubiblioteka.lv\/#website"},"primaryImageOfPage":{"@id":"https:\/\/saulkrastubiblioteka.lv\/index.php\/katalogs-2\/#primaryimage"},"image":{"@id":"https:\/\/saulkrastubiblioteka.lv\/index.php\/katalogs-2\/#primaryimage"},"thumbnailUrl":"https:\/\/saulkrastubiblioteka.lv\/wp-content\/uploads\/2022\/03\/gramatas2022.jpg","datePublished":"2022-03-08T06:27:44+00:00","dateModified":"2026-02-05T04:44:44+00:00","breadcrumb":{"@id":"https:\/\/saulkrastubiblioteka.lv\/index.php\/katalogs-2\/#breadcrumb"},"inLanguage":"lv-LV","potentialAction":[{"@type":"ReadAction","target":["https:\/\/saulkrastubiblioteka.lv\/index.php\/katalogs-2\/"]}]},{"@type":"ImageObject","inLanguage":"lv-LV","@id":"https:\/\/saulkrastubiblioteka.lv\/index.php\/katalogs-2\/#primaryimage","url":"https:\/\/saulkrastubiblioteka.lv\/wp-content\/uploads\/2022\/03\/gramatas2022.jpg","contentUrl":"https:\/\/saulkrastubiblioteka.lv\/wp-content\/uploads\/2022\/03\/gramatas2022.jpg","width":514,"height":514},{"@type":"BreadcrumbList","@id":"https:\/\/saulkrastubiblioteka.lv\/index.php\/katalogs-2\/#breadcrumb","itemListElement":[{"@type":"ListItem","position":1,"name":"Home","item":"https:\/\/saulkrastubiblioteka.lv\/"},{"@type":"ListItem","position":2,"name":"Katalogs"}]},{"@type":"WebSite","@id":"https:\/\/saulkrastubiblioteka.lv\/#website","url":"https:\/\/saulkrastubiblioteka.lv\/","name":"Saulkrastu novada bibliot\u0113ka","description":"Vieta, kur labi pavad\u012bt laiku un pab\u016bt mier\u0101","publisher":{"@id":"https:\/\/saulkrastubiblioteka.lv\/#organization"},"potentialAction":[{"@type":"SearchAction","target":{"@type":"EntryPoint","urlTemplate":"https:\/\/saulkrastubiblioteka.lv\/?s={search_term_string}"},"query-input":{"@type":"PropertyValueSpecification","valueRequired":true,"valueName":"search_term_string"}}],"inLanguage":"lv-LV"},{"@type":"Organization","@id":"https:\/\/saulkrastubiblioteka.lv\/#organization","name":"Saulkrastu novada bibliot\u0113ka","url":"https:\/\/saulkrastubiblioteka.lv\/","logo":{"@type":"ImageObject","inLanguage":"lv-LV","@id":"https:\/\/saulkrastubiblioteka.lv\/#\/schema\/logo\/image\/","url":"https:\/\/saulkrastubiblioteka.lv\/wp-content\/uploads\/2021\/01\/cropped-logo.png","contentUrl":"https:\/\/saulkrastubiblioteka.lv\/wp-content\/uploads\/2021\/01\/cropped-logo.png","width":240,"height":240,"caption":"Saulkrastu novada bibliot\u0113ka"},"image":{"@id":"https:\/\/saulkrastubiblioteka.lv\/#\/schema\/logo\/image\/"}}]}},"_links":{"self":[{"href":"https:\/\/saulkrastubiblioteka.lv\/index.php\/wp-json\/wp\/v2\/pages\/6770","targetHints":{"allow":["GET"]}}],"collection":[{"href":"https:\/\/saulkrastubiblioteka.lv\/index.php\/wp-json\/wp\/v2\/pages"}],"about":[{"href":"https:\/\/saulkrastubiblioteka.lv\/index.php\/wp-json\/wp\/v2\/types\/page"}],"author":[{"embeddable":true,"href":"https:\/\/saulkrastubiblioteka.lv\/index.php\/wp-json\/wp\/v2\/users\/1"}],"replies":[{"embeddable":true,"href":"https:\/\/saulkrastubiblioteka.lv\/index.php\/wp-json\/wp\/v2\/comments?post=6770"}],"version-history":[{"count":32,"href":"https:\/\/saulkrastubiblioteka.lv\/index.php\/wp-json\/wp\/v2\/pages\/6770\/revisions"}],"predecessor-version":[{"id":10349,"href":"https:\/\/saulkrastubiblioteka.lv\/index.php\/wp-json\/wp\/v2\/pages\/6770\/revisions\/10349"}],"wp:attachment":[{"href":"https:\/\/saulkrastubiblioteka.lv\/index.php\/wp-json\/wp\/v2\/media?parent=6770"}],"curies":[{"name":"wp","href":"https:\/\/api.w.org\/{rel}","templated":true}]}}