{"id":665,"date":"2018-06-13T11:50:10","date_gmt":"2018-06-13T11:50:10","guid":{"rendered":"https:\/\/saulkrastubiblioteka.lv\/?page_id=665"},"modified":"2026-03-12T13:44:37","modified_gmt":"2026-03-12T13:44:37","slug":"darbinieki","status":"publish","type":"page","link":"https:\/\/saulkrastubiblioteka.lv\/index.php\/darbinieki\/","title":{"rendered":"Darbinieki"},"content":{"rendered":"\n<p><strong>Saulkrastu novada bibliot\u0113kas fili\u0101le &#8220;S\u0113ja&#8221;<\/strong><br>Bibliot\u0113ku inform\u0101cijas speci\u0101liste Liene Reni\u0146a<br>27891866<br><a href=\"mailto:liene.renina@saulkrasti.lv\">liene.renina@saulkrasti.lv<\/a><\/p>\n\n\n\n<p><strong>Saulkrastu novada bibliot\u0113kas fili\u0101le \u201cPaba\u017ei\u201d<\/strong><br>Bibliot\u0113ku inform\u0101cijas speci\u0101liste Inta Petrova<br>26397348<br>inta.petrova@saulkrasti.lv<\/p>\n\n\n\n<p><strong>Saulkrastu novada bibliot\u0113ka<\/strong><br>Bibliot\u0113ku inform\u0101cijas speci\u0101listi <br>T\u0101lr. 25767667, 26442405<br>e-pasts: saulkrastu.biblioteka@saulkrasti.lv<\/p>\n\n\n\n<p><\/p>\n","protected":false},"excerpt":{"rendered":"<p>Saulkrastu novada bibliot\u0113kas fili\u0101le &#8220;S\u0113ja&#8221;Bibliot\u0113ku inform\u0101cijas speci\u0101liste Liene Reni\u0146a27891866liene.renina@saulkrasti.lv Saulkrastu novada bibliot\u0113kas fili\u0101le \u201cPaba\u017ei\u201dBibliot\u0113ku inform\u0101cijas speci\u0101liste Inta Petrova26397348inta.petrova@saulkrasti.lv Saulkrastu novada bibliot\u0113kaBibliot\u0113ku inform\u0101cijas speci\u0101listi T\u0101lr. 25767667, 26442405e-pasts: saulkrastu.biblioteka@saulkrasti.lv<\/p>\n","protected":false},"author":1,"featured_media":0,"parent":0,"menu_order":0,"comment_status":"closed","ping_status":"closed","template":"","meta":{"footnotes":""},"class_list":["post-665","page","type-page","status-publish","hentry"],"yoast_head":"<!-- This site is optimized with the Yoast SEO plugin v24.2 - https:\/\/yoast.com\/wordpress\/plugins\/seo\/ -->\n<title>Darbinieki - Saulkrastu novada bibliot\u0113ka<\/title>\n<meta name=\"robots\" content=\"index, follow, max-snippet:-1, max-image-preview:large, max-video-preview:-1\" \/>\n<link rel=\"canonical\" href=\"https:\/\/saulkrastubiblioteka.lv\/index.php\/darbinieki\/\" \/>\n<meta property=\"og:locale\" content=\"lv_LV\" \/>\n<meta property=\"og:type\" content=\"article\" \/>\n<meta property=\"og:title\" content=\"Darbinieki - Saulkrastu novada bibliot\u0113ka\" \/>\n<meta property=\"og:description\" content=\"Saulkrastu novada bibliot\u0113kas fili\u0101le &#8220;S\u0113ja&#8221;Bibliot\u0113ku inform\u0101cijas speci\u0101liste Liene Reni\u0146a27891866liene.renina@saulkrasti.lv Saulkrastu novada bibliot\u0113kas fili\u0101le \u201cPaba\u017ei\u201dBibliot\u0113ku inform\u0101cijas speci\u0101liste Inta Petrova26397348inta.petrova@saulkrasti.lv Saulkrastu novada bibliot\u0113kaBibliot\u0113ku inform\u0101cijas speci\u0101listi T\u0101lr. 25767667, 26442405e-pasts: saulkrastu.biblioteka@saulkrasti.lv\" \/>\n<meta property=\"og:url\" content=\"https:\/\/saulkrastubiblioteka.lv\/index.php\/darbinieki\/\" \/>\n<meta property=\"og:site_name\" content=\"Saulkrastu novada bibliot\u0113ka\" \/>\n<meta property=\"article:modified_time\" content=\"2026-03-12T13:44:37+00:00\" \/>\n<meta name=\"twitter:card\" content=\"summary_large_image\" \/>\n<meta name=\"twitter:label1\" content=\"Est. reading time\" \/>\n\t<meta name=\"twitter:data1\" content=\"1 min\u016bte\" \/>\n<script type=\"application\/ld+json\" class=\"yoast-schema-graph\">{\"@context\":\"https:\/\/schema.org\",\"@graph\":[{\"@type\":\"WebPage\",\"@id\":\"https:\/\/saulkrastubiblioteka.lv\/index.php\/darbinieki\/\",\"url\":\"https:\/\/saulkrastubiblioteka.lv\/index.php\/darbinieki\/\",\"name\":\"Darbinieki - Saulkrastu novada bibliot\u0113ka\",\"isPartOf\":{\"@id\":\"https:\/\/saulkrastubiblioteka.lv\/#website\"},\"datePublished\":\"2018-06-13T11:50:10+00:00\",\"dateModified\":\"2026-03-12T13:44:37+00:00\",\"breadcrumb\":{\"@id\":\"https:\/\/saulkrastubiblioteka.lv\/index.php\/darbinieki\/#breadcrumb\"},\"inLanguage\":\"lv-LV\",\"potentialAction\":[{\"@type\":\"ReadAction\",\"target\":[\"https:\/\/saulkrastubiblioteka.lv\/index.php\/darbinieki\/\"]}]},{\"@type\":\"BreadcrumbList\",\"@id\":\"https:\/\/saulkrastubiblioteka.lv\/index.php\/darbinieki\/#breadcrumb\",\"itemListElement\":[{\"@type\":\"ListItem\",\"position\":1,\"name\":\"Home\",\"item\":\"https:\/\/saulkrastubiblioteka.lv\/\"},{\"@type\":\"ListItem\",\"position\":2,\"name\":\"Darbinieki\"}]},{\"@type\":\"WebSite\",\"@id\":\"https:\/\/saulkrastubiblioteka.lv\/#website\",\"url\":\"https:\/\/saulkrastubiblioteka.lv\/\",\"name\":\"Saulkrastu novada bibliot\u0113ka\",\"description\":\"Vieta, kur labi pavad\u012bt laiku un pab\u016bt mier\u0101\",\"publisher\":{\"@id\":\"https:\/\/saulkrastubiblioteka.lv\/#organization\"},\"potentialAction\":[{\"@type\":\"SearchAction\",\"target\":{\"@type\":\"EntryPoint\",\"urlTemplate\":\"https:\/\/saulkrastubiblioteka.lv\/?s={search_term_string}\"},\"query-input\":{\"@type\":\"PropertyValueSpecification\",\"valueRequired\":true,\"valueName\":\"search_term_string\"}}],\"inLanguage\":\"lv-LV\"},{\"@type\":\"Organization\",\"@id\":\"https:\/\/saulkrastubiblioteka.lv\/#organization\",\"name\":\"Saulkrastu novada bibliot\u0113ka\",\"url\":\"https:\/\/saulkrastubiblioteka.lv\/\",\"logo\":{\"@type\":\"ImageObject\",\"inLanguage\":\"lv-LV\",\"@id\":\"https:\/\/saulkrastubiblioteka.lv\/#\/schema\/logo\/image\/\",\"url\":\"https:\/\/saulkrastubiblioteka.lv\/wp-content\/uploads\/2021\/01\/cropped-logo.png\",\"contentUrl\":\"https:\/\/saulkrastubiblioteka.lv\/wp-content\/uploads\/2021\/01\/cropped-logo.png\",\"width\":240,\"height\":240,\"caption\":\"Saulkrastu novada bibliot\u0113ka\"},\"image\":{\"@id\":\"https:\/\/saulkrastubiblioteka.lv\/#\/schema\/logo\/image\/\"}}]}<\/script>\n<!-- \/ Yoast SEO plugin. -->","yoast_head_json":{"title":"Darbinieki - Saulkrastu novada bibliot\u0113ka","robots":{"index":"index","follow":"follow","max-snippet":"max-snippet:-1","max-image-preview":"max-image-preview:large","max-video-preview":"max-video-preview:-1"},"canonical":"https:\/\/saulkrastubiblioteka.lv\/index.php\/darbinieki\/","og_locale":"lv_LV","og_type":"article","og_title":"Darbinieki - Saulkrastu novada bibliot\u0113ka","og_description":"Saulkrastu novada bibliot\u0113kas fili\u0101le &#8220;S\u0113ja&#8221;Bibliot\u0113ku inform\u0101cijas speci\u0101liste Liene Reni\u0146a27891866liene.renina@saulkrasti.lv Saulkrastu novada bibliot\u0113kas fili\u0101le \u201cPaba\u017ei\u201dBibliot\u0113ku inform\u0101cijas speci\u0101liste Inta Petrova26397348inta.petrova@saulkrasti.lv Saulkrastu novada bibliot\u0113kaBibliot\u0113ku inform\u0101cijas speci\u0101listi T\u0101lr. 25767667, 26442405e-pasts: saulkrastu.biblioteka@saulkrasti.lv","og_url":"https:\/\/saulkrastubiblioteka.lv\/index.php\/darbinieki\/","og_site_name":"Saulkrastu novada bibliot\u0113ka","article_modified_time":"2026-03-12T13:44:37+00:00","twitter_card":"summary_large_image","twitter_misc":{"Est. reading time":"1 min\u016bte"},"schema":{"@context":"https:\/\/schema.org","@graph":[{"@type":"WebPage","@id":"https:\/\/saulkrastubiblioteka.lv\/index.php\/darbinieki\/","url":"https:\/\/saulkrastubiblioteka.lv\/index.php\/darbinieki\/","name":"Darbinieki - Saulkrastu novada bibliot\u0113ka","isPartOf":{"@id":"https:\/\/saulkrastubiblioteka.lv\/#website"},"datePublished":"2018-06-13T11:50:10+00:00","dateModified":"2026-03-12T13:44:37+00:00","breadcrumb":{"@id":"https:\/\/saulkrastubiblioteka.lv\/index.php\/darbinieki\/#breadcrumb"},"inLanguage":"lv-LV","potentialAction":[{"@type":"ReadAction","target":["https:\/\/saulkrastubiblioteka.lv\/index.php\/darbinieki\/"]}]},{"@type":"BreadcrumbList","@id":"https:\/\/saulkrastubiblioteka.lv\/index.php\/darbinieki\/#breadcrumb","itemListElement":[{"@type":"ListItem","position":1,"name":"Home","item":"https:\/\/saulkrastubiblioteka.lv\/"},{"@type":"ListItem","position":2,"name":"Darbinieki"}]},{"@type":"WebSite","@id":"https:\/\/saulkrastubiblioteka.lv\/#website","url":"https:\/\/saulkrastubiblioteka.lv\/","name":"Saulkrastu novada bibliot\u0113ka","description":"Vieta, kur labi pavad\u012bt laiku un pab\u016bt mier\u0101","publisher":{"@id":"https:\/\/saulkrastubiblioteka.lv\/#organization"},"potentialAction":[{"@type":"SearchAction","target":{"@type":"EntryPoint","urlTemplate":"https:\/\/saulkrastubiblioteka.lv\/?s={search_term_string}"},"query-input":{"@type":"PropertyValueSpecification","valueRequired":true,"valueName":"search_term_string"}}],"inLanguage":"lv-LV"},{"@type":"Organization","@id":"https:\/\/saulkrastubiblioteka.lv\/#organization","name":"Saulkrastu novada bibliot\u0113ka","url":"https:\/\/saulkrastubiblioteka.lv\/","logo":{"@type":"ImageObject","inLanguage":"lv-LV","@id":"https:\/\/saulkrastubiblioteka.lv\/#\/schema\/logo\/image\/","url":"https:\/\/saulkrastubiblioteka.lv\/wp-content\/uploads\/2021\/01\/cropped-logo.png","contentUrl":"https:\/\/saulkrastubiblioteka.lv\/wp-content\/uploads\/2021\/01\/cropped-logo.png","width":240,"height":240,"caption":"Saulkrastu novada bibliot\u0113ka"},"image":{"@id":"https:\/\/saulkrastubiblioteka.lv\/#\/schema\/logo\/image\/"}}]}},"_links":{"self":[{"href":"https:\/\/saulkrastubiblioteka.lv\/index.php\/wp-json\/wp\/v2\/pages\/665","targetHints":{"allow":["GET"]}}],"collection":[{"href":"https:\/\/saulkrastubiblioteka.lv\/index.php\/wp-json\/wp\/v2\/pages"}],"about":[{"href":"https:\/\/saulkrastubiblioteka.lv\/index.php\/wp-json\/wp\/v2\/types\/page"}],"author":[{"embeddable":true,"href":"https:\/\/saulkrastubiblioteka.lv\/index.php\/wp-json\/wp\/v2\/users\/1"}],"replies":[{"embeddable":true,"href":"https:\/\/saulkrastubiblioteka.lv\/index.php\/wp-json\/wp\/v2\/comments?post=665"}],"version-history":[{"count":41,"href":"https:\/\/saulkrastubiblioteka.lv\/index.php\/wp-json\/wp\/v2\/pages\/665\/revisions"}],"predecessor-version":[{"id":10429,"href":"https:\/\/saulkrastubiblioteka.lv\/index.php\/wp-json\/wp\/v2\/pages\/665\/revisions\/10429"}],"wp:attachment":[{"href":"https:\/\/saulkrastubiblioteka.lv\/index.php\/wp-json\/wp\/v2\/media?parent=665"}],"curies":[{"name":"wp","href":"https:\/\/api.w.org\/{rel}","templated":true}]}}