{"id":6641,"date":"2022-02-17T11:48:27","date_gmt":"2022-02-17T11:48:27","guid":{"rendered":"https:\/\/saulkrastubiblioteka.lv\/?page_id=6641"},"modified":"2023-01-04T10:50:25","modified_gmt":"2023-01-04T10:50:25","slug":"bernu-lasitako-gramatu-top10-2022-gada-janvari","status":"publish","type":"page","link":"https:\/\/saulkrastubiblioteka.lv\/index.php\/bernu-lasitako-gramatu-top10-2022-gada-janvari\/","title":{"rendered":"B\u0113rnu las\u012bt\u0101ko gr\u0101matu TOP 10"},"content":{"rendered":"\n<h2 class=\"wp-block-heading\">2022. gad\u0101 las\u012bt\u0101k\u0101s b\u0113rnu un jaunie\u0161u gr\u0101matas Saulkrastu novada bibliot\u0113k\u0101!<\/h2>\n\n\n\n<figure class=\"wp-block-image size-large is-resized\"><img loading=\"lazy\" decoding=\"async\" src=\"https:\/\/saulkrastubiblioteka.lv\/wp-content\/uploads\/2023\/01\/berni1-1024x502.png\" alt=\"\" class=\"wp-image-7790\" width=\"562\" height=\"274\"\/><\/figure>\n\n\n\n<ol class=\"wp-block-list\" type=\"1\"><li>Marks Uve Klings. \u201cDiena, kad ome salauza internetu\u201d<\/li><li>Tina O\u017eevi\u010da. \u201cKo dara j\u016btas?\u201d<\/li><li>Tereza Sediva. \u201cKurmis melni balt\u0101 al\u0101\u201d<\/li><li>Am\u0113lija \u017davo. \u201cMana negant\u0101 diena\u201d<\/li><li>Deivs Pilkijs. \u201cDogmens uzdarbojas\u201d<\/li><li>Laura Vinogradova. \u201cT\u0113tis un suns\u201d<\/li><li>\u201cKurbads\u201d<\/li><li>\u017danete Lazdovska. \u201cNeatskaties\u201d<\/li><li>Juris Zvirgzdi\u0146\u0161. \u201cRij\u012bg\u0101 \u010d\u016bska un gudr\u0101 pele\u201d<\/li><li>Rebeka Luko\u0161us. \u201cNepaklaus\u012bgais vect\u0113vs\u201d<\/li><\/ol>\n\n\n\n<h2 class=\"wp-block-heading\"><strong>2021. gad\u0101 las\u012bt\u0101k\u0101s b\u0113rnu un jaunie\u0161u gr\u0101matas Saulkrastu novada bibliot\u0113k\u0101!<\/strong><\/h2>\n\n\n\n<figure class=\"wp-block-image size-large is-resized\"><img loading=\"lazy\" decoding=\"async\" src=\"https:\/\/saulkrastubiblioteka.lv\/wp-content\/uploads\/2023\/01\/bernugr-1024x592.png\" alt=\"\" class=\"wp-image-7799\" width=\"585\" height=\"338\" srcset=\"https:\/\/saulkrastubiblioteka.lv\/wp-content\/uploads\/2023\/01\/bernugr-1024x592.png 1024w, https:\/\/saulkrastubiblioteka.lv\/wp-content\/uploads\/2023\/01\/bernugr-300x174.png 300w, https:\/\/saulkrastubiblioteka.lv\/wp-content\/uploads\/2023\/01\/bernugr-768x444.png 768w, https:\/\/saulkrastubiblioteka.lv\/wp-content\/uploads\/2023\/01\/bernugr.png 1153w\" sizes=\"auto, (max-width: 585px) 85vw, 585px\" \/><\/figure>\n\n\n\n<ol class=\"wp-block-list\" type=\"1\"><li>Mika Kerenens <a href=\"https:\/\/salaspils.biblioteka.lv\/Alise\/lv\/7\/book.aspx?id=251793&amp;ident=1393801\">\u201cArmando\u201d<\/a><\/li><li>Ieva Melgalve <a href=\"https:\/\/salaspils.biblioteka.lv\/Alise\/lv\/7\/book.aspx?id=257694&amp;ident=1395710\">\u201cEm\u012b un R\u016b. Robota sirds\u201d<\/a><\/li><li>L\u016bkass Hartmanis &nbsp;<a href=\"https:\/\/salaspils.biblioteka.lv\/Alise\/lv\/7\/book.aspx?id=249502&amp;ident=1392511\">\u201cTik gar\u0161 deguns\u201d<\/a><\/li><li>Halina Vdovi\u010denko <a href=\"https:\/\/salaspils.biblioteka.lv\/Alise\/lv\/7\/book.aspx?id=253074&amp;ident=1394084\">\u201c36 un 6 ka\u0137i\u201d<\/a><\/li><li>S\u0101ra Penip\u0101rkere &nbsp;<a href=\"https:\/\/salaspils.biblioteka.lv\/Alise\/lv\/7\/book.aspx?id=248179&amp;ident=1392185\">\u201cPakss\u201d<\/a><\/li><li>Pireta Rauda <a href=\"https:\/\/salaspils.biblioteka.lv\/Alise\/lv\/7\/book.aspx?id=248203&amp;ident=1392209\">\u201cK\u0101 izgl\u0101bt maz\u012bti\u0146o mammu\u201d<\/a><\/li><li>Petri Tamminens <a href=\"https:\/\/salaspils.biblioteka.lv\/Alise\/lv\/7\/book.aspx?id=260645&amp;ident=1396662\">\u201cK\u0101 sagaid\u012bt citplan\u0113tieti\u201d<\/a><\/li><li>D\u017e. K. Roulinga <a href=\"https:\/\/salaspils.biblioteka.lv\/Alise\/lv\/7\/book.aspx?id=225236&amp;ident=1389185\">\u201cHarijs Poters un Azkabanas g\u016bsteknis\u201d<\/a><\/li><li>D\u017e. K. Roulinga <a href=\"https:\/\/salaspils.biblioteka.lv\/Alise\/lv\/7\/book.aspx?id=223628&amp;ident=1388576\">\u201cHarijs Poters un Nosl\u0113pumu kambaris\u201d<\/a><\/li><li>D\u017e. K. Roulinga <a href=\"https:\/\/salaspils.biblioteka.lv\/Alise\/lv\/7\/book.aspx?id=217547&amp;ident=1387484\">\u201cHarijs Poters un Filozofu akmens\u201d<\/a><\/li><\/ol>\n","protected":false},"excerpt":{"rendered":"<p>2022. gad\u0101 las\u012bt\u0101k\u0101s b\u0113rnu un jaunie\u0161u gr\u0101matas Saulkrastu novada bibliot\u0113k\u0101! Marks Uve Klings. \u201cDiena, kad ome salauza internetu\u201d Tina O\u017eevi\u010da. \u201cKo dara j\u016btas?\u201d Tereza Sediva. \u201cKurmis melni balt\u0101 al\u0101\u201d Am\u0113lija \u017davo. \u201cMana negant\u0101 diena\u201d Deivs Pilkijs. \u201cDogmens uzdarbojas\u201d Laura Vinogradova. \u201cT\u0113tis un suns\u201d \u201cKurbads\u201d \u017danete Lazdovska. \u201cNeatskaties\u201d Juris Zvirgzdi\u0146\u0161. \u201cRij\u012bg\u0101 \u010d\u016bska un gudr\u0101 pele\u201d Rebeka &hellip; <a href=\"https:\/\/saulkrastubiblioteka.lv\/index.php\/bernu-lasitako-gramatu-top10-2022-gada-janvari\/\" class=\"more-link\">Turpin\u0101t las\u012bt<span class=\"screen-reader-text\"> &#8220;B\u0113rnu las\u012bt\u0101ko gr\u0101matu TOP 10&#8221;<\/span><\/a><\/p>\n","protected":false},"author":1,"featured_media":0,"parent":0,"menu_order":0,"comment_status":"closed","ping_status":"closed","template":"","meta":{"footnotes":""},"class_list":["post-6641","page","type-page","status-publish","hentry"],"yoast_head":"<!-- This site is optimized with the Yoast SEO plugin v24.2 - https:\/\/yoast.com\/wordpress\/plugins\/seo\/ -->\n<title>B\u0113rnu las\u012bt\u0101ko gr\u0101matu TOP 10 - Saulkrastu novada bibliot\u0113ka<\/title>\n<meta name=\"robots\" content=\"index, follow, max-snippet:-1, max-image-preview:large, max-video-preview:-1\" \/>\n<link rel=\"canonical\" href=\"https:\/\/saulkrastubiblioteka.lv\/index.php\/bernu-lasitako-gramatu-top10-2022-gada-janvari\/\" \/>\n<meta property=\"og:locale\" content=\"lv_LV\" \/>\n<meta property=\"og:type\" content=\"article\" \/>\n<meta property=\"og:title\" content=\"B\u0113rnu las\u012bt\u0101ko gr\u0101matu TOP 10 - Saulkrastu novada bibliot\u0113ka\" \/>\n<meta property=\"og:description\" content=\"2022. gad\u0101 las\u012bt\u0101k\u0101s b\u0113rnu un jaunie\u0161u gr\u0101matas Saulkrastu novada bibliot\u0113k\u0101! Marks Uve Klings. \u201cDiena, kad ome salauza internetu\u201d Tina O\u017eevi\u010da. \u201cKo dara j\u016btas?\u201d Tereza Sediva. \u201cKurmis melni balt\u0101 al\u0101\u201d Am\u0113lija \u017davo. \u201cMana negant\u0101 diena\u201d Deivs Pilkijs. \u201cDogmens uzdarbojas\u201d Laura Vinogradova. \u201cT\u0113tis un suns\u201d \u201cKurbads\u201d \u017danete Lazdovska. \u201cNeatskaties\u201d Juris Zvirgzdi\u0146\u0161. \u201cRij\u012bg\u0101 \u010d\u016bska un gudr\u0101 pele\u201d Rebeka &hellip; Turpin\u0101t las\u012bt &quot;B\u0113rnu las\u012bt\u0101ko gr\u0101matu TOP 10&quot;\" \/>\n<meta property=\"og:url\" content=\"https:\/\/saulkrastubiblioteka.lv\/index.php\/bernu-lasitako-gramatu-top10-2022-gada-janvari\/\" \/>\n<meta property=\"og:site_name\" content=\"Saulkrastu novada bibliot\u0113ka\" \/>\n<meta property=\"article:modified_time\" content=\"2023-01-04T10:50:25+00:00\" \/>\n<meta property=\"og:image\" content=\"https:\/\/saulkrastubiblioteka.lv\/wp-content\/uploads\/2023\/01\/berni1-1024x502.png\" \/>\n<meta name=\"twitter:card\" content=\"summary_large_image\" \/>\n<meta name=\"twitter:label1\" content=\"Est. reading time\" \/>\n\t<meta name=\"twitter:data1\" content=\"1 min\u016bte\" \/>\n<script type=\"application\/ld+json\" class=\"yoast-schema-graph\">{\"@context\":\"https:\/\/schema.org\",\"@graph\":[{\"@type\":\"WebPage\",\"@id\":\"https:\/\/saulkrastubiblioteka.lv\/index.php\/bernu-lasitako-gramatu-top10-2022-gada-janvari\/\",\"url\":\"https:\/\/saulkrastubiblioteka.lv\/index.php\/bernu-lasitako-gramatu-top10-2022-gada-janvari\/\",\"name\":\"B\u0113rnu las\u012bt\u0101ko gr\u0101matu TOP 10 - Saulkrastu novada bibliot\u0113ka\",\"isPartOf\":{\"@id\":\"https:\/\/saulkrastubiblioteka.lv\/#website\"},\"primaryImageOfPage\":{\"@id\":\"https:\/\/saulkrastubiblioteka.lv\/index.php\/bernu-lasitako-gramatu-top10-2022-gada-janvari\/#primaryimage\"},\"image\":{\"@id\":\"https:\/\/saulkrastubiblioteka.lv\/index.php\/bernu-lasitako-gramatu-top10-2022-gada-janvari\/#primaryimage\"},\"thumbnailUrl\":\"https:\/\/saulkrastubiblioteka.lv\/wp-content\/uploads\/2023\/01\/berni1-1024x502.png\",\"datePublished\":\"2022-02-17T11:48:27+00:00\",\"dateModified\":\"2023-01-04T10:50:25+00:00\",\"breadcrumb\":{\"@id\":\"https:\/\/saulkrastubiblioteka.lv\/index.php\/bernu-lasitako-gramatu-top10-2022-gada-janvari\/#breadcrumb\"},\"inLanguage\":\"lv-LV\",\"potentialAction\":[{\"@type\":\"ReadAction\",\"target\":[\"https:\/\/saulkrastubiblioteka.lv\/index.php\/bernu-lasitako-gramatu-top10-2022-gada-janvari\/\"]}]},{\"@type\":\"ImageObject\",\"inLanguage\":\"lv-LV\",\"@id\":\"https:\/\/saulkrastubiblioteka.lv\/index.php\/bernu-lasitako-gramatu-top10-2022-gada-janvari\/#primaryimage\",\"url\":\"https:\/\/saulkrastubiblioteka.lv\/wp-content\/uploads\/2023\/01\/berni1.png\",\"contentUrl\":\"https:\/\/saulkrastubiblioteka.lv\/wp-content\/uploads\/2023\/01\/berni1.png\",\"width\":1413,\"height\":693},{\"@type\":\"BreadcrumbList\",\"@id\":\"https:\/\/saulkrastubiblioteka.lv\/index.php\/bernu-lasitako-gramatu-top10-2022-gada-janvari\/#breadcrumb\",\"itemListElement\":[{\"@type\":\"ListItem\",\"position\":1,\"name\":\"Home\",\"item\":\"https:\/\/saulkrastubiblioteka.lv\/\"},{\"@type\":\"ListItem\",\"position\":2,\"name\":\"B\u0113rnu las\u012bt\u0101ko gr\u0101matu TOP 10\"}]},{\"@type\":\"WebSite\",\"@id\":\"https:\/\/saulkrastubiblioteka.lv\/#website\",\"url\":\"https:\/\/saulkrastubiblioteka.lv\/\",\"name\":\"Saulkrastu novada bibliot\u0113ka\",\"description\":\"Vieta, kur labi pavad\u012bt laiku un pab\u016bt mier\u0101\",\"publisher\":{\"@id\":\"https:\/\/saulkrastubiblioteka.lv\/#organization\"},\"potentialAction\":[{\"@type\":\"SearchAction\",\"target\":{\"@type\":\"EntryPoint\",\"urlTemplate\":\"https:\/\/saulkrastubiblioteka.lv\/?s={search_term_string}\"},\"query-input\":{\"@type\":\"PropertyValueSpecification\",\"valueRequired\":true,\"valueName\":\"search_term_string\"}}],\"inLanguage\":\"lv-LV\"},{\"@type\":\"Organization\",\"@id\":\"https:\/\/saulkrastubiblioteka.lv\/#organization\",\"name\":\"Saulkrastu novada bibliot\u0113ka\",\"url\":\"https:\/\/saulkrastubiblioteka.lv\/\",\"logo\":{\"@type\":\"ImageObject\",\"inLanguage\":\"lv-LV\",\"@id\":\"https:\/\/saulkrastubiblioteka.lv\/#\/schema\/logo\/image\/\",\"url\":\"https:\/\/saulkrastubiblioteka.lv\/wp-content\/uploads\/2021\/01\/cropped-logo.png\",\"contentUrl\":\"https:\/\/saulkrastubiblioteka.lv\/wp-content\/uploads\/2021\/01\/cropped-logo.png\",\"width\":240,\"height\":240,\"caption\":\"Saulkrastu novada bibliot\u0113ka\"},\"image\":{\"@id\":\"https:\/\/saulkrastubiblioteka.lv\/#\/schema\/logo\/image\/\"}}]}<\/script>\n<!-- \/ Yoast SEO plugin. -->","yoast_head_json":{"title":"B\u0113rnu las\u012bt\u0101ko gr\u0101matu TOP 10 - Saulkrastu novada bibliot\u0113ka","robots":{"index":"index","follow":"follow","max-snippet":"max-snippet:-1","max-image-preview":"max-image-preview:large","max-video-preview":"max-video-preview:-1"},"canonical":"https:\/\/saulkrastubiblioteka.lv\/index.php\/bernu-lasitako-gramatu-top10-2022-gada-janvari\/","og_locale":"lv_LV","og_type":"article","og_title":"B\u0113rnu las\u012bt\u0101ko gr\u0101matu TOP 10 - Saulkrastu novada bibliot\u0113ka","og_description":"2022. gad\u0101 las\u012bt\u0101k\u0101s b\u0113rnu un jaunie\u0161u gr\u0101matas Saulkrastu novada bibliot\u0113k\u0101! Marks Uve Klings. \u201cDiena, kad ome salauza internetu\u201d Tina O\u017eevi\u010da. \u201cKo dara j\u016btas?\u201d Tereza Sediva. \u201cKurmis melni balt\u0101 al\u0101\u201d Am\u0113lija \u017davo. \u201cMana negant\u0101 diena\u201d Deivs Pilkijs. \u201cDogmens uzdarbojas\u201d Laura Vinogradova. \u201cT\u0113tis un suns\u201d \u201cKurbads\u201d \u017danete Lazdovska. \u201cNeatskaties\u201d Juris Zvirgzdi\u0146\u0161. \u201cRij\u012bg\u0101 \u010d\u016bska un gudr\u0101 pele\u201d Rebeka &hellip; Turpin\u0101t las\u012bt \"B\u0113rnu las\u012bt\u0101ko gr\u0101matu TOP 10\"","og_url":"https:\/\/saulkrastubiblioteka.lv\/index.php\/bernu-lasitako-gramatu-top10-2022-gada-janvari\/","og_site_name":"Saulkrastu novada bibliot\u0113ka","article_modified_time":"2023-01-04T10:50:25+00:00","og_image":[{"url":"https:\/\/saulkrastubiblioteka.lv\/wp-content\/uploads\/2023\/01\/berni1-1024x502.png","type":"","width":"","height":""}],"twitter_card":"summary_large_image","twitter_misc":{"Est. reading time":"1 min\u016bte"},"schema":{"@context":"https:\/\/schema.org","@graph":[{"@type":"WebPage","@id":"https:\/\/saulkrastubiblioteka.lv\/index.php\/bernu-lasitako-gramatu-top10-2022-gada-janvari\/","url":"https:\/\/saulkrastubiblioteka.lv\/index.php\/bernu-lasitako-gramatu-top10-2022-gada-janvari\/","name":"B\u0113rnu las\u012bt\u0101ko gr\u0101matu TOP 10 - Saulkrastu novada bibliot\u0113ka","isPartOf":{"@id":"https:\/\/saulkrastubiblioteka.lv\/#website"},"primaryImageOfPage":{"@id":"https:\/\/saulkrastubiblioteka.lv\/index.php\/bernu-lasitako-gramatu-top10-2022-gada-janvari\/#primaryimage"},"image":{"@id":"https:\/\/saulkrastubiblioteka.lv\/index.php\/bernu-lasitako-gramatu-top10-2022-gada-janvari\/#primaryimage"},"thumbnailUrl":"https:\/\/saulkrastubiblioteka.lv\/wp-content\/uploads\/2023\/01\/berni1-1024x502.png","datePublished":"2022-02-17T11:48:27+00:00","dateModified":"2023-01-04T10:50:25+00:00","breadcrumb":{"@id":"https:\/\/saulkrastubiblioteka.lv\/index.php\/bernu-lasitako-gramatu-top10-2022-gada-janvari\/#breadcrumb"},"inLanguage":"lv-LV","potentialAction":[{"@type":"ReadAction","target":["https:\/\/saulkrastubiblioteka.lv\/index.php\/bernu-lasitako-gramatu-top10-2022-gada-janvari\/"]}]},{"@type":"ImageObject","inLanguage":"lv-LV","@id":"https:\/\/saulkrastubiblioteka.lv\/index.php\/bernu-lasitako-gramatu-top10-2022-gada-janvari\/#primaryimage","url":"https:\/\/saulkrastubiblioteka.lv\/wp-content\/uploads\/2023\/01\/berni1.png","contentUrl":"https:\/\/saulkrastubiblioteka.lv\/wp-content\/uploads\/2023\/01\/berni1.png","width":1413,"height":693},{"@type":"BreadcrumbList","@id":"https:\/\/saulkrastubiblioteka.lv\/index.php\/bernu-lasitako-gramatu-top10-2022-gada-janvari\/#breadcrumb","itemListElement":[{"@type":"ListItem","position":1,"name":"Home","item":"https:\/\/saulkrastubiblioteka.lv\/"},{"@type":"ListItem","position":2,"name":"B\u0113rnu las\u012bt\u0101ko gr\u0101matu TOP 10"}]},{"@type":"WebSite","@id":"https:\/\/saulkrastubiblioteka.lv\/#website","url":"https:\/\/saulkrastubiblioteka.lv\/","name":"Saulkrastu novada bibliot\u0113ka","description":"Vieta, kur labi pavad\u012bt laiku un pab\u016bt mier\u0101","publisher":{"@id":"https:\/\/saulkrastubiblioteka.lv\/#organization"},"potentialAction":[{"@type":"SearchAction","target":{"@type":"EntryPoint","urlTemplate":"https:\/\/saulkrastubiblioteka.lv\/?s={search_term_string}"},"query-input":{"@type":"PropertyValueSpecification","valueRequired":true,"valueName":"search_term_string"}}],"inLanguage":"lv-LV"},{"@type":"Organization","@id":"https:\/\/saulkrastubiblioteka.lv\/#organization","name":"Saulkrastu novada bibliot\u0113ka","url":"https:\/\/saulkrastubiblioteka.lv\/","logo":{"@type":"ImageObject","inLanguage":"lv-LV","@id":"https:\/\/saulkrastubiblioteka.lv\/#\/schema\/logo\/image\/","url":"https:\/\/saulkrastubiblioteka.lv\/wp-content\/uploads\/2021\/01\/cropped-logo.png","contentUrl":"https:\/\/saulkrastubiblioteka.lv\/wp-content\/uploads\/2021\/01\/cropped-logo.png","width":240,"height":240,"caption":"Saulkrastu novada bibliot\u0113ka"},"image":{"@id":"https:\/\/saulkrastubiblioteka.lv\/#\/schema\/logo\/image\/"}}]}},"_links":{"self":[{"href":"https:\/\/saulkrastubiblioteka.lv\/index.php\/wp-json\/wp\/v2\/pages\/6641","targetHints":{"allow":["GET"]}}],"collection":[{"href":"https:\/\/saulkrastubiblioteka.lv\/index.php\/wp-json\/wp\/v2\/pages"}],"about":[{"href":"https:\/\/saulkrastubiblioteka.lv\/index.php\/wp-json\/wp\/v2\/types\/page"}],"author":[{"embeddable":true,"href":"https:\/\/saulkrastubiblioteka.lv\/index.php\/wp-json\/wp\/v2\/users\/1"}],"replies":[{"embeddable":true,"href":"https:\/\/saulkrastubiblioteka.lv\/index.php\/wp-json\/wp\/v2\/comments?post=6641"}],"version-history":[{"count":8,"href":"https:\/\/saulkrastubiblioteka.lv\/index.php\/wp-json\/wp\/v2\/pages\/6641\/revisions"}],"predecessor-version":[{"id":7803,"href":"https:\/\/saulkrastubiblioteka.lv\/index.php\/wp-json\/wp\/v2\/pages\/6641\/revisions\/7803"}],"wp:attachment":[{"href":"https:\/\/saulkrastubiblioteka.lv\/index.php\/wp-json\/wp\/v2\/media?parent=6641"}],"curies":[{"name":"wp","href":"https:\/\/api.w.org\/{rel}","templated":true}]}}