{"id":6633,"date":"2022-02-17T11:35:52","date_gmt":"2022-02-17T11:35:52","guid":{"rendered":"https:\/\/saulkrastubiblioteka.lv\/?page_id=6633"},"modified":"2025-08-28T07:04:51","modified_gmt":"2025-08-28T07:04:51","slug":"audiogramatas-biblioteka","status":"publish","type":"page","link":"https:\/\/saulkrastubiblioteka.lv\/index.php\/audiogramatas-biblioteka\/","title":{"rendered":"Audiogr\u0101matas Saulkrastu novada bibliot\u0113k\u0101"},"content":{"rendered":"\n<ul class=\"wp-block-list\">\n<li><a href=\"https:\/\/salaspils.biblioteka.lv\/AlisePAC\/Details?title=Akas%2Bm%25c4%2581ja%2B&amp;Id=83590&amp;Ident=1329636&amp;InstanceId=23&amp;LibraryId=0\">Akas m\u0101ja \/ <strong>Inga \u0100bele<\/strong><\/a><\/li>\n\n\n\n<li><a href=\"https:\/\/salaspils.biblioteka.lv\/AlisePAC\/Details?title=%25c4%2580da%2B&amp;Id=101020&amp;Ident=1346920&amp;InstanceId=23&amp;LibraryId=0\">\u0100da \/ <strong>Inga Gaile<\/strong><\/a><\/li>\n\n\n\n<li><a href=\"https:\/\/salaspils.biblioteka.lv\/AlisePAC\/Details?title=Dom%25c4%2581s%2Bpar%2BTevi%2B&amp;Id=87758&amp;Ident=1333759&amp;InstanceId=23&amp;LibraryId=0\">Dom\u0101s par Tevi \/ <strong>Aleksandrs \u010caks<\/strong><\/a><\/li>\n\n\n\n<li><a href=\"https:\/\/salaspils.biblioteka.lv\/AlisePAC\/Details?title=Es%2Bp%25c4%2593k%25c5%25a1%25c5%2586i%2Batmodos%2Bno%2Bdzi%25c4%25bca%2Bmiega%2B&amp;Id=47413&amp;Ident=1313652&amp;InstanceId=23&amp;LibraryId=0\">Es p\u0113k\u0161\u0146i atmodos no dzi\u013ca miega \/ <strong>Li\u0101na Langa<\/strong><\/a><\/li>\n\n\n\n<li><a href=\"https:\/\/salaspils.biblioteka.lv\/AlisePAC\/Details?title=G%25c5%25abtenmorgens%2B&amp;Id=92446&amp;Ident=1338424&amp;InstanceId=23&amp;LibraryId=0\">G\u016btenmorgens \/<strong> M\u0101ris B\u0113rzi\u0146\u0161<\/strong><\/a><\/li>\n\n\n\n<li><a href=\"https:\/\/salaspils.biblioteka.lv\/AlisePAC\/Details?title=Iesien%2Bbalt%25c4%2581%2Blakati%25c5%2586%25c4%2581%2B&amp;Id=43317&amp;Ident=1308658&amp;InstanceId=23&amp;LibraryId=0\">Iesien balt\u0101 lakati\u0146\u0101 \/ <strong>Knuts Skujenieks<\/strong><\/a><\/li>\n\n\n\n<li><a href=\"https:\/\/salaspils.biblioteka.lv\/AlisePAC\/Details?title=Iz%25c5%2586emts%2Bno%2Bskolas%2B&amp;Id=101023&amp;Ident=1346923&amp;InstanceId=23&amp;LibraryId=0\">Iz\u0146emts no skolas \/ <strong>Uldis B\u0113rzi\u0146\u0161<\/strong> &nbsp;<\/a><\/li>\n\n\n\n<li><a href=\"https:\/\/salaspils.biblioteka.lv\/AlisePAC\/Details?title=Janis%2BRozent%25c4%2581ls.%2BBez%2Bv%25c4%2581rdiem.%2BLatvijas%2Bneatkar%25c4%25abg%25c4%2581s&amp;Id=159658&amp;Ident=1371533&amp;InstanceId=23&amp;LibraryId=0\">Janis Rozent\u0101ls. Bez v\u0101rdiem<\/a><\/li>\n\n\n\n<li><a href=\"https:\/\/salaspils.biblioteka.lv\/AlisePAC\/Details?title=Kl%25c5%25abgu%2Bm%25c5%25abks%2B&amp;Id=168338&amp;Ident=1376219&amp;InstanceId=23&amp;LibraryId=0\">Kl\u016bgu m\u016bks \/ <strong>Inga \u0100bele<\/strong><\/a><\/li>\n\n\n\n<li><a href=\"https:\/\/salaspils.biblioteka.lv\/AlisePAC\/Details?title=Dzejaslode.%2BKr%25c4%2581sas.%2B%255bsadarb%25c4%25abbas%2Bdzejas%2Baudiovizu%25c4%2581l&amp;Id=90814&amp;Ident=1336799&amp;InstanceId=23&amp;LibraryId=0\">Kr\u0101sas \/ <strong>Dzejaslode<\/strong><\/a><\/li>\n\n\n\n<li><a href=\"https:\/\/salaspils.biblioteka.lv\/AlisePAC\/Details?title=(Divas)%2Bpuses.%2BLatvie%25c5%25a1u%2Bkara%2Bst%25c4%2581sti.%2BOtrais%2Bpasaul&amp;Id=86876&amp;Ident=1332879&amp;InstanceId=23&amp;LibraryId=0\">Latvie\u0161u kara st\u0101sti \/ <strong>(Divas) puses<\/strong><\/a><\/li>\n\n\n\n<li><a href=\"https:\/\/salaspils.biblioteka.lv\/AlisePAC\/Details?title=Melns-sarkans-zelts...%2B&amp;Id=41069&amp;Ident=1305608&amp;InstanceId=23&amp;LibraryId=0\">Melns-sarkans-zelts&#8230; \/ <strong>Vizma Bel\u0161evica<\/strong><\/a><\/li>\n\n\n\n<li><a href=\"https:\/\/salaspils.biblioteka.lv\/AlisePAC\/Details?title=Noveles%2B&amp;Id=28856&amp;Ident=1289025&amp;InstanceId=23&amp;LibraryId=0\">Noveles \/ <strong>J\u0101nis Ezeri\u0146\u0161<\/strong><\/a><\/li>\n\n\n\n<li><a href=\"https:\/\/salaspils.biblioteka.lv\/AlisePAC\/Details?title=Pietuvoties%2Bv%25c4%2581rdiem%2B&amp;Id=33829&amp;Ident=1295429&amp;InstanceId=23&amp;LibraryId=0\">Pietuvoties v\u0101rdiem \/ <strong>Velta Sni\u0137ere<\/strong><\/a><\/li>\n\n\n\n<li><a href=\"https:\/\/salaspils.biblioteka.lv\/AlisePAC\/Details?title=Pret%25c4%2593j%25c4%25abbas.%2Bori%25c4%25a3in%25c4%2581ldziesmu%2Bizlase%2Bar%2B5%2BAspazijas%2B&amp;Id=159659&amp;Ident=1371534&amp;InstanceId=23&amp;LibraryId=0\">Pret\u0113j\u012bbas<\/a><\/li>\n\n\n\n<li><a href=\"https:\/\/salaspils.biblioteka.lv\/AlisePAC\/Details?title=Sarkanie%2Bb%25c4%2593rni%2B&amp;Id=95408&amp;Ident=1341373&amp;InstanceId=23&amp;LibraryId=\">Sarkanie b\u0113rni \/<strong> Inga \u017dolude<\/strong><\/a><\/li>\n\n\n\n<li><a href=\"https:\/\/salaspils.biblioteka.lv\/AlisePAC\/Details?title=Septi%25c5%2586i%2Bst%25c4%2581sti%2Bpar%2Bm%25c4%25ablu%2B&amp;Id=32022&amp;Ident=1293126&amp;InstanceId=23&amp;LibraryId=0\">Septi\u0146i st\u0101sti par m\u012blu \/ <strong>Gundega Rep\u0161e<\/strong><\/a><\/li>\n\n\n\n<li><a href=\"https:\/\/salaspils.biblioteka.lv\/AlisePAC\/Details?title=Skaisti%2Bdziedi%2B&amp;Id=24462&amp;Ident=1282608&amp;InstanceId=23&amp;LibraryId=0\">Skaisti dziedi \/ <strong>Latvijas Radio koris<\/strong><\/a><\/li>\n\n\n\n<li><a href=\"https:\/\/salaspils.biblioteka.lv\/AlisePAC\/Details?title=Stroika%2Bar%2Bskatu%2Buz%2BLondonu%2B&amp;Id=75651&amp;Ident=1321756&amp;InstanceId=23&amp;LibraryId=0\">Stroika ar skatu uz Londonu \/ <strong>Vilis L\u0101c\u012btis<\/strong><\/a><\/li>\n\n\n\n<li><a href=\"https:\/\/salaspils.biblioteka.lv\/AlisePAC\/Details?title=Tik%2Btuvu%2Btev...%2B&amp;Id=53421&amp;Ident=1320657&amp;InstanceId=23&amp;LibraryId=0\">Tik tuvu tev&#8230; \/ <strong>Sarma Upesleja<\/strong><\/a><\/li>\n<\/ul>\n\n\n\n<p><\/p>\n","protected":false},"excerpt":{"rendered":"","protected":false},"author":1,"featured_media":0,"parent":0,"menu_order":0,"comment_status":"closed","ping_status":"closed","template":"","meta":{"footnotes":""},"class_list":["post-6633","page","type-page","status-publish","hentry"],"yoast_head":"<!-- This site is optimized with the Yoast SEO plugin v24.2 - https:\/\/yoast.com\/wordpress\/plugins\/seo\/ -->\n<title>Audiogr\u0101matas Saulkrastu novada bibliot\u0113k\u0101 - Saulkrastu novada bibliot\u0113ka<\/title>\n<meta name=\"robots\" content=\"index, follow, max-snippet:-1, max-image-preview:large, max-video-preview:-1\" \/>\n<link rel=\"canonical\" href=\"https:\/\/saulkrastubiblioteka.lv\/index.php\/audiogramatas-biblioteka\/\" \/>\n<meta property=\"og:locale\" content=\"lv_LV\" \/>\n<meta property=\"og:type\" content=\"article\" \/>\n<meta property=\"og:title\" content=\"Audiogr\u0101matas Saulkrastu novada bibliot\u0113k\u0101 - Saulkrastu novada bibliot\u0113ka\" \/>\n<meta property=\"og:url\" content=\"https:\/\/saulkrastubiblioteka.lv\/index.php\/audiogramatas-biblioteka\/\" \/>\n<meta property=\"og:site_name\" content=\"Saulkrastu novada bibliot\u0113ka\" \/>\n<meta property=\"article:modified_time\" content=\"2025-08-28T07:04:51+00:00\" \/>\n<meta name=\"twitter:card\" content=\"summary_large_image\" \/>\n<meta name=\"twitter:label1\" content=\"Est. reading time\" \/>\n\t<meta name=\"twitter:data1\" content=\"1 min\u016bte\" \/>\n<script type=\"application\/ld+json\" class=\"yoast-schema-graph\">{\"@context\":\"https:\/\/schema.org\",\"@graph\":[{\"@type\":\"WebPage\",\"@id\":\"https:\/\/saulkrastubiblioteka.lv\/index.php\/audiogramatas-biblioteka\/\",\"url\":\"https:\/\/saulkrastubiblioteka.lv\/index.php\/audiogramatas-biblioteka\/\",\"name\":\"Audiogr\u0101matas Saulkrastu novada bibliot\u0113k\u0101 - Saulkrastu novada bibliot\u0113ka\",\"isPartOf\":{\"@id\":\"https:\/\/saulkrastubiblioteka.lv\/#website\"},\"datePublished\":\"2022-02-17T11:35:52+00:00\",\"dateModified\":\"2025-08-28T07:04:51+00:00\",\"breadcrumb\":{\"@id\":\"https:\/\/saulkrastubiblioteka.lv\/index.php\/audiogramatas-biblioteka\/#breadcrumb\"},\"inLanguage\":\"lv-LV\",\"potentialAction\":[{\"@type\":\"ReadAction\",\"target\":[\"https:\/\/saulkrastubiblioteka.lv\/index.php\/audiogramatas-biblioteka\/\"]}]},{\"@type\":\"BreadcrumbList\",\"@id\":\"https:\/\/saulkrastubiblioteka.lv\/index.php\/audiogramatas-biblioteka\/#breadcrumb\",\"itemListElement\":[{\"@type\":\"ListItem\",\"position\":1,\"name\":\"Home\",\"item\":\"https:\/\/saulkrastubiblioteka.lv\/\"},{\"@type\":\"ListItem\",\"position\":2,\"name\":\"Audiogr\u0101matas Saulkrastu novada bibliot\u0113k\u0101\"}]},{\"@type\":\"WebSite\",\"@id\":\"https:\/\/saulkrastubiblioteka.lv\/#website\",\"url\":\"https:\/\/saulkrastubiblioteka.lv\/\",\"name\":\"Saulkrastu novada bibliot\u0113ka\",\"description\":\"Vieta, kur labi pavad\u012bt laiku un pab\u016bt mier\u0101\",\"publisher\":{\"@id\":\"https:\/\/saulkrastubiblioteka.lv\/#organization\"},\"potentialAction\":[{\"@type\":\"SearchAction\",\"target\":{\"@type\":\"EntryPoint\",\"urlTemplate\":\"https:\/\/saulkrastubiblioteka.lv\/?s={search_term_string}\"},\"query-input\":{\"@type\":\"PropertyValueSpecification\",\"valueRequired\":true,\"valueName\":\"search_term_string\"}}],\"inLanguage\":\"lv-LV\"},{\"@type\":\"Organization\",\"@id\":\"https:\/\/saulkrastubiblioteka.lv\/#organization\",\"name\":\"Saulkrastu novada bibliot\u0113ka\",\"url\":\"https:\/\/saulkrastubiblioteka.lv\/\",\"logo\":{\"@type\":\"ImageObject\",\"inLanguage\":\"lv-LV\",\"@id\":\"https:\/\/saulkrastubiblioteka.lv\/#\/schema\/logo\/image\/\",\"url\":\"https:\/\/saulkrastubiblioteka.lv\/wp-content\/uploads\/2021\/01\/cropped-logo.png\",\"contentUrl\":\"https:\/\/saulkrastubiblioteka.lv\/wp-content\/uploads\/2021\/01\/cropped-logo.png\",\"width\":240,\"height\":240,\"caption\":\"Saulkrastu novada bibliot\u0113ka\"},\"image\":{\"@id\":\"https:\/\/saulkrastubiblioteka.lv\/#\/schema\/logo\/image\/\"}}]}<\/script>\n<!-- \/ Yoast SEO plugin. -->","yoast_head_json":{"title":"Audiogr\u0101matas Saulkrastu novada bibliot\u0113k\u0101 - Saulkrastu novada bibliot\u0113ka","robots":{"index":"index","follow":"follow","max-snippet":"max-snippet:-1","max-image-preview":"max-image-preview:large","max-video-preview":"max-video-preview:-1"},"canonical":"https:\/\/saulkrastubiblioteka.lv\/index.php\/audiogramatas-biblioteka\/","og_locale":"lv_LV","og_type":"article","og_title":"Audiogr\u0101matas Saulkrastu novada bibliot\u0113k\u0101 - Saulkrastu novada bibliot\u0113ka","og_url":"https:\/\/saulkrastubiblioteka.lv\/index.php\/audiogramatas-biblioteka\/","og_site_name":"Saulkrastu novada bibliot\u0113ka","article_modified_time":"2025-08-28T07:04:51+00:00","twitter_card":"summary_large_image","twitter_misc":{"Est. reading time":"1 min\u016bte"},"schema":{"@context":"https:\/\/schema.org","@graph":[{"@type":"WebPage","@id":"https:\/\/saulkrastubiblioteka.lv\/index.php\/audiogramatas-biblioteka\/","url":"https:\/\/saulkrastubiblioteka.lv\/index.php\/audiogramatas-biblioteka\/","name":"Audiogr\u0101matas Saulkrastu novada bibliot\u0113k\u0101 - Saulkrastu novada bibliot\u0113ka","isPartOf":{"@id":"https:\/\/saulkrastubiblioteka.lv\/#website"},"datePublished":"2022-02-17T11:35:52+00:00","dateModified":"2025-08-28T07:04:51+00:00","breadcrumb":{"@id":"https:\/\/saulkrastubiblioteka.lv\/index.php\/audiogramatas-biblioteka\/#breadcrumb"},"inLanguage":"lv-LV","potentialAction":[{"@type":"ReadAction","target":["https:\/\/saulkrastubiblioteka.lv\/index.php\/audiogramatas-biblioteka\/"]}]},{"@type":"BreadcrumbList","@id":"https:\/\/saulkrastubiblioteka.lv\/index.php\/audiogramatas-biblioteka\/#breadcrumb","itemListElement":[{"@type":"ListItem","position":1,"name":"Home","item":"https:\/\/saulkrastubiblioteka.lv\/"},{"@type":"ListItem","position":2,"name":"Audiogr\u0101matas Saulkrastu novada bibliot\u0113k\u0101"}]},{"@type":"WebSite","@id":"https:\/\/saulkrastubiblioteka.lv\/#website","url":"https:\/\/saulkrastubiblioteka.lv\/","name":"Saulkrastu novada bibliot\u0113ka","description":"Vieta, kur labi pavad\u012bt laiku un pab\u016bt mier\u0101","publisher":{"@id":"https:\/\/saulkrastubiblioteka.lv\/#organization"},"potentialAction":[{"@type":"SearchAction","target":{"@type":"EntryPoint","urlTemplate":"https:\/\/saulkrastubiblioteka.lv\/?s={search_term_string}"},"query-input":{"@type":"PropertyValueSpecification","valueRequired":true,"valueName":"search_term_string"}}],"inLanguage":"lv-LV"},{"@type":"Organization","@id":"https:\/\/saulkrastubiblioteka.lv\/#organization","name":"Saulkrastu novada bibliot\u0113ka","url":"https:\/\/saulkrastubiblioteka.lv\/","logo":{"@type":"ImageObject","inLanguage":"lv-LV","@id":"https:\/\/saulkrastubiblioteka.lv\/#\/schema\/logo\/image\/","url":"https:\/\/saulkrastubiblioteka.lv\/wp-content\/uploads\/2021\/01\/cropped-logo.png","contentUrl":"https:\/\/saulkrastubiblioteka.lv\/wp-content\/uploads\/2021\/01\/cropped-logo.png","width":240,"height":240,"caption":"Saulkrastu novada bibliot\u0113ka"},"image":{"@id":"https:\/\/saulkrastubiblioteka.lv\/#\/schema\/logo\/image\/"}}]}},"_links":{"self":[{"href":"https:\/\/saulkrastubiblioteka.lv\/index.php\/wp-json\/wp\/v2\/pages\/6633","targetHints":{"allow":["GET"]}}],"collection":[{"href":"https:\/\/saulkrastubiblioteka.lv\/index.php\/wp-json\/wp\/v2\/pages"}],"about":[{"href":"https:\/\/saulkrastubiblioteka.lv\/index.php\/wp-json\/wp\/v2\/types\/page"}],"author":[{"embeddable":true,"href":"https:\/\/saulkrastubiblioteka.lv\/index.php\/wp-json\/wp\/v2\/users\/1"}],"replies":[{"embeddable":true,"href":"https:\/\/saulkrastubiblioteka.lv\/index.php\/wp-json\/wp\/v2\/comments?post=6633"}],"version-history":[{"count":7,"href":"https:\/\/saulkrastubiblioteka.lv\/index.php\/wp-json\/wp\/v2\/pages\/6633\/revisions"}],"predecessor-version":[{"id":9900,"href":"https:\/\/saulkrastubiblioteka.lv\/index.php\/wp-json\/wp\/v2\/pages\/6633\/revisions\/9900"}],"wp:attachment":[{"href":"https:\/\/saulkrastubiblioteka.lv\/index.php\/wp-json\/wp\/v2\/media?parent=6633"}],"curies":[{"name":"wp","href":"https:\/\/api.w.org\/{rel}","templated":true}]}}