{"id":6509,"date":"2022-02-10T08:40:59","date_gmt":"2022-02-10T08:40:59","guid":{"rendered":"https:\/\/saulkrastubiblioteka.lv\/?page_id=6509"},"modified":"2022-02-17T11:32:52","modified_gmt":"2022-02-17T11:32:52","slug":"gramatas-berniem","status":"publish","type":"page","link":"https:\/\/saulkrastubiblioteka.lv\/index.php\/gramatas-berniem\/","title":{"rendered":"Gr\u0101matas b\u0113rniem"},"content":{"rendered":"\n<p><strong><a href=\"https:\/\/salaspils.biblioteka.lv\/Alise\/lv\/7\/advancedsearch.aspx?crit0=fund&amp;op0=%3D&amp;val0=63&amp;bop1=AND&amp;crit1=news&amp;op1=%3D&amp;val1=30&amp;linkid1=0&amp;bop2=AND&amp;crit2=news&amp;op2=%3D&amp;val2=&amp;linkid2=0&amp;bop3=AND&amp;crit3=allf&amp;op3=%25LIKE%25&amp;val3=&amp;linkid3=0&amp;bop4=AND&amp;crit4=fund&amp;op4=%3D&amp;val4=&amp;bop5=AND&amp;crit5=lkey&amp;op5=%25LIKE%25&amp;val5=&amp;linkid5=0&amp;addCriteriaBop=AND\">Jaun\u0101k\u0101s gr\u0101matas b\u0113rniem<\/a><\/strong> Saulkrastu novada bibliot\u0113k\u0101<\/p>\n\n\n\n<ul class=\"wp-block-list\"><li><a href=\"https:\/\/salaspils.biblioteka.lv\/Alise\/lv\/7\/advancedsearch.aspx?crit0=fund&amp;op0=%3D&amp;val0=63&amp;bop1=AND&amp;crit1=thsb&amp;op1=%25LIKE%25&amp;val1=%C4%80beces&amp;linkid1=4359&amp;addCriteriaBop=AND\">\u0100beces<\/a><\/li><li><a href=\"https:\/\/salaspils.biblioteka.lv\/Alise\/lv\/7\/advancedsearch.aspx?crit0=fund&amp;op0=%3D&amp;val0=63&amp;bop1=AND&amp;crit1=thsb&amp;op1=%25LIKE%25&amp;val1=B%C4%93rnu+lugas%2C+latvie%C5%A1u&amp;linkid1=6351&amp;addCriteriaBop=AND\">B\u0113rnu lugas<\/a><\/li><li><a href=\"https:\/\/salaspils.biblioteka.lv\/Alise\/lv\/7\/advancedsearch.aspx?crit0=thsb&amp;op0=%25LIKE%25&amp;val0=Dabas+aizsardz%C4%ABba&amp;linkid0=0&amp;bop1=AND&amp;crit1=fund&amp;op1=%3D&amp;val1=63&amp;addCriteriaBop=AND\">Dabas aizsardz\u012bba<\/a><\/li><li><a href=\"https:\/\/salaspils.biblioteka.lv\/Alise\/lv\/7\/advancedsearch.aspx?crit0=fund&amp;op0=%3D&amp;val0=63&amp;bop1=AND&amp;crit1=thsb&amp;op1=%25LIKE%25&amp;val1=Detekt%C4%ABvrom%C4%81ni&amp;linkid1=8295&amp;addCriteriaBop=AND\">Detekt\u012bvi<\/a><\/li><li><a href=\"https:\/\/salaspils.biblioteka.lv\/Alise\/lv\/7\/advancedsearch.aspx?crit0=fund&amp;op0=%3D&amp;val0=63&amp;bop1=AND&amp;crit1=thsb&amp;op1=%25LIKE%25&amp;val1=B%C4%93rnu+dzeja&amp;linkid1=7361&amp;addCriteriaBop=AND\">Dzeja<\/a><\/li><li><a href=\"https:\/\/salaspils.biblioteka.lv\/Alise\/lv\/7\/advancedsearch.aspx?crit0=fund&amp;op0=%3D&amp;val0=63&amp;bop1=AND&amp;crit1=thsb&amp;op1=%25LIKE%25&amp;val1=Dz%C4%ABvnieki+literat%C5%ABr%C4%81&amp;linkid1=7572&amp;addCriteriaBop=AND\">Dz\u012bvnieki literat\u016br\u0101 <\/a><\/li><li><a href=\"https:\/\/salaspils.biblioteka.lv\/Alise\/lv\/7\/advancedsearch.aspx?crit0=fund&amp;op0=%3D&amp;val0=63&amp;bop1=AND&amp;crit1=thsb&amp;op1=%25LIKE%25&amp;val1=Fantastisk%C4%81+proza&amp;linkid1=7207&amp;addCriteriaBop=AND\">Fantastika un fant\u0101zija<\/a><\/li><li><a href=\"https:\/\/salaspils.biblioteka.lv\/Alise\/lv\/7\/advancedsearch.aspx?crit0=thsb&amp;op0=%25LIKE%25&amp;val0=Augi&amp;linkid0=3239&amp;bop1=AND&amp;crit1=fund&amp;op1=%3D&amp;val1=63&amp;addCriteriaBop=AND\">Gr\u0101matas par augiem<\/a><\/li><li><a href=\"https:\/\/salaspils.biblioteka.lv\/Alise\/lv\/7\/advancedsearch.aspx?crit0=fund&amp;op0=%3D&amp;val0=63&amp;bop1=AND&amp;crit1=thsb&amp;op1=%25LIKE%25&amp;val1=Folklora%2C+latvie%C5%A1u&amp;linkid1=2568&amp;bop2=AND&amp;crit2=news&amp;op2=%3D&amp;val2=&amp;linkid2=0&amp;bop3=AND&amp;crit3=allf&amp;op3=%25LIKE%25&amp;val3=&amp;linkid3=0&amp;bop4=AND&amp;crit4=fund&amp;op4=%3D&amp;val4=&amp;bop5=AND&amp;crit5=lkey&amp;op5=%25LIKE%25&amp;val5=&amp;linkid5=0&amp;addCriteriaBop=AND\">Latvie\u0161u folklora<\/a><\/li><li><a href=\"https:\/\/salaspils.biblioteka.lv\/Alise\/lv\/7\/advancedsearch.aspx?crit0=fund&amp;op0=%3D&amp;val0=63&amp;bop1=AND&amp;crit1=thsb&amp;op1=%25LIKE%25&amp;val1=Liter%C4%81r%C4%81s+pasakas&amp;linkid1=2295&amp;bop2=AND&amp;crit2=news&amp;op2=%3D&amp;val2=&amp;linkid2=0&amp;bop3=AND&amp;crit3=allf&amp;op3=%25LIKE%25&amp;val3=&amp;linkid3=0&amp;bop4=AND&amp;crit4=fund&amp;op4=%3D&amp;val4=&amp;bop5=AND&amp;crit5=lkey&amp;op5=%25LIKE%25&amp;val5=&amp;linkid5=0&amp;addCriteriaBop=AND\">Liter\u0101r\u0101s pasakas<\/a><\/li><li><a href=\"https:\/\/salaspils.biblioteka.lv\/Alise\/lv\/7\/advancedsearch.aspx?crit0=fund&amp;op0=%3D&amp;val0=63&amp;bop1=AND&amp;crit1=val&amp;op1=%3D&amp;val1=eng&amp;addCriteriaBop=AND\">Literat\u016bra ang\u013cu valod\u0101<\/a><\/li><li><a href=\"https:\/\/salaspils.biblioteka.lv\/Alise\/lv\/7\/advancedsearch.aspx?crit0=fund&amp;op0=%3D&amp;val0=63&amp;bop1=AND&amp;crit1=val&amp;op1=%3D&amp;val1=rus&amp;addCriteriaBop=AND\">Literat\u016bra krievu valod\u0101<\/a><\/li><li><a href=\"https:\/\/salaspils.biblioteka.lv\/Alise\/lv\/7\/advancedsearch.aspx?crit0=fund&amp;op0=%3D&amp;val0=63&amp;bop1=AND&amp;crit1=thsb&amp;op1=%25LIKE%25&amp;val1=Piedz%C4%ABvojumu+st%C4%81sti&amp;linkid1=7280&amp;addCriteriaBop=AND\">Piedz\u012bvojumu literat\u016bra<\/a><\/li><li><a href=\"https:\/\/salaspils.biblioteka.lv\/Alise\/lv\/7\/advancedsearch.aspx?crit0=fund&amp;op0=%3D&amp;val0=63&amp;bop1=AND&amp;crit1=thsb&amp;op1=%25LIKE%25&amp;val1=Spoku+st%C4%81sti&amp;linkid1=20736&amp;addCriteriaBop=AND\">Spoku st\u0101sti<\/a><\/li><li><a href=\"https:\/\/salaspils.biblioteka.lv\/Alise\/lv\/7\/advancedsearch.aspx?crit0=thsb&amp;op0=%25LIKE%25&amp;val0=Ziemassv%C4%93tki&amp;linkid0=2653&amp;bop1=AND&amp;crit1=fund&amp;op1=%3D&amp;val1=63&amp;addCriteriaBop=AND\">Ziemassv\u0113tki<\/a><\/li><\/ul>\n\n\n\n<ul class=\"wp-block-list\"><li><a href=\"https:\/\/salaspils.biblioteka.lv\/Alise\/lv\/7\/advancedsearch.aspx?crit0=fund&amp;op0=%3D&amp;val0=63&amp;bop1=AND&amp;crit1=sftx&amp;op1=%3D&amp;val1=B&amp;linkid1=0&amp;addCriteriaBop=AND\">Pirmsskolas literat\u016bra<\/a><\/li><li><a href=\"https:\/\/salaspils.biblioteka.lv\/Alise\/lv\/7\/advancedsearch.aspx?crit0=fund&amp;op0=%3d&amp;val0=63&amp;bop1=AND&amp;crit1=sftx&amp;op1=%3d&amp;val1=J&amp;linkid1=0&amp;addCriteriaBop=AND&amp;page=1\">1.-4. klasei<\/a><\/li><li><a href=\"https:\/\/salaspils.biblioteka.lv\/Alise\/lv\/7\/advancedsearch.aspx?crit0=fund&amp;op0=%3D&amp;val0=63&amp;bop1=AND&amp;crit1=sftx&amp;op1=%3D&amp;val1=V&amp;linkid1=0&amp;addCriteriaBop=AND\">5.-9. klasei<\/a><\/li><li><a href=\"https:\/\/salaspils.biblioteka.lv\/Alise\/lv\/7\/advancedsearch.aspx?crit0=fund&amp;op0=%3d&amp;val0=63&amp;bop1=AND&amp;crit1=sftx&amp;op1=%3d&amp;val1=15%2b%2f821&amp;linkid1=&amp;addCriteriaBop=AND&amp;page=1\">15+<\/a><\/li><\/ul>\n","protected":false},"excerpt":{"rendered":"<p>Jaun\u0101k\u0101s gr\u0101matas b\u0113rniem Saulkrastu novada bibliot\u0113k\u0101 \u0100beces B\u0113rnu lugas Dabas aizsardz\u012bba Detekt\u012bvi Dzeja Dz\u012bvnieki literat\u016br\u0101 Fantastika un fant\u0101zija Gr\u0101matas par augiem Latvie\u0161u folklora Liter\u0101r\u0101s pasakas Literat\u016bra ang\u013cu valod\u0101 Literat\u016bra krievu valod\u0101 Piedz\u012bvojumu literat\u016bra Spoku st\u0101sti Ziemassv\u0113tki Pirmsskolas literat\u016bra 1.-4. klasei 5.-9. klasei 15+<\/p>\n","protected":false},"author":1,"featured_media":0,"parent":0,"menu_order":0,"comment_status":"closed","ping_status":"closed","template":"","meta":{"footnotes":""},"class_list":["post-6509","page","type-page","status-publish","hentry"],"yoast_head":"<!-- This site is optimized with the Yoast SEO plugin v24.2 - https:\/\/yoast.com\/wordpress\/plugins\/seo\/ -->\n<title>Gr\u0101matas b\u0113rniem - Saulkrastu novada bibliot\u0113ka<\/title>\n<meta name=\"robots\" content=\"index, follow, max-snippet:-1, max-image-preview:large, max-video-preview:-1\" \/>\n<link rel=\"canonical\" href=\"https:\/\/saulkrastubiblioteka.lv\/index.php\/gramatas-berniem\/\" \/>\n<meta property=\"og:locale\" content=\"lv_LV\" \/>\n<meta property=\"og:type\" content=\"article\" \/>\n<meta property=\"og:title\" content=\"Gr\u0101matas b\u0113rniem - Saulkrastu novada bibliot\u0113ka\" \/>\n<meta property=\"og:description\" content=\"Jaun\u0101k\u0101s gr\u0101matas b\u0113rniem Saulkrastu novada bibliot\u0113k\u0101 \u0100beces B\u0113rnu lugas Dabas aizsardz\u012bba Detekt\u012bvi Dzeja Dz\u012bvnieki literat\u016br\u0101 Fantastika un fant\u0101zija Gr\u0101matas par augiem Latvie\u0161u folklora Liter\u0101r\u0101s pasakas Literat\u016bra ang\u013cu valod\u0101 Literat\u016bra krievu valod\u0101 Piedz\u012bvojumu literat\u016bra Spoku st\u0101sti Ziemassv\u0113tki Pirmsskolas literat\u016bra 1.-4. klasei 5.-9. klasei 15+\" \/>\n<meta property=\"og:url\" content=\"https:\/\/saulkrastubiblioteka.lv\/index.php\/gramatas-berniem\/\" \/>\n<meta property=\"og:site_name\" content=\"Saulkrastu novada bibliot\u0113ka\" \/>\n<meta property=\"article:modified_time\" content=\"2022-02-17T11:32:52+00:00\" \/>\n<meta name=\"twitter:card\" content=\"summary_large_image\" \/>\n<script type=\"application\/ld+json\" class=\"yoast-schema-graph\">{\"@context\":\"https:\/\/schema.org\",\"@graph\":[{\"@type\":\"WebPage\",\"@id\":\"https:\/\/saulkrastubiblioteka.lv\/index.php\/gramatas-berniem\/\",\"url\":\"https:\/\/saulkrastubiblioteka.lv\/index.php\/gramatas-berniem\/\",\"name\":\"Gr\u0101matas b\u0113rniem - Saulkrastu novada bibliot\u0113ka\",\"isPartOf\":{\"@id\":\"https:\/\/saulkrastubiblioteka.lv\/#website\"},\"datePublished\":\"2022-02-10T08:40:59+00:00\",\"dateModified\":\"2022-02-17T11:32:52+00:00\",\"breadcrumb\":{\"@id\":\"https:\/\/saulkrastubiblioteka.lv\/index.php\/gramatas-berniem\/#breadcrumb\"},\"inLanguage\":\"lv-LV\",\"potentialAction\":[{\"@type\":\"ReadAction\",\"target\":[\"https:\/\/saulkrastubiblioteka.lv\/index.php\/gramatas-berniem\/\"]}]},{\"@type\":\"BreadcrumbList\",\"@id\":\"https:\/\/saulkrastubiblioteka.lv\/index.php\/gramatas-berniem\/#breadcrumb\",\"itemListElement\":[{\"@type\":\"ListItem\",\"position\":1,\"name\":\"Home\",\"item\":\"https:\/\/saulkrastubiblioteka.lv\/\"},{\"@type\":\"ListItem\",\"position\":2,\"name\":\"Gr\u0101matas b\u0113rniem\"}]},{\"@type\":\"WebSite\",\"@id\":\"https:\/\/saulkrastubiblioteka.lv\/#website\",\"url\":\"https:\/\/saulkrastubiblioteka.lv\/\",\"name\":\"Saulkrastu novada bibliot\u0113ka\",\"description\":\"Vieta, kur labi pavad\u012bt laiku un pab\u016bt mier\u0101\",\"publisher\":{\"@id\":\"https:\/\/saulkrastubiblioteka.lv\/#organization\"},\"potentialAction\":[{\"@type\":\"SearchAction\",\"target\":{\"@type\":\"EntryPoint\",\"urlTemplate\":\"https:\/\/saulkrastubiblioteka.lv\/?s={search_term_string}\"},\"query-input\":{\"@type\":\"PropertyValueSpecification\",\"valueRequired\":true,\"valueName\":\"search_term_string\"}}],\"inLanguage\":\"lv-LV\"},{\"@type\":\"Organization\",\"@id\":\"https:\/\/saulkrastubiblioteka.lv\/#organization\",\"name\":\"Saulkrastu novada bibliot\u0113ka\",\"url\":\"https:\/\/saulkrastubiblioteka.lv\/\",\"logo\":{\"@type\":\"ImageObject\",\"inLanguage\":\"lv-LV\",\"@id\":\"https:\/\/saulkrastubiblioteka.lv\/#\/schema\/logo\/image\/\",\"url\":\"https:\/\/saulkrastubiblioteka.lv\/wp-content\/uploads\/2021\/01\/cropped-logo.png\",\"contentUrl\":\"https:\/\/saulkrastubiblioteka.lv\/wp-content\/uploads\/2021\/01\/cropped-logo.png\",\"width\":240,\"height\":240,\"caption\":\"Saulkrastu novada bibliot\u0113ka\"},\"image\":{\"@id\":\"https:\/\/saulkrastubiblioteka.lv\/#\/schema\/logo\/image\/\"}}]}<\/script>\n<!-- \/ Yoast SEO plugin. -->","yoast_head_json":{"title":"Gr\u0101matas b\u0113rniem - Saulkrastu novada bibliot\u0113ka","robots":{"index":"index","follow":"follow","max-snippet":"max-snippet:-1","max-image-preview":"max-image-preview:large","max-video-preview":"max-video-preview:-1"},"canonical":"https:\/\/saulkrastubiblioteka.lv\/index.php\/gramatas-berniem\/","og_locale":"lv_LV","og_type":"article","og_title":"Gr\u0101matas b\u0113rniem - Saulkrastu novada bibliot\u0113ka","og_description":"Jaun\u0101k\u0101s gr\u0101matas b\u0113rniem Saulkrastu novada bibliot\u0113k\u0101 \u0100beces B\u0113rnu lugas Dabas aizsardz\u012bba Detekt\u012bvi Dzeja Dz\u012bvnieki literat\u016br\u0101 Fantastika un fant\u0101zija Gr\u0101matas par augiem Latvie\u0161u folklora Liter\u0101r\u0101s pasakas Literat\u016bra ang\u013cu valod\u0101 Literat\u016bra krievu valod\u0101 Piedz\u012bvojumu literat\u016bra Spoku st\u0101sti Ziemassv\u0113tki Pirmsskolas literat\u016bra 1.-4. klasei 5.-9. klasei 15+","og_url":"https:\/\/saulkrastubiblioteka.lv\/index.php\/gramatas-berniem\/","og_site_name":"Saulkrastu novada bibliot\u0113ka","article_modified_time":"2022-02-17T11:32:52+00:00","twitter_card":"summary_large_image","schema":{"@context":"https:\/\/schema.org","@graph":[{"@type":"WebPage","@id":"https:\/\/saulkrastubiblioteka.lv\/index.php\/gramatas-berniem\/","url":"https:\/\/saulkrastubiblioteka.lv\/index.php\/gramatas-berniem\/","name":"Gr\u0101matas b\u0113rniem - Saulkrastu novada bibliot\u0113ka","isPartOf":{"@id":"https:\/\/saulkrastubiblioteka.lv\/#website"},"datePublished":"2022-02-10T08:40:59+00:00","dateModified":"2022-02-17T11:32:52+00:00","breadcrumb":{"@id":"https:\/\/saulkrastubiblioteka.lv\/index.php\/gramatas-berniem\/#breadcrumb"},"inLanguage":"lv-LV","potentialAction":[{"@type":"ReadAction","target":["https:\/\/saulkrastubiblioteka.lv\/index.php\/gramatas-berniem\/"]}]},{"@type":"BreadcrumbList","@id":"https:\/\/saulkrastubiblioteka.lv\/index.php\/gramatas-berniem\/#breadcrumb","itemListElement":[{"@type":"ListItem","position":1,"name":"Home","item":"https:\/\/saulkrastubiblioteka.lv\/"},{"@type":"ListItem","position":2,"name":"Gr\u0101matas b\u0113rniem"}]},{"@type":"WebSite","@id":"https:\/\/saulkrastubiblioteka.lv\/#website","url":"https:\/\/saulkrastubiblioteka.lv\/","name":"Saulkrastu novada bibliot\u0113ka","description":"Vieta, kur labi pavad\u012bt laiku un pab\u016bt mier\u0101","publisher":{"@id":"https:\/\/saulkrastubiblioteka.lv\/#organization"},"potentialAction":[{"@type":"SearchAction","target":{"@type":"EntryPoint","urlTemplate":"https:\/\/saulkrastubiblioteka.lv\/?s={search_term_string}"},"query-input":{"@type":"PropertyValueSpecification","valueRequired":true,"valueName":"search_term_string"}}],"inLanguage":"lv-LV"},{"@type":"Organization","@id":"https:\/\/saulkrastubiblioteka.lv\/#organization","name":"Saulkrastu novada bibliot\u0113ka","url":"https:\/\/saulkrastubiblioteka.lv\/","logo":{"@type":"ImageObject","inLanguage":"lv-LV","@id":"https:\/\/saulkrastubiblioteka.lv\/#\/schema\/logo\/image\/","url":"https:\/\/saulkrastubiblioteka.lv\/wp-content\/uploads\/2021\/01\/cropped-logo.png","contentUrl":"https:\/\/saulkrastubiblioteka.lv\/wp-content\/uploads\/2021\/01\/cropped-logo.png","width":240,"height":240,"caption":"Saulkrastu novada bibliot\u0113ka"},"image":{"@id":"https:\/\/saulkrastubiblioteka.lv\/#\/schema\/logo\/image\/"}}]}},"_links":{"self":[{"href":"https:\/\/saulkrastubiblioteka.lv\/index.php\/wp-json\/wp\/v2\/pages\/6509","targetHints":{"allow":["GET"]}}],"collection":[{"href":"https:\/\/saulkrastubiblioteka.lv\/index.php\/wp-json\/wp\/v2\/pages"}],"about":[{"href":"https:\/\/saulkrastubiblioteka.lv\/index.php\/wp-json\/wp\/v2\/types\/page"}],"author":[{"embeddable":true,"href":"https:\/\/saulkrastubiblioteka.lv\/index.php\/wp-json\/wp\/v2\/users\/1"}],"replies":[{"embeddable":true,"href":"https:\/\/saulkrastubiblioteka.lv\/index.php\/wp-json\/wp\/v2\/comments?post=6509"}],"version-history":[{"count":5,"href":"https:\/\/saulkrastubiblioteka.lv\/index.php\/wp-json\/wp\/v2\/pages\/6509\/revisions"}],"predecessor-version":[{"id":6596,"href":"https:\/\/saulkrastubiblioteka.lv\/index.php\/wp-json\/wp\/v2\/pages\/6509\/revisions\/6596"}],"wp:attachment":[{"href":"https:\/\/saulkrastubiblioteka.lv\/index.php\/wp-json\/wp\/v2\/media?parent=6509"}],"curies":[{"name":"wp","href":"https:\/\/api.w.org\/{rel}","templated":true}]}}