{"id":6492,"date":"2022-02-10T07:36:01","date_gmt":"2022-02-10T07:36:01","guid":{"rendered":"https:\/\/saulkrastubiblioteka.lv\/?page_id=6492"},"modified":"2022-02-25T08:08:50","modified_gmt":"2022-02-25T08:08:50","slug":"berniem-3","status":"publish","type":"page","link":"https:\/\/saulkrastubiblioteka.lv\/index.php\/berniem-3\/","title":{"rendered":"B\u0113rniem"},"content":{"rendered":"\n<figure class=\"wp-block-table is-style-regular\"><table><tbody><tr><td><a href=\"https:\/\/saulkrastubiblioteka.lv\/index.php\/resursi-2\/\"><\/a><a href=\"https:\/\/saulkrastubiblioteka.lv\/index.php\/resursi-2\/\"><img decoding=\"async\" src=\"https:\/\/saulkrastubiblioteka.lv\/wp-content\/uploads\/2022\/02\/Resursi.jpg\" alt=\"\u0160im att\u0113lam ir tuk\u0161s alt atrib\u016bts; faila nosaukums ir Resursi.jpg\" style=\"width: 400px;\"><\/a><\/td><td><a href=\"https:\/\/saulkrastubiblioteka.lv\/index.php\/noderigi-macibam\/\"><img loading=\"lazy\" decoding=\"async\" width=\"400\" height=\"279\" class=\"wp-image-6680\" style=\"width: 400px;\" src=\"https:\/\/saulkrastubiblioteka.lv\/wp-content\/uploads\/2022\/02\/m.jpg\" alt=\"\" srcset=\"https:\/\/saulkrastubiblioteka.lv\/wp-content\/uploads\/2022\/02\/m.jpg 685w, https:\/\/saulkrastubiblioteka.lv\/wp-content\/uploads\/2022\/02\/m-300x209.jpg 300w\" sizes=\"auto, (max-width: 400px) 85vw, 400px\" \/><\/a><\/td><\/tr><tr><td><a href=\"https:\/\/saulkrastubiblioteka.lv\/index.php\/gramatas-berniem\/\"><img decoding=\"async\" src=\"https:\/\/saulkrastubiblioteka.lv\/wp-content\/uploads\/2022\/02\/gramatas.jpg\" alt=\"\u0160im att\u0113lam ir tuk\u0161s alt atrib\u016bts; faila nosaukums ir gramatas.jpg\" style=\"width: 400px;\"><\/a><\/td><td><a href=\"https:\/\/saulkrastubiblioteka.lv\/index.php\/bernu-lasitako-gramatu-top10-2022-gada-janvari\/\"><img decoding=\"async\" src=\"https:\/\/saulkrastubiblioteka.lv\/wp-content\/uploads\/2022\/02\/top.jpg\" alt=\"\u0160im att\u0113lam ir tuk\u0161s alt atrib\u016bts; faila nosaukums ir top.jpg\"><\/a><\/td><\/tr><tr><td><a href=\"https:\/\/saulkrastubiblioteka.lv\/index.php\/2019\/05\/24\/galda-spelu-piedavajums-biblioteka\/\"><img decoding=\"async\" src=\"https:\/\/saulkrastubiblioteka.lv\/wp-content\/uploads\/2022\/02\/speles.jpg\" alt=\"\" style=\"width: 400px;\"><\/a><\/td><td><a href=\"https:\/\/saulkrastubiblioteka.lv\/index.php\/zurnali\/\"><img decoding=\"async\" src=\"https:\/\/saulkrastubiblioteka.lv\/wp-content\/uploads\/2022\/02\/zurnali.jpg\" alt=\"\"><\/a><\/td><\/tr><tr><td><a href=\"https:\/\/saulkrastubiblioteka.lv\/index.php\/audiogramatas-interneta\/\"><img decoding=\"async\" src=\"https:\/\/saulkrastubiblioteka.lv\/wp-content\/uploads\/2022\/02\/audio.jpg\" alt=\"\"><\/a><\/td><td><a href=\"https:\/\/saulkrastubiblioteka.lv\/index.php\/2020\/12\/09\/jauna-medijpratibas-spele-berniem-un-jauniesiem-tiessaiste\/\"><img decoding=\"async\" src=\"https:\/\/saulkrastubiblioteka.lv\/wp-content\/uploads\/2022\/02\/medijpratiba1.jpg\" alt=\"\"><\/a><\/td><\/tr><tr><td><a href=\"https:\/\/saulkrastubiblioteka.lv\/index.php\/category\/mazo-puculenu-skola\/\"><img decoding=\"async\" src=\"https:\/\/saulkrastubiblioteka.lv\/wp-content\/uploads\/2022\/02\/skola-1.jpg\" alt=\"\u0160im att\u0113lam ir tuk\u0161s alt atrib\u016bts; faila nosaukums ir skola-1.jpg\"><\/a><\/td><td><a href=\"https:\/\/saulkrastubiblioteka.lv\/index.php\/category\/bernu-zurija\/\"><img decoding=\"async\" src=\"https:\/\/saulkrastubiblioteka.lv\/wp-content\/uploads\/2022\/02\/zurija.jpg\" alt=\"\u0160im att\u0113lam ir tuk\u0161s alt atrib\u016bts; faila nosaukums ir zurija.jpg\" style=\"width: 400px;\"><\/a><\/td><\/tr><tr><td><a href=\"https:\/\/saulkrastubiblioteka.lv\/index.php\/category\/bibliotekaras-stundas\/\"><img decoding=\"async\" src=\"https:\/\/saulkrastubiblioteka.lv\/wp-content\/uploads\/2022\/02\/bs.jpg\" alt=\"\u0160im att\u0113lam ir tuk\u0161s alt atrib\u016bts; faila nosaukums ir bs.jpg\" style=\"width: 400px;\"><\/a><\/td><td><a href=\"https:\/\/saulkrastubiblioteka.lv\/index.php\/video\/\"><img loading=\"lazy\" decoding=\"async\" width=\"400\" height=\"280\" class=\"wp-image-6714\" style=\"width: 400px;\" src=\"https:\/\/saulkrastubiblioteka.lv\/wp-content\/uploads\/2022\/02\/video.jpg\" alt=\"\" srcset=\"https:\/\/saulkrastubiblioteka.lv\/wp-content\/uploads\/2022\/02\/video.jpg 688w, https:\/\/saulkrastubiblioteka.lv\/wp-content\/uploads\/2022\/02\/video-300x210.jpg 300w\" sizes=\"auto, (max-width: 400px) 85vw, 400px\" \/><\/a><\/td><\/tr><\/tbody><\/table><\/figure>\n\n\n\n<p><strong>Aicin\u0101m papildin\u0101t interneta resursus ar jauniem materi\u0101liem!<\/strong><\/p>\n\n\n\n<p><em>Saites izveidotas un p\u0101rbaud\u012btas 2022. gada 22. febru\u0101r\u012b<\/em><\/p>\n","protected":false},"excerpt":{"rendered":"<p>Aicin\u0101m papildin\u0101t interneta resursus ar jauniem materi\u0101liem! Saites izveidotas un p\u0101rbaud\u012btas 2022. gada 22. febru\u0101r\u012b<\/p>\n","protected":false},"author":1,"featured_media":0,"parent":0,"menu_order":0,"comment_status":"closed","ping_status":"closed","template":"","meta":{"footnotes":""},"class_list":["post-6492","page","type-page","status-publish","hentry"],"yoast_head":"<!-- This site is optimized with the Yoast SEO plugin v24.2 - https:\/\/yoast.com\/wordpress\/plugins\/seo\/ -->\n<title>B\u0113rniem - Saulkrastu novada bibliot\u0113ka<\/title>\n<meta name=\"robots\" content=\"index, follow, max-snippet:-1, max-image-preview:large, max-video-preview:-1\" \/>\n<link rel=\"canonical\" href=\"https:\/\/saulkrastubiblioteka.lv\/index.php\/berniem-3\/\" \/>\n<meta property=\"og:locale\" content=\"lv_LV\" \/>\n<meta property=\"og:type\" content=\"article\" \/>\n<meta property=\"og:title\" content=\"B\u0113rniem - Saulkrastu novada bibliot\u0113ka\" \/>\n<meta property=\"og:description\" content=\"Aicin\u0101m papildin\u0101t interneta resursus ar jauniem materi\u0101liem! Saites izveidotas un p\u0101rbaud\u012btas 2022. gada 22. febru\u0101r\u012b\" \/>\n<meta property=\"og:url\" content=\"https:\/\/saulkrastubiblioteka.lv\/index.php\/berniem-3\/\" \/>\n<meta property=\"og:site_name\" content=\"Saulkrastu novada bibliot\u0113ka\" \/>\n<meta property=\"article:modified_time\" content=\"2022-02-25T08:08:50+00:00\" \/>\n<meta property=\"og:image\" content=\"https:\/\/saulkrastubiblioteka.lv\/wp-content\/uploads\/2022\/02\/Resursi.jpg\" \/>\n<meta name=\"twitter:card\" content=\"summary_large_image\" \/>\n<script type=\"application\/ld+json\" class=\"yoast-schema-graph\">{\"@context\":\"https:\/\/schema.org\",\"@graph\":[{\"@type\":\"WebPage\",\"@id\":\"https:\/\/saulkrastubiblioteka.lv\/index.php\/berniem-3\/\",\"url\":\"https:\/\/saulkrastubiblioteka.lv\/index.php\/berniem-3\/\",\"name\":\"B\u0113rniem - Saulkrastu novada bibliot\u0113ka\",\"isPartOf\":{\"@id\":\"https:\/\/saulkrastubiblioteka.lv\/#website\"},\"primaryImageOfPage\":{\"@id\":\"https:\/\/saulkrastubiblioteka.lv\/index.php\/berniem-3\/#primaryimage\"},\"image\":{\"@id\":\"https:\/\/saulkrastubiblioteka.lv\/index.php\/berniem-3\/#primaryimage\"},\"thumbnailUrl\":\"https:\/\/saulkrastubiblioteka.lv\/wp-content\/uploads\/2022\/02\/Resursi.jpg\",\"datePublished\":\"2022-02-10T07:36:01+00:00\",\"dateModified\":\"2022-02-25T08:08:50+00:00\",\"breadcrumb\":{\"@id\":\"https:\/\/saulkrastubiblioteka.lv\/index.php\/berniem-3\/#breadcrumb\"},\"inLanguage\":\"lv-LV\",\"potentialAction\":[{\"@type\":\"ReadAction\",\"target\":[\"https:\/\/saulkrastubiblioteka.lv\/index.php\/berniem-3\/\"]}]},{\"@type\":\"ImageObject\",\"inLanguage\":\"lv-LV\",\"@id\":\"https:\/\/saulkrastubiblioteka.lv\/index.php\/berniem-3\/#primaryimage\",\"url\":\"https:\/\/saulkrastubiblioteka.lv\/wp-content\/uploads\/2022\/02\/Resursi.jpg\",\"contentUrl\":\"https:\/\/saulkrastubiblioteka.lv\/wp-content\/uploads\/2022\/02\/Resursi.jpg\",\"width\":683,\"height\":482},{\"@type\":\"BreadcrumbList\",\"@id\":\"https:\/\/saulkrastubiblioteka.lv\/index.php\/berniem-3\/#breadcrumb\",\"itemListElement\":[{\"@type\":\"ListItem\",\"position\":1,\"name\":\"Home\",\"item\":\"https:\/\/saulkrastubiblioteka.lv\/\"},{\"@type\":\"ListItem\",\"position\":2,\"name\":\"B\u0113rniem\"}]},{\"@type\":\"WebSite\",\"@id\":\"https:\/\/saulkrastubiblioteka.lv\/#website\",\"url\":\"https:\/\/saulkrastubiblioteka.lv\/\",\"name\":\"Saulkrastu novada bibliot\u0113ka\",\"description\":\"Vieta, kur labi pavad\u012bt laiku un pab\u016bt mier\u0101\",\"publisher\":{\"@id\":\"https:\/\/saulkrastubiblioteka.lv\/#organization\"},\"potentialAction\":[{\"@type\":\"SearchAction\",\"target\":{\"@type\":\"EntryPoint\",\"urlTemplate\":\"https:\/\/saulkrastubiblioteka.lv\/?s={search_term_string}\"},\"query-input\":{\"@type\":\"PropertyValueSpecification\",\"valueRequired\":true,\"valueName\":\"search_term_string\"}}],\"inLanguage\":\"lv-LV\"},{\"@type\":\"Organization\",\"@id\":\"https:\/\/saulkrastubiblioteka.lv\/#organization\",\"name\":\"Saulkrastu novada bibliot\u0113ka\",\"url\":\"https:\/\/saulkrastubiblioteka.lv\/\",\"logo\":{\"@type\":\"ImageObject\",\"inLanguage\":\"lv-LV\",\"@id\":\"https:\/\/saulkrastubiblioteka.lv\/#\/schema\/logo\/image\/\",\"url\":\"https:\/\/saulkrastubiblioteka.lv\/wp-content\/uploads\/2021\/01\/cropped-logo.png\",\"contentUrl\":\"https:\/\/saulkrastubiblioteka.lv\/wp-content\/uploads\/2021\/01\/cropped-logo.png\",\"width\":240,\"height\":240,\"caption\":\"Saulkrastu novada bibliot\u0113ka\"},\"image\":{\"@id\":\"https:\/\/saulkrastubiblioteka.lv\/#\/schema\/logo\/image\/\"}}]}<\/script>\n<!-- \/ Yoast SEO plugin. -->","yoast_head_json":{"title":"B\u0113rniem - Saulkrastu novada bibliot\u0113ka","robots":{"index":"index","follow":"follow","max-snippet":"max-snippet:-1","max-image-preview":"max-image-preview:large","max-video-preview":"max-video-preview:-1"},"canonical":"https:\/\/saulkrastubiblioteka.lv\/index.php\/berniem-3\/","og_locale":"lv_LV","og_type":"article","og_title":"B\u0113rniem - Saulkrastu novada bibliot\u0113ka","og_description":"Aicin\u0101m papildin\u0101t interneta resursus ar jauniem materi\u0101liem! Saites izveidotas un p\u0101rbaud\u012btas 2022. gada 22. febru\u0101r\u012b","og_url":"https:\/\/saulkrastubiblioteka.lv\/index.php\/berniem-3\/","og_site_name":"Saulkrastu novada bibliot\u0113ka","article_modified_time":"2022-02-25T08:08:50+00:00","og_image":[{"url":"https:\/\/saulkrastubiblioteka.lv\/wp-content\/uploads\/2022\/02\/Resursi.jpg","type":"","width":"","height":""}],"twitter_card":"summary_large_image","schema":{"@context":"https:\/\/schema.org","@graph":[{"@type":"WebPage","@id":"https:\/\/saulkrastubiblioteka.lv\/index.php\/berniem-3\/","url":"https:\/\/saulkrastubiblioteka.lv\/index.php\/berniem-3\/","name":"B\u0113rniem - Saulkrastu novada bibliot\u0113ka","isPartOf":{"@id":"https:\/\/saulkrastubiblioteka.lv\/#website"},"primaryImageOfPage":{"@id":"https:\/\/saulkrastubiblioteka.lv\/index.php\/berniem-3\/#primaryimage"},"image":{"@id":"https:\/\/saulkrastubiblioteka.lv\/index.php\/berniem-3\/#primaryimage"},"thumbnailUrl":"https:\/\/saulkrastubiblioteka.lv\/wp-content\/uploads\/2022\/02\/Resursi.jpg","datePublished":"2022-02-10T07:36:01+00:00","dateModified":"2022-02-25T08:08:50+00:00","breadcrumb":{"@id":"https:\/\/saulkrastubiblioteka.lv\/index.php\/berniem-3\/#breadcrumb"},"inLanguage":"lv-LV","potentialAction":[{"@type":"ReadAction","target":["https:\/\/saulkrastubiblioteka.lv\/index.php\/berniem-3\/"]}]},{"@type":"ImageObject","inLanguage":"lv-LV","@id":"https:\/\/saulkrastubiblioteka.lv\/index.php\/berniem-3\/#primaryimage","url":"https:\/\/saulkrastubiblioteka.lv\/wp-content\/uploads\/2022\/02\/Resursi.jpg","contentUrl":"https:\/\/saulkrastubiblioteka.lv\/wp-content\/uploads\/2022\/02\/Resursi.jpg","width":683,"height":482},{"@type":"BreadcrumbList","@id":"https:\/\/saulkrastubiblioteka.lv\/index.php\/berniem-3\/#breadcrumb","itemListElement":[{"@type":"ListItem","position":1,"name":"Home","item":"https:\/\/saulkrastubiblioteka.lv\/"},{"@type":"ListItem","position":2,"name":"B\u0113rniem"}]},{"@type":"WebSite","@id":"https:\/\/saulkrastubiblioteka.lv\/#website","url":"https:\/\/saulkrastubiblioteka.lv\/","name":"Saulkrastu novada bibliot\u0113ka","description":"Vieta, kur labi pavad\u012bt laiku un pab\u016bt mier\u0101","publisher":{"@id":"https:\/\/saulkrastubiblioteka.lv\/#organization"},"potentialAction":[{"@type":"SearchAction","target":{"@type":"EntryPoint","urlTemplate":"https:\/\/saulkrastubiblioteka.lv\/?s={search_term_string}"},"query-input":{"@type":"PropertyValueSpecification","valueRequired":true,"valueName":"search_term_string"}}],"inLanguage":"lv-LV"},{"@type":"Organization","@id":"https:\/\/saulkrastubiblioteka.lv\/#organization","name":"Saulkrastu novada bibliot\u0113ka","url":"https:\/\/saulkrastubiblioteka.lv\/","logo":{"@type":"ImageObject","inLanguage":"lv-LV","@id":"https:\/\/saulkrastubiblioteka.lv\/#\/schema\/logo\/image\/","url":"https:\/\/saulkrastubiblioteka.lv\/wp-content\/uploads\/2021\/01\/cropped-logo.png","contentUrl":"https:\/\/saulkrastubiblioteka.lv\/wp-content\/uploads\/2021\/01\/cropped-logo.png","width":240,"height":240,"caption":"Saulkrastu novada bibliot\u0113ka"},"image":{"@id":"https:\/\/saulkrastubiblioteka.lv\/#\/schema\/logo\/image\/"}}]}},"_links":{"self":[{"href":"https:\/\/saulkrastubiblioteka.lv\/index.php\/wp-json\/wp\/v2\/pages\/6492","targetHints":{"allow":["GET"]}}],"collection":[{"href":"https:\/\/saulkrastubiblioteka.lv\/index.php\/wp-json\/wp\/v2\/pages"}],"about":[{"href":"https:\/\/saulkrastubiblioteka.lv\/index.php\/wp-json\/wp\/v2\/types\/page"}],"author":[{"embeddable":true,"href":"https:\/\/saulkrastubiblioteka.lv\/index.php\/wp-json\/wp\/v2\/users\/1"}],"replies":[{"embeddable":true,"href":"https:\/\/saulkrastubiblioteka.lv\/index.php\/wp-json\/wp\/v2\/comments?post=6492"}],"version-history":[{"count":40,"href":"https:\/\/saulkrastubiblioteka.lv\/index.php\/wp-json\/wp\/v2\/pages\/6492\/revisions"}],"predecessor-version":[{"id":6719,"href":"https:\/\/saulkrastubiblioteka.lv\/index.php\/wp-json\/wp\/v2\/pages\/6492\/revisions\/6719"}],"wp:attachment":[{"href":"https:\/\/saulkrastubiblioteka.lv\/index.php\/wp-json\/wp\/v2\/media?parent=6492"}],"curies":[{"name":"wp","href":"https:\/\/api.w.org\/{rel}","templated":true}]}}