{"id":6080,"date":"2021-10-22T06:23:16","date_gmt":"2021-10-22T06:23:16","guid":{"rendered":"https:\/\/saulkrastubiblioteka.lv\/?page_id=6080"},"modified":"2023-04-24T09:17:24","modified_gmt":"2023-04-24T09:17:24","slug":"novadpetnieciba-3","status":"publish","type":"page","link":"https:\/\/saulkrastubiblioteka.lv\/index.php\/novadpetnieciba-3\/","title":{"rendered":"Novadp\u0113tniec\u012bba"},"content":{"rendered":"\n<figure class=\"wp-block-table\"><table><tbody><tr><td><a href=\"https:\/\/saulkrastubiblioteka.lv\/index.php\/novadniekuenciklopedija\/\"><img loading=\"lazy\" decoding=\"async\" width=\"200\" height=\"200\" class=\"wp-image-6091\" style=\"width: 200px;\" src=\"https:\/\/saulkrastubiblioteka.lv\/wp-content\/uploads\/2021\/10\/novadnieki.jpg\" alt=\"\" srcset=\"https:\/\/saulkrastubiblioteka.lv\/wp-content\/uploads\/2021\/10\/novadnieki.jpg 1080w, https:\/\/saulkrastubiblioteka.lv\/wp-content\/uploads\/2021\/10\/novadnieki-300x300.jpg 300w, https:\/\/saulkrastubiblioteka.lv\/wp-content\/uploads\/2021\/10\/novadnieki-1024x1024.jpg 1024w, https:\/\/saulkrastubiblioteka.lv\/wp-content\/uploads\/2021\/10\/novadnieki-150x150.jpg 150w, https:\/\/saulkrastubiblioteka.lv\/wp-content\/uploads\/2021\/10\/novadnieki-768x768.jpg 768w\" sizes=\"auto, (max-width: 200px) 85vw, 200px\" \/><\/a><\/td><td><a href=\"https:\/\/saulkrastubiblioteka.lv\/index.php\/saulkrasti\/\"><img loading=\"lazy\" decoding=\"async\" width=\"200\" height=\"200\" class=\"wp-image-6096\" style=\"width: 200px;\" src=\"https:\/\/saulkrastubiblioteka.lv\/wp-content\/uploads\/2021\/10\/saulkrasti-1.jpg\" alt=\"\" srcset=\"https:\/\/saulkrastubiblioteka.lv\/wp-content\/uploads\/2021\/10\/saulkrasti-1.jpg 1080w, https:\/\/saulkrastubiblioteka.lv\/wp-content\/uploads\/2021\/10\/saulkrasti-1-300x300.jpg 300w, https:\/\/saulkrastubiblioteka.lv\/wp-content\/uploads\/2021\/10\/saulkrasti-1-1024x1024.jpg 1024w, https:\/\/saulkrastubiblioteka.lv\/wp-content\/uploads\/2021\/10\/saulkrasti-1-150x150.jpg 150w, https:\/\/saulkrastubiblioteka.lv\/wp-content\/uploads\/2021\/10\/saulkrasti-1-768x768.jpg 768w\" sizes=\"auto, (max-width: 200px) 85vw, 200px\" \/><\/a><\/td><td><a href=\"https:\/\/saulkrastubiblioteka.lv\/index.php\/bibliotekas-vesture\/\"><img loading=\"lazy\" decoding=\"async\" width=\"200\" height=\"200\" class=\"wp-image-6081\" style=\"width: 200px;\" src=\"https:\/\/saulkrastubiblioteka.lv\/wp-content\/uploads\/2021\/10\/Biblioteka.jpg\" alt=\"\" srcset=\"https:\/\/saulkrastubiblioteka.lv\/wp-content\/uploads\/2021\/10\/Biblioteka.jpg 1080w, https:\/\/saulkrastubiblioteka.lv\/wp-content\/uploads\/2021\/10\/Biblioteka-300x300.jpg 300w, https:\/\/saulkrastubiblioteka.lv\/wp-content\/uploads\/2021\/10\/Biblioteka-1024x1024.jpg 1024w, https:\/\/saulkrastubiblioteka.lv\/wp-content\/uploads\/2021\/10\/Biblioteka-150x150.jpg 150w, https:\/\/saulkrastubiblioteka.lv\/wp-content\/uploads\/2021\/10\/Biblioteka-768x768.jpg 768w\" sizes=\"auto, (max-width: 200px) 85vw, 200px\" \/><\/a><\/td><\/tr><tr><td><a href=\"https:\/\/saulkrastubiblioteka.lv\/index.php\/gramatas-3\/\"><img loading=\"lazy\" decoding=\"async\" width=\"200\" height=\"200\" class=\"wp-image-6094\" style=\"width: 200px;\" src=\"https:\/\/saulkrastubiblioteka.lv\/wp-content\/uploads\/2021\/10\/gramatas.jpg\" alt=\"\" srcset=\"https:\/\/saulkrastubiblioteka.lv\/wp-content\/uploads\/2021\/10\/gramatas.jpg 1080w, https:\/\/saulkrastubiblioteka.lv\/wp-content\/uploads\/2021\/10\/gramatas-300x300.jpg 300w, https:\/\/saulkrastubiblioteka.lv\/wp-content\/uploads\/2021\/10\/gramatas-1024x1024.jpg 1024w, https:\/\/saulkrastubiblioteka.lv\/wp-content\/uploads\/2021\/10\/gramatas-150x150.jpg 150w, https:\/\/saulkrastubiblioteka.lv\/wp-content\/uploads\/2021\/10\/gramatas-768x768.jpg 768w\" sizes=\"auto, (max-width: 200px) 85vw, 200px\" \/><\/a><\/td><td><a href=\"https:\/\/saulkrastubiblioteka.lv\/index.php\/novadpetniecibas-kalendars\/\"><img loading=\"lazy\" decoding=\"async\" width=\"200\" height=\"200\" class=\"wp-image-6098\" style=\"width: 200px;\" src=\"https:\/\/saulkrastubiblioteka.lv\/wp-content\/uploads\/2021\/10\/kalendars.jpg\" alt=\"\" srcset=\"https:\/\/saulkrastubiblioteka.lv\/wp-content\/uploads\/2021\/10\/kalendars.jpg 1080w, https:\/\/saulkrastubiblioteka.lv\/wp-content\/uploads\/2021\/10\/kalendars-300x300.jpg 300w, https:\/\/saulkrastubiblioteka.lv\/wp-content\/uploads\/2021\/10\/kalendars-1024x1024.jpg 1024w, https:\/\/saulkrastubiblioteka.lv\/wp-content\/uploads\/2021\/10\/kalendars-150x150.jpg 150w, https:\/\/saulkrastubiblioteka.lv\/wp-content\/uploads\/2021\/10\/kalendars-768x768.jpg 768w\" sizes=\"auto, (max-width: 200px) 85vw, 200px\" \/><\/a><\/td><td><a href=\"https:\/\/saulkrastubiblioteka.lv\/index.php\/mapes\/\"><img loading=\"lazy\" decoding=\"async\" width=\"200\" height=\"200\" class=\"wp-image-6100\" style=\"width: 200px;\" src=\"https:\/\/saulkrastubiblioteka.lv\/wp-content\/uploads\/2021\/10\/mapes.jpg\" alt=\"\" srcset=\"https:\/\/saulkrastubiblioteka.lv\/wp-content\/uploads\/2021\/10\/mapes.jpg 1080w, https:\/\/saulkrastubiblioteka.lv\/wp-content\/uploads\/2021\/10\/mapes-300x300.jpg 300w, https:\/\/saulkrastubiblioteka.lv\/wp-content\/uploads\/2021\/10\/mapes-1024x1024.jpg 1024w, https:\/\/saulkrastubiblioteka.lv\/wp-content\/uploads\/2021\/10\/mapes-150x150.jpg 150w, https:\/\/saulkrastubiblioteka.lv\/wp-content\/uploads\/2021\/10\/mapes-768x768.jpg 768w\" sizes=\"auto, (max-width: 200px) 85vw, 200px\" \/><\/a><\/td><\/tr><tr><td><a href=\"https:\/\/www.saulkrastumuzejs.lv\/\"><img loading=\"lazy\" decoding=\"async\" width=\"200\" height=\"200\" class=\"wp-image-6102\" style=\"width: 200px;\" src=\"https:\/\/saulkrastubiblioteka.lv\/wp-content\/uploads\/2021\/10\/muzejs.jpg\" alt=\"\" srcset=\"https:\/\/saulkrastubiblioteka.lv\/wp-content\/uploads\/2021\/10\/muzejs.jpg 1080w, https:\/\/saulkrastubiblioteka.lv\/wp-content\/uploads\/2021\/10\/muzejs-300x300.jpg 300w, https:\/\/saulkrastubiblioteka.lv\/wp-content\/uploads\/2021\/10\/muzejs-1024x1024.jpg 1024w, https:\/\/saulkrastubiblioteka.lv\/wp-content\/uploads\/2021\/10\/muzejs-150x150.jpg 150w, https:\/\/saulkrastubiblioteka.lv\/wp-content\/uploads\/2021\/10\/muzejs-768x768.jpg 768w\" sizes=\"auto, (max-width: 200px) 85vw, 200px\" \/><\/a><\/td><td><a href=\"https:\/\/saulkrastubiblioteka.lv\/index.php\/laikrakstu-arhivs\/\"><img loading=\"lazy\" decoding=\"async\" width=\"200\" height=\"200\" class=\"wp-image-6104\" style=\"width: 200px;\" src=\"https:\/\/saulkrastubiblioteka.lv\/wp-content\/uploads\/2021\/10\/laikraksti.jpg\" alt=\"\" srcset=\"https:\/\/saulkrastubiblioteka.lv\/wp-content\/uploads\/2021\/10\/laikraksti.jpg 1080w, https:\/\/saulkrastubiblioteka.lv\/wp-content\/uploads\/2021\/10\/laikraksti-300x300.jpg 300w, https:\/\/saulkrastubiblioteka.lv\/wp-content\/uploads\/2021\/10\/laikraksti-1024x1024.jpg 1024w, https:\/\/saulkrastubiblioteka.lv\/wp-content\/uploads\/2021\/10\/laikraksti-150x150.jpg 150w, https:\/\/saulkrastubiblioteka.lv\/wp-content\/uploads\/2021\/10\/laikraksti-768x768.jpg 768w\" sizes=\"auto, (max-width: 200px) 85vw, 200px\" \/><\/a><\/td><td><a href=\"https:\/\/saulkrastubiblioteka.lv\/index.php\/virtualas-novadpetniecibas-izstades\/\"><img loading=\"lazy\" decoding=\"async\" width=\"200\" height=\"200\" class=\"wp-image-6106\" style=\"width: 200px;\" src=\"https:\/\/saulkrastubiblioteka.lv\/wp-content\/uploads\/2021\/10\/izstades.jpg\" alt=\"\" srcset=\"https:\/\/saulkrastubiblioteka.lv\/wp-content\/uploads\/2021\/10\/izstades.jpg 1080w, https:\/\/saulkrastubiblioteka.lv\/wp-content\/uploads\/2021\/10\/izstades-300x300.jpg 300w, https:\/\/saulkrastubiblioteka.lv\/wp-content\/uploads\/2021\/10\/izstades-1024x1024.jpg 1024w, https:\/\/saulkrastubiblioteka.lv\/wp-content\/uploads\/2021\/10\/izstades-150x150.jpg 150w, https:\/\/saulkrastubiblioteka.lv\/wp-content\/uploads\/2021\/10\/izstades-768x768.jpg 768w\" sizes=\"auto, (max-width: 200px) 85vw, 200px\" \/><\/a><\/td><\/tr><tr><td><a href=\"https:\/\/saulkrastubiblioteka.lv\/index.php\/intervijas-ar-novadniekiem\/\"><img loading=\"lazy\" decoding=\"async\" width=\"200\" height=\"200\" class=\"wp-image-6108\" style=\"width: 200px;\" src=\"https:\/\/saulkrastubiblioteka.lv\/wp-content\/uploads\/2021\/10\/intervijas.jpg\" alt=\"\" srcset=\"https:\/\/saulkrastubiblioteka.lv\/wp-content\/uploads\/2021\/10\/intervijas.jpg 1080w, https:\/\/saulkrastubiblioteka.lv\/wp-content\/uploads\/2021\/10\/intervijas-300x300.jpg 300w, https:\/\/saulkrastubiblioteka.lv\/wp-content\/uploads\/2021\/10\/intervijas-1024x1024.jpg 1024w, https:\/\/saulkrastubiblioteka.lv\/wp-content\/uploads\/2021\/10\/intervijas-150x150.jpg 150w, https:\/\/saulkrastubiblioteka.lv\/wp-content\/uploads\/2021\/10\/intervijas-768x768.jpg 768w\" sizes=\"auto, (max-width: 200px) 85vw, 200px\" \/><\/a><\/td><td><a href=\"https:\/\/saulkrastubiblioteka.lv\/index.php\/saulkrasti-socialajos-tiklos\/\"><img loading=\"lazy\" decoding=\"async\" width=\"200\" height=\"200\" class=\"wp-image-6115\" style=\"width: 200px;\" src=\"https:\/\/saulkrastubiblioteka.lv\/wp-content\/uploads\/2021\/10\/e-resursi.jpg\" alt=\"\" srcset=\"https:\/\/saulkrastubiblioteka.lv\/wp-content\/uploads\/2021\/10\/e-resursi.jpg 1080w, https:\/\/saulkrastubiblioteka.lv\/wp-content\/uploads\/2021\/10\/e-resursi-300x300.jpg 300w, https:\/\/saulkrastubiblioteka.lv\/wp-content\/uploads\/2021\/10\/e-resursi-1024x1024.jpg 1024w, https:\/\/saulkrastubiblioteka.lv\/wp-content\/uploads\/2021\/10\/e-resursi-150x150.jpg 150w, https:\/\/saulkrastubiblioteka.lv\/wp-content\/uploads\/2021\/10\/e-resursi-768x768.jpg 768w\" sizes=\"auto, (max-width: 200px) 85vw, 200px\" \/><\/a><\/td><td><a href=\"https:\/\/saulkrastubiblioteka.lv\/index.php\/2021\/04\/26\/jautajumi-un-atbildes-par-saulkrastu-novada-bibliotekas-novadpetniecibas-darbu\/\"><img loading=\"lazy\" decoding=\"async\" width=\"200\" height=\"200\" class=\"wp-image-6130\" style=\"width: 200px;\" src=\"https:\/\/saulkrastubiblioteka.lv\/wp-content\/uploads\/2021\/10\/Jautajumi.jpg\" alt=\"\" srcset=\"https:\/\/saulkrastubiblioteka.lv\/wp-content\/uploads\/2021\/10\/Jautajumi.jpg 1080w, https:\/\/saulkrastubiblioteka.lv\/wp-content\/uploads\/2021\/10\/Jautajumi-300x300.jpg 300w, https:\/\/saulkrastubiblioteka.lv\/wp-content\/uploads\/2021\/10\/Jautajumi-1024x1024.jpg 1024w, https:\/\/saulkrastubiblioteka.lv\/wp-content\/uploads\/2021\/10\/Jautajumi-150x150.jpg 150w, https:\/\/saulkrastubiblioteka.lv\/wp-content\/uploads\/2021\/10\/Jautajumi-768x768.jpg 768w\" sizes=\"auto, (max-width: 200px) 85vw, 200px\" \/><\/a><\/td><\/tr><\/tbody><\/table><\/figure>\n\n\n\n<div class=\"wp-block-image\"><figure class=\"aligncenter size-large is-resized\"><a href=\"https:\/\/saulkrastubiblioteka.lv\/index.php\/saulkrastu-novada-pasvaldibas-sagatavotas-un-publicetas-informacijas-pieejamiba-tiessaiste\/\"><img loading=\"lazy\" decoding=\"async\" src=\"https:\/\/saulkrastubiblioteka.lv\/wp-content\/uploads\/2023\/04\/Saulkrastu-novada-dome-1024x724.jpg\" alt=\"\" class=\"wp-image-8243\" width=\"647\" height=\"457\" srcset=\"https:\/\/saulkrastubiblioteka.lv\/wp-content\/uploads\/2023\/04\/Saulkrastu-novada-dome-1024x724.jpg 1024w, https:\/\/saulkrastubiblioteka.lv\/wp-content\/uploads\/2023\/04\/Saulkrastu-novada-dome-300x212.jpg 300w, https:\/\/saulkrastubiblioteka.lv\/wp-content\/uploads\/2023\/04\/Saulkrastu-novada-dome-768x543.jpg 768w, https:\/\/saulkrastubiblioteka.lv\/wp-content\/uploads\/2023\/04\/Saulkrastu-novada-dome-1536x1086.jpg 1536w, https:\/\/saulkrastubiblioteka.lv\/wp-content\/uploads\/2023\/04\/Saulkrastu-novada-dome-2048x1448.jpg 2048w, https:\/\/saulkrastubiblioteka.lv\/wp-content\/uploads\/2023\/04\/Saulkrastu-novada-dome-1200x848.jpg 1200w\" sizes=\"auto, (max-width: 647px) 85vw, 647px\" \/><\/a><\/figure><\/div>\n\n\n\n<p><\/p>\n\n\n\n<p><strong>Aicin\u0101m papildin\u0101t novadp\u0113tniec\u012bbas materi\u0101lus ar jaunu inform\u0101ciju par notikumiem un cilv\u0113kiem Saulkrastu novad\u0101!<\/strong><\/p>\n\n\n\n<p><em>Saites izveidotas un p\u0101rbaud\u012btas 2023. gada 24. apr\u012bl\u012b<\/em><\/p>\n","protected":false},"excerpt":{"rendered":"<p>Aicin\u0101m papildin\u0101t novadp\u0113tniec\u012bbas materi\u0101lus ar jaunu inform\u0101ciju par notikumiem un cilv\u0113kiem Saulkrastu novad\u0101! Saites izveidotas un p\u0101rbaud\u012btas 2023. gada 24. apr\u012bl\u012b<\/p>\n","protected":false},"author":1,"featured_media":0,"parent":0,"menu_order":0,"comment_status":"closed","ping_status":"closed","template":"","meta":{"footnotes":""},"class_list":["post-6080","page","type-page","status-publish","hentry"],"yoast_head":"<!-- This site is optimized with the Yoast SEO plugin v24.2 - https:\/\/yoast.com\/wordpress\/plugins\/seo\/ -->\n<title>Novadp\u0113tniec\u012bba - Saulkrastu novada bibliot\u0113ka<\/title>\n<meta name=\"robots\" content=\"index, follow, max-snippet:-1, max-image-preview:large, max-video-preview:-1\" \/>\n<link rel=\"canonical\" href=\"https:\/\/saulkrastubiblioteka.lv\/index.php\/novadpetnieciba-3\/\" \/>\n<meta property=\"og:locale\" content=\"lv_LV\" \/>\n<meta property=\"og:type\" content=\"article\" \/>\n<meta property=\"og:title\" content=\"Novadp\u0113tniec\u012bba - Saulkrastu novada bibliot\u0113ka\" \/>\n<meta property=\"og:description\" content=\"Aicin\u0101m papildin\u0101t novadp\u0113tniec\u012bbas materi\u0101lus ar jaunu inform\u0101ciju par notikumiem un cilv\u0113kiem Saulkrastu novad\u0101! Saites izveidotas un p\u0101rbaud\u012btas 2023. gada 24. apr\u012bl\u012b\" \/>\n<meta property=\"og:url\" content=\"https:\/\/saulkrastubiblioteka.lv\/index.php\/novadpetnieciba-3\/\" \/>\n<meta property=\"og:site_name\" content=\"Saulkrastu novada bibliot\u0113ka\" \/>\n<meta property=\"article:modified_time\" content=\"2023-04-24T09:17:24+00:00\" \/>\n<meta property=\"og:image\" content=\"https:\/\/saulkrastubiblioteka.lv\/wp-content\/uploads\/2021\/10\/novadnieki.jpg\" \/>\n<meta name=\"twitter:card\" content=\"summary_large_image\" \/>\n<script type=\"application\/ld+json\" class=\"yoast-schema-graph\">{\"@context\":\"https:\/\/schema.org\",\"@graph\":[{\"@type\":\"WebPage\",\"@id\":\"https:\/\/saulkrastubiblioteka.lv\/index.php\/novadpetnieciba-3\/\",\"url\":\"https:\/\/saulkrastubiblioteka.lv\/index.php\/novadpetnieciba-3\/\",\"name\":\"Novadp\u0113tniec\u012bba - Saulkrastu novada bibliot\u0113ka\",\"isPartOf\":{\"@id\":\"https:\/\/saulkrastubiblioteka.lv\/#website\"},\"primaryImageOfPage\":{\"@id\":\"https:\/\/saulkrastubiblioteka.lv\/index.php\/novadpetnieciba-3\/#primaryimage\"},\"image\":{\"@id\":\"https:\/\/saulkrastubiblioteka.lv\/index.php\/novadpetnieciba-3\/#primaryimage\"},\"thumbnailUrl\":\"https:\/\/saulkrastubiblioteka.lv\/wp-content\/uploads\/2021\/10\/novadnieki.jpg\",\"datePublished\":\"2021-10-22T06:23:16+00:00\",\"dateModified\":\"2023-04-24T09:17:24+00:00\",\"breadcrumb\":{\"@id\":\"https:\/\/saulkrastubiblioteka.lv\/index.php\/novadpetnieciba-3\/#breadcrumb\"},\"inLanguage\":\"lv-LV\",\"potentialAction\":[{\"@type\":\"ReadAction\",\"target\":[\"https:\/\/saulkrastubiblioteka.lv\/index.php\/novadpetnieciba-3\/\"]}]},{\"@type\":\"ImageObject\",\"inLanguage\":\"lv-LV\",\"@id\":\"https:\/\/saulkrastubiblioteka.lv\/index.php\/novadpetnieciba-3\/#primaryimage\",\"url\":\"https:\/\/saulkrastubiblioteka.lv\/wp-content\/uploads\/2021\/10\/novadnieki.jpg\",\"contentUrl\":\"https:\/\/saulkrastubiblioteka.lv\/wp-content\/uploads\/2021\/10\/novadnieki.jpg\",\"width\":1080,\"height\":1080},{\"@type\":\"BreadcrumbList\",\"@id\":\"https:\/\/saulkrastubiblioteka.lv\/index.php\/novadpetnieciba-3\/#breadcrumb\",\"itemListElement\":[{\"@type\":\"ListItem\",\"position\":1,\"name\":\"Home\",\"item\":\"https:\/\/saulkrastubiblioteka.lv\/\"},{\"@type\":\"ListItem\",\"position\":2,\"name\":\"Novadp\u0113tniec\u012bba\"}]},{\"@type\":\"WebSite\",\"@id\":\"https:\/\/saulkrastubiblioteka.lv\/#website\",\"url\":\"https:\/\/saulkrastubiblioteka.lv\/\",\"name\":\"Saulkrastu novada bibliot\u0113ka\",\"description\":\"Vieta, kur labi pavad\u012bt laiku un pab\u016bt mier\u0101\",\"publisher\":{\"@id\":\"https:\/\/saulkrastubiblioteka.lv\/#organization\"},\"potentialAction\":[{\"@type\":\"SearchAction\",\"target\":{\"@type\":\"EntryPoint\",\"urlTemplate\":\"https:\/\/saulkrastubiblioteka.lv\/?s={search_term_string}\"},\"query-input\":{\"@type\":\"PropertyValueSpecification\",\"valueRequired\":true,\"valueName\":\"search_term_string\"}}],\"inLanguage\":\"lv-LV\"},{\"@type\":\"Organization\",\"@id\":\"https:\/\/saulkrastubiblioteka.lv\/#organization\",\"name\":\"Saulkrastu novada bibliot\u0113ka\",\"url\":\"https:\/\/saulkrastubiblioteka.lv\/\",\"logo\":{\"@type\":\"ImageObject\",\"inLanguage\":\"lv-LV\",\"@id\":\"https:\/\/saulkrastubiblioteka.lv\/#\/schema\/logo\/image\/\",\"url\":\"https:\/\/saulkrastubiblioteka.lv\/wp-content\/uploads\/2021\/01\/cropped-logo.png\",\"contentUrl\":\"https:\/\/saulkrastubiblioteka.lv\/wp-content\/uploads\/2021\/01\/cropped-logo.png\",\"width\":240,\"height\":240,\"caption\":\"Saulkrastu novada bibliot\u0113ka\"},\"image\":{\"@id\":\"https:\/\/saulkrastubiblioteka.lv\/#\/schema\/logo\/image\/\"}}]}<\/script>\n<!-- \/ Yoast SEO plugin. -->","yoast_head_json":{"title":"Novadp\u0113tniec\u012bba - Saulkrastu novada bibliot\u0113ka","robots":{"index":"index","follow":"follow","max-snippet":"max-snippet:-1","max-image-preview":"max-image-preview:large","max-video-preview":"max-video-preview:-1"},"canonical":"https:\/\/saulkrastubiblioteka.lv\/index.php\/novadpetnieciba-3\/","og_locale":"lv_LV","og_type":"article","og_title":"Novadp\u0113tniec\u012bba - Saulkrastu novada bibliot\u0113ka","og_description":"Aicin\u0101m papildin\u0101t novadp\u0113tniec\u012bbas materi\u0101lus ar jaunu inform\u0101ciju par notikumiem un cilv\u0113kiem Saulkrastu novad\u0101! Saites izveidotas un p\u0101rbaud\u012btas 2023. gada 24. apr\u012bl\u012b","og_url":"https:\/\/saulkrastubiblioteka.lv\/index.php\/novadpetnieciba-3\/","og_site_name":"Saulkrastu novada bibliot\u0113ka","article_modified_time":"2023-04-24T09:17:24+00:00","og_image":[{"url":"https:\/\/saulkrastubiblioteka.lv\/wp-content\/uploads\/2021\/10\/novadnieki.jpg","type":"","width":"","height":""}],"twitter_card":"summary_large_image","schema":{"@context":"https:\/\/schema.org","@graph":[{"@type":"WebPage","@id":"https:\/\/saulkrastubiblioteka.lv\/index.php\/novadpetnieciba-3\/","url":"https:\/\/saulkrastubiblioteka.lv\/index.php\/novadpetnieciba-3\/","name":"Novadp\u0113tniec\u012bba - Saulkrastu novada bibliot\u0113ka","isPartOf":{"@id":"https:\/\/saulkrastubiblioteka.lv\/#website"},"primaryImageOfPage":{"@id":"https:\/\/saulkrastubiblioteka.lv\/index.php\/novadpetnieciba-3\/#primaryimage"},"image":{"@id":"https:\/\/saulkrastubiblioteka.lv\/index.php\/novadpetnieciba-3\/#primaryimage"},"thumbnailUrl":"https:\/\/saulkrastubiblioteka.lv\/wp-content\/uploads\/2021\/10\/novadnieki.jpg","datePublished":"2021-10-22T06:23:16+00:00","dateModified":"2023-04-24T09:17:24+00:00","breadcrumb":{"@id":"https:\/\/saulkrastubiblioteka.lv\/index.php\/novadpetnieciba-3\/#breadcrumb"},"inLanguage":"lv-LV","potentialAction":[{"@type":"ReadAction","target":["https:\/\/saulkrastubiblioteka.lv\/index.php\/novadpetnieciba-3\/"]}]},{"@type":"ImageObject","inLanguage":"lv-LV","@id":"https:\/\/saulkrastubiblioteka.lv\/index.php\/novadpetnieciba-3\/#primaryimage","url":"https:\/\/saulkrastubiblioteka.lv\/wp-content\/uploads\/2021\/10\/novadnieki.jpg","contentUrl":"https:\/\/saulkrastubiblioteka.lv\/wp-content\/uploads\/2021\/10\/novadnieki.jpg","width":1080,"height":1080},{"@type":"BreadcrumbList","@id":"https:\/\/saulkrastubiblioteka.lv\/index.php\/novadpetnieciba-3\/#breadcrumb","itemListElement":[{"@type":"ListItem","position":1,"name":"Home","item":"https:\/\/saulkrastubiblioteka.lv\/"},{"@type":"ListItem","position":2,"name":"Novadp\u0113tniec\u012bba"}]},{"@type":"WebSite","@id":"https:\/\/saulkrastubiblioteka.lv\/#website","url":"https:\/\/saulkrastubiblioteka.lv\/","name":"Saulkrastu novada bibliot\u0113ka","description":"Vieta, kur labi pavad\u012bt laiku un pab\u016bt mier\u0101","publisher":{"@id":"https:\/\/saulkrastubiblioteka.lv\/#organization"},"potentialAction":[{"@type":"SearchAction","target":{"@type":"EntryPoint","urlTemplate":"https:\/\/saulkrastubiblioteka.lv\/?s={search_term_string}"},"query-input":{"@type":"PropertyValueSpecification","valueRequired":true,"valueName":"search_term_string"}}],"inLanguage":"lv-LV"},{"@type":"Organization","@id":"https:\/\/saulkrastubiblioteka.lv\/#organization","name":"Saulkrastu novada bibliot\u0113ka","url":"https:\/\/saulkrastubiblioteka.lv\/","logo":{"@type":"ImageObject","inLanguage":"lv-LV","@id":"https:\/\/saulkrastubiblioteka.lv\/#\/schema\/logo\/image\/","url":"https:\/\/saulkrastubiblioteka.lv\/wp-content\/uploads\/2021\/01\/cropped-logo.png","contentUrl":"https:\/\/saulkrastubiblioteka.lv\/wp-content\/uploads\/2021\/01\/cropped-logo.png","width":240,"height":240,"caption":"Saulkrastu novada bibliot\u0113ka"},"image":{"@id":"https:\/\/saulkrastubiblioteka.lv\/#\/schema\/logo\/image\/"}}]}},"_links":{"self":[{"href":"https:\/\/saulkrastubiblioteka.lv\/index.php\/wp-json\/wp\/v2\/pages\/6080","targetHints":{"allow":["GET"]}}],"collection":[{"href":"https:\/\/saulkrastubiblioteka.lv\/index.php\/wp-json\/wp\/v2\/pages"}],"about":[{"href":"https:\/\/saulkrastubiblioteka.lv\/index.php\/wp-json\/wp\/v2\/types\/page"}],"author":[{"embeddable":true,"href":"https:\/\/saulkrastubiblioteka.lv\/index.php\/wp-json\/wp\/v2\/users\/1"}],"replies":[{"embeddable":true,"href":"https:\/\/saulkrastubiblioteka.lv\/index.php\/wp-json\/wp\/v2\/comments?post=6080"}],"version-history":[{"count":42,"href":"https:\/\/saulkrastubiblioteka.lv\/index.php\/wp-json\/wp\/v2\/pages\/6080\/revisions"}],"predecessor-version":[{"id":8256,"href":"https:\/\/saulkrastubiblioteka.lv\/index.php\/wp-json\/wp\/v2\/pages\/6080\/revisions\/8256"}],"wp:attachment":[{"href":"https:\/\/saulkrastubiblioteka.lv\/index.php\/wp-json\/wp\/v2\/media?parent=6080"}],"curies":[{"name":"wp","href":"https:\/\/api.w.org\/{rel}","templated":true}]}}