{"id":5880,"date":"2021-09-23T08:04:13","date_gmt":"2021-09-23T08:04:13","guid":{"rendered":"https:\/\/saulkrastubiblioteka.lv\/?page_id=5880"},"modified":"2022-07-15T07:37:47","modified_gmt":"2022-07-15T07:37:47","slug":"saulkrastu-novada-bibliotekas-filiale-seja","status":"publish","type":"page","link":"https:\/\/saulkrastubiblioteka.lv\/index.php\/saulkrastu-novada-bibliotekas-filiale-seja\/","title":{"rendered":"Saulkrastu novada bibliot\u0113kas fili\u0101le &#8220;S\u0113ja&#8221;"},"content":{"rendered":"\n<h2 class=\"wp-block-heading\"><strong>Darba laiks:<\/strong><\/h2>\n\n\n\n<p>Pirmdien\u0101s no 9:00 \u2013 18:00<br>Otrdien\u0101s no 9:00 \u2013 17:00<br>Tre\u0161dien\u0101s no 9:00 \u2013 17:00<br>Ceturtdien\u0101s no 9:00 \u2013 17:00<br>Piektdien\u0101s no 9:00 \u2013 16:00<\/p>\n\n\n\n<p>Katra m\u0113ne\u0161a p\u0113d\u0113j\u0101 tre\u0161dien\u0101 bibliot\u0113ka sl\u0113gta \u2013 Spodr\u012bbas diena vai gr\u0101matu apmai\u0146a pakalpojumu snieg\u0161anas viet\u0101 \u201cAinavas\u201d.<\/p>\n\n\n\n<figure class=\"wp-block-table\"><table><tbody><tr><td>Bibliot\u0113ku inform\u0101cijas speci\u0101liste Liene Reni\u0146a<\/td><td>27891866<\/td><td><a href=\"mailto:liene.renina@saulkrasti.lv\">liene.renina@saulkrasti.lv<\/a><\/td><\/tr><\/tbody><\/table><\/figure>\n\n\n\n<p>Bibliot\u0113kas adrese: \u201cJ\u0113\u0146i\u201d, Murj\u0101\u0146i, S\u0113jas pagasts, Saulkrastu novads, LV-2142<br><\/p>\n\n\n\n<p><\/p>\n","protected":false},"excerpt":{"rendered":"<p>Darba laiks: Pirmdien\u0101s no 9:00 \u2013 18:00Otrdien\u0101s no 9:00 \u2013 17:00Tre\u0161dien\u0101s no 9:00 \u2013 17:00Ceturtdien\u0101s no 9:00 \u2013 17:00Piektdien\u0101s no 9:00 \u2013 16:00 Katra m\u0113ne\u0161a p\u0113d\u0113j\u0101 tre\u0161dien\u0101 bibliot\u0113ka sl\u0113gta \u2013 Spodr\u012bbas diena vai gr\u0101matu apmai\u0146a pakalpojumu snieg\u0161anas viet\u0101 \u201cAinavas\u201d. Bibliot\u0113ku inform\u0101cijas speci\u0101liste Liene Reni\u0146a 27891866 liene.renina@saulkrasti.lv Bibliot\u0113kas adrese: \u201cJ\u0113\u0146i\u201d, Murj\u0101\u0146i, S\u0113jas pagasts, Saulkrastu novads, LV-2142<\/p>\n","protected":false},"author":1,"featured_media":0,"parent":0,"menu_order":0,"comment_status":"closed","ping_status":"closed","template":"","meta":{"footnotes":""},"class_list":["post-5880","page","type-page","status-publish","hentry"],"yoast_head":"<!-- This site is optimized with the Yoast SEO plugin v24.2 - https:\/\/yoast.com\/wordpress\/plugins\/seo\/ -->\n<title>Saulkrastu novada bibliot\u0113kas fili\u0101le &quot;S\u0113ja&quot; - Saulkrastu novada bibliot\u0113ka<\/title>\n<meta name=\"robots\" content=\"index, follow, max-snippet:-1, max-image-preview:large, max-video-preview:-1\" \/>\n<link rel=\"canonical\" href=\"https:\/\/saulkrastubiblioteka.lv\/index.php\/saulkrastu-novada-bibliotekas-filiale-seja\/\" \/>\n<meta property=\"og:locale\" content=\"lv_LV\" \/>\n<meta property=\"og:type\" content=\"article\" \/>\n<meta property=\"og:title\" content=\"Saulkrastu novada bibliot\u0113kas fili\u0101le &quot;S\u0113ja&quot; - Saulkrastu novada bibliot\u0113ka\" \/>\n<meta property=\"og:description\" content=\"Darba laiks: Pirmdien\u0101s no 9:00 \u2013 18:00Otrdien\u0101s no 9:00 \u2013 17:00Tre\u0161dien\u0101s no 9:00 \u2013 17:00Ceturtdien\u0101s no 9:00 \u2013 17:00Piektdien\u0101s no 9:00 \u2013 16:00 Katra m\u0113ne\u0161a p\u0113d\u0113j\u0101 tre\u0161dien\u0101 bibliot\u0113ka sl\u0113gta \u2013 Spodr\u012bbas diena vai gr\u0101matu apmai\u0146a pakalpojumu snieg\u0161anas viet\u0101 \u201cAinavas\u201d. Bibliot\u0113ku inform\u0101cijas speci\u0101liste Liene Reni\u0146a 27891866 liene.renina@saulkrasti.lv Bibliot\u0113kas adrese: \u201cJ\u0113\u0146i\u201d, Murj\u0101\u0146i, S\u0113jas pagasts, Saulkrastu novads, LV-2142\" \/>\n<meta property=\"og:url\" content=\"https:\/\/saulkrastubiblioteka.lv\/index.php\/saulkrastu-novada-bibliotekas-filiale-seja\/\" \/>\n<meta property=\"og:site_name\" content=\"Saulkrastu novada bibliot\u0113ka\" \/>\n<meta property=\"article:modified_time\" content=\"2022-07-15T07:37:47+00:00\" \/>\n<meta name=\"twitter:card\" content=\"summary_large_image\" \/>\n<script type=\"application\/ld+json\" class=\"yoast-schema-graph\">{\"@context\":\"https:\/\/schema.org\",\"@graph\":[{\"@type\":\"WebPage\",\"@id\":\"https:\/\/saulkrastubiblioteka.lv\/index.php\/saulkrastu-novada-bibliotekas-filiale-seja\/\",\"url\":\"https:\/\/saulkrastubiblioteka.lv\/index.php\/saulkrastu-novada-bibliotekas-filiale-seja\/\",\"name\":\"Saulkrastu novada bibliot\u0113kas fili\u0101le \\\"S\u0113ja\\\" - Saulkrastu novada bibliot\u0113ka\",\"isPartOf\":{\"@id\":\"https:\/\/saulkrastubiblioteka.lv\/#website\"},\"datePublished\":\"2021-09-23T08:04:13+00:00\",\"dateModified\":\"2022-07-15T07:37:47+00:00\",\"breadcrumb\":{\"@id\":\"https:\/\/saulkrastubiblioteka.lv\/index.php\/saulkrastu-novada-bibliotekas-filiale-seja\/#breadcrumb\"},\"inLanguage\":\"lv-LV\",\"potentialAction\":[{\"@type\":\"ReadAction\",\"target\":[\"https:\/\/saulkrastubiblioteka.lv\/index.php\/saulkrastu-novada-bibliotekas-filiale-seja\/\"]}]},{\"@type\":\"BreadcrumbList\",\"@id\":\"https:\/\/saulkrastubiblioteka.lv\/index.php\/saulkrastu-novada-bibliotekas-filiale-seja\/#breadcrumb\",\"itemListElement\":[{\"@type\":\"ListItem\",\"position\":1,\"name\":\"Home\",\"item\":\"https:\/\/saulkrastubiblioteka.lv\/\"},{\"@type\":\"ListItem\",\"position\":2,\"name\":\"Saulkrastu novada bibliot\u0113kas fili\u0101le &#8220;S\u0113ja&#8221;\"}]},{\"@type\":\"WebSite\",\"@id\":\"https:\/\/saulkrastubiblioteka.lv\/#website\",\"url\":\"https:\/\/saulkrastubiblioteka.lv\/\",\"name\":\"Saulkrastu novada bibliot\u0113ka\",\"description\":\"Vieta, kur labi pavad\u012bt laiku un pab\u016bt mier\u0101\",\"publisher\":{\"@id\":\"https:\/\/saulkrastubiblioteka.lv\/#organization\"},\"potentialAction\":[{\"@type\":\"SearchAction\",\"target\":{\"@type\":\"EntryPoint\",\"urlTemplate\":\"https:\/\/saulkrastubiblioteka.lv\/?s={search_term_string}\"},\"query-input\":{\"@type\":\"PropertyValueSpecification\",\"valueRequired\":true,\"valueName\":\"search_term_string\"}}],\"inLanguage\":\"lv-LV\"},{\"@type\":\"Organization\",\"@id\":\"https:\/\/saulkrastubiblioteka.lv\/#organization\",\"name\":\"Saulkrastu novada bibliot\u0113ka\",\"url\":\"https:\/\/saulkrastubiblioteka.lv\/\",\"logo\":{\"@type\":\"ImageObject\",\"inLanguage\":\"lv-LV\",\"@id\":\"https:\/\/saulkrastubiblioteka.lv\/#\/schema\/logo\/image\/\",\"url\":\"https:\/\/saulkrastubiblioteka.lv\/wp-content\/uploads\/2021\/01\/cropped-logo.png\",\"contentUrl\":\"https:\/\/saulkrastubiblioteka.lv\/wp-content\/uploads\/2021\/01\/cropped-logo.png\",\"width\":240,\"height\":240,\"caption\":\"Saulkrastu novada bibliot\u0113ka\"},\"image\":{\"@id\":\"https:\/\/saulkrastubiblioteka.lv\/#\/schema\/logo\/image\/\"}}]}<\/script>\n<!-- \/ Yoast SEO plugin. -->","yoast_head_json":{"title":"Saulkrastu novada bibliot\u0113kas fili\u0101le \"S\u0113ja\" - Saulkrastu novada bibliot\u0113ka","robots":{"index":"index","follow":"follow","max-snippet":"max-snippet:-1","max-image-preview":"max-image-preview:large","max-video-preview":"max-video-preview:-1"},"canonical":"https:\/\/saulkrastubiblioteka.lv\/index.php\/saulkrastu-novada-bibliotekas-filiale-seja\/","og_locale":"lv_LV","og_type":"article","og_title":"Saulkrastu novada bibliot\u0113kas fili\u0101le \"S\u0113ja\" - Saulkrastu novada bibliot\u0113ka","og_description":"Darba laiks: Pirmdien\u0101s no 9:00 \u2013 18:00Otrdien\u0101s no 9:00 \u2013 17:00Tre\u0161dien\u0101s no 9:00 \u2013 17:00Ceturtdien\u0101s no 9:00 \u2013 17:00Piektdien\u0101s no 9:00 \u2013 16:00 Katra m\u0113ne\u0161a p\u0113d\u0113j\u0101 tre\u0161dien\u0101 bibliot\u0113ka sl\u0113gta \u2013 Spodr\u012bbas diena vai gr\u0101matu apmai\u0146a pakalpojumu snieg\u0161anas viet\u0101 \u201cAinavas\u201d. Bibliot\u0113ku inform\u0101cijas speci\u0101liste Liene Reni\u0146a 27891866 liene.renina@saulkrasti.lv Bibliot\u0113kas adrese: \u201cJ\u0113\u0146i\u201d, Murj\u0101\u0146i, S\u0113jas pagasts, Saulkrastu novads, LV-2142","og_url":"https:\/\/saulkrastubiblioteka.lv\/index.php\/saulkrastu-novada-bibliotekas-filiale-seja\/","og_site_name":"Saulkrastu novada bibliot\u0113ka","article_modified_time":"2022-07-15T07:37:47+00:00","twitter_card":"summary_large_image","schema":{"@context":"https:\/\/schema.org","@graph":[{"@type":"WebPage","@id":"https:\/\/saulkrastubiblioteka.lv\/index.php\/saulkrastu-novada-bibliotekas-filiale-seja\/","url":"https:\/\/saulkrastubiblioteka.lv\/index.php\/saulkrastu-novada-bibliotekas-filiale-seja\/","name":"Saulkrastu novada bibliot\u0113kas fili\u0101le \"S\u0113ja\" - Saulkrastu novada bibliot\u0113ka","isPartOf":{"@id":"https:\/\/saulkrastubiblioteka.lv\/#website"},"datePublished":"2021-09-23T08:04:13+00:00","dateModified":"2022-07-15T07:37:47+00:00","breadcrumb":{"@id":"https:\/\/saulkrastubiblioteka.lv\/index.php\/saulkrastu-novada-bibliotekas-filiale-seja\/#breadcrumb"},"inLanguage":"lv-LV","potentialAction":[{"@type":"ReadAction","target":["https:\/\/saulkrastubiblioteka.lv\/index.php\/saulkrastu-novada-bibliotekas-filiale-seja\/"]}]},{"@type":"BreadcrumbList","@id":"https:\/\/saulkrastubiblioteka.lv\/index.php\/saulkrastu-novada-bibliotekas-filiale-seja\/#breadcrumb","itemListElement":[{"@type":"ListItem","position":1,"name":"Home","item":"https:\/\/saulkrastubiblioteka.lv\/"},{"@type":"ListItem","position":2,"name":"Saulkrastu novada bibliot\u0113kas fili\u0101le &#8220;S\u0113ja&#8221;"}]},{"@type":"WebSite","@id":"https:\/\/saulkrastubiblioteka.lv\/#website","url":"https:\/\/saulkrastubiblioteka.lv\/","name":"Saulkrastu novada bibliot\u0113ka","description":"Vieta, kur labi pavad\u012bt laiku un pab\u016bt mier\u0101","publisher":{"@id":"https:\/\/saulkrastubiblioteka.lv\/#organization"},"potentialAction":[{"@type":"SearchAction","target":{"@type":"EntryPoint","urlTemplate":"https:\/\/saulkrastubiblioteka.lv\/?s={search_term_string}"},"query-input":{"@type":"PropertyValueSpecification","valueRequired":true,"valueName":"search_term_string"}}],"inLanguage":"lv-LV"},{"@type":"Organization","@id":"https:\/\/saulkrastubiblioteka.lv\/#organization","name":"Saulkrastu novada bibliot\u0113ka","url":"https:\/\/saulkrastubiblioteka.lv\/","logo":{"@type":"ImageObject","inLanguage":"lv-LV","@id":"https:\/\/saulkrastubiblioteka.lv\/#\/schema\/logo\/image\/","url":"https:\/\/saulkrastubiblioteka.lv\/wp-content\/uploads\/2021\/01\/cropped-logo.png","contentUrl":"https:\/\/saulkrastubiblioteka.lv\/wp-content\/uploads\/2021\/01\/cropped-logo.png","width":240,"height":240,"caption":"Saulkrastu novada bibliot\u0113ka"},"image":{"@id":"https:\/\/saulkrastubiblioteka.lv\/#\/schema\/logo\/image\/"}}]}},"_links":{"self":[{"href":"https:\/\/saulkrastubiblioteka.lv\/index.php\/wp-json\/wp\/v2\/pages\/5880","targetHints":{"allow":["GET"]}}],"collection":[{"href":"https:\/\/saulkrastubiblioteka.lv\/index.php\/wp-json\/wp\/v2\/pages"}],"about":[{"href":"https:\/\/saulkrastubiblioteka.lv\/index.php\/wp-json\/wp\/v2\/types\/page"}],"author":[{"embeddable":true,"href":"https:\/\/saulkrastubiblioteka.lv\/index.php\/wp-json\/wp\/v2\/users\/1"}],"replies":[{"embeddable":true,"href":"https:\/\/saulkrastubiblioteka.lv\/index.php\/wp-json\/wp\/v2\/comments?post=5880"}],"version-history":[{"count":7,"href":"https:\/\/saulkrastubiblioteka.lv\/index.php\/wp-json\/wp\/v2\/pages\/5880\/revisions"}],"predecessor-version":[{"id":7302,"href":"https:\/\/saulkrastubiblioteka.lv\/index.php\/wp-json\/wp\/v2\/pages\/5880\/revisions\/7302"}],"wp:attachment":[{"href":"https:\/\/saulkrastubiblioteka.lv\/index.php\/wp-json\/wp\/v2\/media?parent=5880"}],"curies":[{"name":"wp","href":"https:\/\/api.w.org\/{rel}","templated":true}]}}