{"id":5107,"date":"2021-03-18T07:12:03","date_gmt":"2021-03-18T07:12:03","guid":{"rendered":"https:\/\/saulkrastubiblioteka.lv\/?page_id=5107"},"modified":"2025-08-25T08:21:49","modified_gmt":"2025-08-25T08:21:49","slug":"saulkrasti-literatura-un-dzeja","status":"publish","type":"page","link":"https:\/\/saulkrastubiblioteka.lv\/index.php\/saulkrasti-literatura-un-dzeja\/","title":{"rendered":"Saulkrasti literat\u016br\u0101"},"content":{"rendered":"\n<p><strong>Brauns, M\u0101rti\u0146\u0161.<\/strong> \u00a0<a href=\"https:\/\/salaspils.biblioteka.lv\/AlisePAC\/Details?title=Saule%2BM%25c4%2581rti%25c5%2586%25c5%25a1%2BDaugava%2B&amp;Id=175578&amp;Ident=1378465&amp;InstanceId=23&amp;LibraryId=0\"><strong>Saule M\u0101rti\u0146\u0161 Daugava<\/strong><\/a> : M\u0101rti\u0146\u0161 Brauns par dz\u012bvi un m\u016bziku sarun\u0101s ar Otto Ozolu \/ Gundegas Blumbergas sak\u0101rtojums ; v\u0101ka foto Atis Ievi\u0146\u0161 ; interv\u0113t\u0101js Otto Ozols ; foto no Ata Ievi\u0146a, Normunda Deinata, Otto Ozola un M\u0101rti\u0146a Brauna person\u012bg\u0101 arh\u012bva ; l\u012bdzautori: Austra Brauna, U\u0123is Brikmanis, \u0112riks Na\u013civaiko, Vilnis \u0160m\u012bdbergs un Juta Brauna. &#8211; [R\u012bga] : Upe tuviem un t\u0101liem, 2018. &#8211; 224 lpp. : fotogr\u0101fijas. <strong><em>Par Saulkrastiem 8.lpp un 11.lpp.<\/em><\/strong><\/p>\n\n\n\n<p><strong>Gudri\u0137e, Biruta, 1928-.<\/strong> <strong>\u00a0<a href=\"https:\/\/salaspils.biblioteka.lv\/AlisePAC\/Details?title=Vi%25c4%25bca%2BL%25c4%2581%25c4%258da%2Bdz%25c4%25abves%2Bun%2Bdarba%2Bvietas%2B&amp;Id=28527&amp;Ident=1288620&amp;InstanceId=23&amp;LibraryId=0\">Vi\u013ca L\u0101\u010da dz\u012bves un darba vietas<\/a><\/strong> \/ B. Gudri\u0137e. &#8211; R\u012bga : Liesma, 1974. &#8211; 82, [13] lpp. : il., fotogr. <strong><em>Par Paba\u017eiem.<\/em><\/strong><\/p>\n\n\n\n<p><strong>Ikl\u0101va, \u0100rija.<\/strong> \u00a0<strong><a href=\"https:\/\/salaspils.biblioteka.lv\/AlisePAC\/Details?title=Ir%2Bvis%25c4%2581di%2Bg%25c4%2581jis%2B&amp;Id=95094&amp;Ident=1341060&amp;InstanceId=23&amp;LibraryId=0\">Ir vis\u0101di g\u0101jis <\/a><\/strong>\/ \u0100rija Ikl\u0101va ; v\u0101ka foto J\u0101nis Andr\u0113jevs ; v\u0101ka dizains Sta\u0146islavs Buls ; red. B\u0101rbala Simsone. &#8211; R\u012bga : Zvaigzne ABC, 2013 (Jelgavas tipogr\u0101fija). &#8211; 239, [1] lpp. : fotogr. <strong><em>Par Zvejniekciemu 122.lpp.<\/em><\/strong><\/p>\n\n\n\n<p><strong>K\u013cavis, Aivars, 1953-.<\/strong> \u00a0<strong><a href=\"https:\/\/salaspils.biblioteka.lv\/AlisePAC\/Details?title=Ce%25c4%25bcos%2Bnelok%25c4%2581mi%2B&amp;Id=96804&amp;Ident=1342742&amp;InstanceId=23&amp;LibraryId=0\">Ce\u013cos nelok\u0101mi<\/a> <\/strong>\/ Aivars K\u013cavis, Imants Pr\u0113delis ; Toma L\u016b\u0161a v\u0101ka dizains un gr\u0101matas makets. &#8211; [Limba\u017eu novads] : Binders, 2013. &#8211; 176 lpp. : il., \u0123\u012bm. ; 24 cm. &#8211; Kopsavilkums ang\u013cu valod\u0101. <strong><em>Par Saulkrastiem 43.-61.lpp., 69.-79.lpp.<\/em><\/strong><\/p>\n\n\n\n<p><strong>Liepi\u0146\u0161, Edgars, 1928-1995.<\/strong> \u00a0<a href=\"https:\/\/salaspils.biblioteka.lv\/AlisePAC\/Details?title=%2522...man%2Bs%25c4%2581p%2Bklusi%2Bun%2Bvientu%25c4%25bci...%2522%2B&amp;Id=9218&amp;Ident=1176015&amp;InstanceId=23&amp;LibraryId=0\"><strong>&#8220;&#8230;man s\u0101p klusi un vientu\u013ci&#8230;&#8221;<\/strong><\/a> : parasta pilso\u0146a piez\u012bmes \/ Edgars Liepi\u0146\u0161 ; sast\u0101d\u012bt\u0101ji: Kristaps Liepi\u0146\u0161 un \u0112riks H\u0101nbergs ; Vairas V\u012b\u0137es-Freibergas priek\u0161v\u0101rds ; \u0112rika H\u0101nberga ievads. &#8211; [R\u012bga] : Ant\u0113ra, 2002. &#8211; 798, [1] lpp. : il. &#8211; Bibliogr. nor\u0101des parind\u0113s. <strong><em>Par Saulkrastiem un Zvejniekciemu 782.lpp. un 670.lpp.<\/em><\/strong><\/p>\n\n\n\n<p><strong><a href=\"https:\/\/salaspils.biblioteka.lv\/AlisePAC\/Details?title=M%25c5%25ab%25c5%25beos%2Btautas%2Bsird%25c4%25ab%252c%2B1941-1945%2B&amp;Id=93827&amp;Ident=1339798&amp;InstanceId=23&amp;LibraryId=0\">M\u016b\u017eos tautas sird\u012b<\/a><\/strong>, 1941-1945 \/ sast\u0101d\u012bt\u0101js un teksta autors V. Mi\u0137elsons. &#8211; R\u012bga : Avots, 1980. &#8211; 189, [1] lpp. : il. Otrais pasaules kar\u0161, 1939-1945.<\/p>\n\n\n\n<p><strong>O\u0161a, Aija.<\/strong> \u00a0<strong><a href=\"https:\/\/salaspils.biblioteka.lv\/AlisePAC\/Details?title=K%25c4%2581ds%2Bes%2Bir%252c%2Bt%25c4%2581ds%2Bes%2Bir%2B&amp;Id=14661&amp;Ident=1259415&amp;InstanceId=23&amp;LibraryId=0\">K\u0101ds es ir, t\u0101ds es ir<\/a><\/strong> : par Borisu B\u0113rzi\u0146u, par glezn\u0101m, par dz\u012bvi, par&#8230; \/ Aija O\u0161a ; Imanta Pr\u0113de\u013ca un Sergeja Akuratera foto ; fotomateri\u0101li no VMM fondiem, Ingr\u012bdas Bur\u0101nes pers. arh\u012bva ; M\u0101ra S\u012bmansona v\u0101ka dizains. &#8211; [R\u012bga] : At\u0113na, [2005] (a\/s &#8220;Preses nams&#8221;). &#8211; 114, [1] lpp., 16 lpp. il., \u0123\u012bm. : \u0123\u012bm. ; 22 cm. &#8211; Personu r\u0101d.: 111.-[115.] lpp. &#8211; A.O\u0161a gr\u0101mat\u0101 iepaz\u012bstina ar gleznot\u0101ja profesora Borisa B\u0113rzi\u0146a (1930-2002) bag\u0101taj\u0101m atzi\u0146\u0101m par dz\u012bvi un m\u0101kslu. Sarunas at\u0161ifr\u0113tas, piln\u012bb\u0101 saglab\u0101jot gan Meistara runas veidu, gan izteiksmi, gan vienu otru valodisku negludumu. Sav\u0101s atmi\u0146\u0101s par B.B\u0113rzi\u0146u dal\u0101s vi\u0146a biju\u0161ie kol\u0113\u0123i, audz\u0113k\u0146i, \u0123imenes draugi.<br>\u00a0\u00a0\u00a0\u00a0\u00a0\u00a0\u00a0\u00a0Saturs: M\u0101kslas veidi ir neizdibin\u0101mi. Nav tramvaja uz lielo m\u0101kslu. Pie skaidr\u012bbas tikt gr\u016bti. Es vienm\u0113r run\u0101 pret\u012b. Viss atkar\u012bg no talanta. Ieraudz\u012bju Van Gogu un paklupu. Es esmu vis\u0113d\u0101js. Es zin savu v\u0113rt\u012bbu. Mazliet joku, mazliet ironijas. Atceroties Borisa B\u0113rzi\u0146a dz\u012bvesbiedri Rasmu Bruz\u012bti. Mantojums. <strong><em>Par Saulkrastiem 11.lpp.<\/em><\/strong><\/p>\n\n\n\n<p><strong>Slava, Laima, 1947-.<\/strong> <strong>\u00a0<a href=\"https:\/\/salaspils.biblioteka.lv\/AlisePAC\/Details?title=Dieva%2Bbu%25c4%258da%2B&amp;Id=6258&amp;Ident=1098930&amp;InstanceId=23&amp;LibraryId=0\">Dieva bu\u010da<\/a> <\/strong>: [monogr\u0101fija] \/ Laima Slava. &#8211; R\u012bga : Jumava, 2000. &#8211; 212, [3] lpp., [20] lp. il. : \u0123\u012bm. &#8211; (Piesk\u0101rieni). &#8211; Bibliogr. nor\u0101des parind\u0113s. <strong><em>Par Zvejniekciemu 188.lpp. un 191.lpp.<\/em><\/strong><\/p>\n\n\n\n<p><strong>Venters, Eg\u012bls, (1964-).<\/strong> \u00a0<strong><a href=\"https:\/\/salaspils.biblioteka.lv\/AlisePAC\/Details?title=Radio%2BLuxembourg%2B&amp;Id=18600&amp;Ident=1271927&amp;InstanceId=23&amp;LibraryId=0\">Radio Luxembourg<\/a><\/strong> : [rom\u0101ns] \/ Eg\u012bls Venters ; red. Dace Spar\u0101ne ; m\u0101ksl. Kristians \u0160ics. &#8211; R\u012bga : Dienas Gr\u0101mata, 2007. &#8211; 165, [2] lpp. ; 23 cm. &#8211; E. Venetera rom\u0101n\u0101 uz\u0146\u0113m\u0113js Erv\u012bns Merks, uzzin\u0101jis par sievas neuztic\u012bbu, iz\u0161\u0137iras par \u0101rk\u0101rt\u0113ju r\u012bc\u012bbu. Bet k\u0101p\u0113c Saulkrastu policisti v\u0113r\u0161as pret vi\u0146u ar tik brut\u0101lu ne\u017e\u0113l\u012bbu? Atbilde mekl\u0113jama divdesmit gadu vecos notikumos&#8230;<\/p>\n","protected":false},"excerpt":{"rendered":"<p>Brauns, M\u0101rti\u0146\u0161. \u00a0Saule M\u0101rti\u0146\u0161 Daugava : M\u0101rti\u0146\u0161 Brauns par dz\u012bvi un m\u016bziku sarun\u0101s ar Otto Ozolu \/ Gundegas Blumbergas sak\u0101rtojums ; v\u0101ka foto Atis Ievi\u0146\u0161 ; interv\u0113t\u0101js Otto Ozols ; foto no Ata Ievi\u0146a, Normunda Deinata, Otto Ozola un M\u0101rti\u0146a Brauna person\u012bg\u0101 arh\u012bva ; l\u012bdzautori: Austra Brauna, U\u0123is Brikmanis, \u0112riks Na\u013civaiko, Vilnis \u0160m\u012bdbergs un Juta &hellip; <a href=\"https:\/\/saulkrastubiblioteka.lv\/index.php\/saulkrasti-literatura-un-dzeja\/\" class=\"more-link\">Turpin\u0101t las\u012bt<span class=\"screen-reader-text\"> &#8220;Saulkrasti literat\u016br\u0101&#8221;<\/span><\/a><\/p>\n","protected":false},"author":1,"featured_media":0,"parent":0,"menu_order":0,"comment_status":"closed","ping_status":"closed","template":"","meta":{"footnotes":""},"class_list":["post-5107","page","type-page","status-publish","hentry"],"yoast_head":"<!-- This site is optimized with the Yoast SEO plugin v24.2 - https:\/\/yoast.com\/wordpress\/plugins\/seo\/ -->\n<title>Saulkrasti literat\u016br\u0101 - Saulkrastu novada bibliot\u0113ka<\/title>\n<meta name=\"robots\" content=\"index, follow, max-snippet:-1, max-image-preview:large, max-video-preview:-1\" \/>\n<link rel=\"canonical\" href=\"https:\/\/saulkrastubiblioteka.lv\/index.php\/saulkrasti-literatura-un-dzeja\/\" \/>\n<meta property=\"og:locale\" content=\"lv_LV\" \/>\n<meta property=\"og:type\" content=\"article\" \/>\n<meta property=\"og:title\" content=\"Saulkrasti literat\u016br\u0101 - Saulkrastu novada bibliot\u0113ka\" \/>\n<meta property=\"og:description\" content=\"Brauns, M\u0101rti\u0146\u0161. \u00a0Saule M\u0101rti\u0146\u0161 Daugava : M\u0101rti\u0146\u0161 Brauns par dz\u012bvi un m\u016bziku sarun\u0101s ar Otto Ozolu \/ Gundegas Blumbergas sak\u0101rtojums ; v\u0101ka foto Atis Ievi\u0146\u0161 ; interv\u0113t\u0101js Otto Ozols ; foto no Ata Ievi\u0146a, Normunda Deinata, Otto Ozola un M\u0101rti\u0146a Brauna person\u012bg\u0101 arh\u012bva ; l\u012bdzautori: Austra Brauna, U\u0123is Brikmanis, \u0112riks Na\u013civaiko, Vilnis \u0160m\u012bdbergs un Juta &hellip; Turpin\u0101t las\u012bt &quot;Saulkrasti literat\u016br\u0101&quot;\" \/>\n<meta property=\"og:url\" content=\"https:\/\/saulkrastubiblioteka.lv\/index.php\/saulkrasti-literatura-un-dzeja\/\" \/>\n<meta property=\"og:site_name\" content=\"Saulkrastu novada bibliot\u0113ka\" \/>\n<meta property=\"article:modified_time\" content=\"2025-08-25T08:21:49+00:00\" \/>\n<meta name=\"twitter:card\" content=\"summary_large_image\" \/>\n<meta name=\"twitter:label1\" content=\"Est. reading time\" \/>\n\t<meta name=\"twitter:data1\" content=\"3 min\u016btes\" \/>\n<script type=\"application\/ld+json\" class=\"yoast-schema-graph\">{\"@context\":\"https:\/\/schema.org\",\"@graph\":[{\"@type\":\"WebPage\",\"@id\":\"https:\/\/saulkrastubiblioteka.lv\/index.php\/saulkrasti-literatura-un-dzeja\/\",\"url\":\"https:\/\/saulkrastubiblioteka.lv\/index.php\/saulkrasti-literatura-un-dzeja\/\",\"name\":\"Saulkrasti literat\u016br\u0101 - Saulkrastu novada bibliot\u0113ka\",\"isPartOf\":{\"@id\":\"https:\/\/saulkrastubiblioteka.lv\/#website\"},\"datePublished\":\"2021-03-18T07:12:03+00:00\",\"dateModified\":\"2025-08-25T08:21:49+00:00\",\"breadcrumb\":{\"@id\":\"https:\/\/saulkrastubiblioteka.lv\/index.php\/saulkrasti-literatura-un-dzeja\/#breadcrumb\"},\"inLanguage\":\"lv-LV\",\"potentialAction\":[{\"@type\":\"ReadAction\",\"target\":[\"https:\/\/saulkrastubiblioteka.lv\/index.php\/saulkrasti-literatura-un-dzeja\/\"]}]},{\"@type\":\"BreadcrumbList\",\"@id\":\"https:\/\/saulkrastubiblioteka.lv\/index.php\/saulkrasti-literatura-un-dzeja\/#breadcrumb\",\"itemListElement\":[{\"@type\":\"ListItem\",\"position\":1,\"name\":\"Home\",\"item\":\"https:\/\/saulkrastubiblioteka.lv\/\"},{\"@type\":\"ListItem\",\"position\":2,\"name\":\"Saulkrasti literat\u016br\u0101\"}]},{\"@type\":\"WebSite\",\"@id\":\"https:\/\/saulkrastubiblioteka.lv\/#website\",\"url\":\"https:\/\/saulkrastubiblioteka.lv\/\",\"name\":\"Saulkrastu novada bibliot\u0113ka\",\"description\":\"Vieta, kur labi pavad\u012bt laiku un pab\u016bt mier\u0101\",\"publisher\":{\"@id\":\"https:\/\/saulkrastubiblioteka.lv\/#organization\"},\"potentialAction\":[{\"@type\":\"SearchAction\",\"target\":{\"@type\":\"EntryPoint\",\"urlTemplate\":\"https:\/\/saulkrastubiblioteka.lv\/?s={search_term_string}\"},\"query-input\":{\"@type\":\"PropertyValueSpecification\",\"valueRequired\":true,\"valueName\":\"search_term_string\"}}],\"inLanguage\":\"lv-LV\"},{\"@type\":\"Organization\",\"@id\":\"https:\/\/saulkrastubiblioteka.lv\/#organization\",\"name\":\"Saulkrastu novada bibliot\u0113ka\",\"url\":\"https:\/\/saulkrastubiblioteka.lv\/\",\"logo\":{\"@type\":\"ImageObject\",\"inLanguage\":\"lv-LV\",\"@id\":\"https:\/\/saulkrastubiblioteka.lv\/#\/schema\/logo\/image\/\",\"url\":\"https:\/\/saulkrastubiblioteka.lv\/wp-content\/uploads\/2021\/01\/cropped-logo.png\",\"contentUrl\":\"https:\/\/saulkrastubiblioteka.lv\/wp-content\/uploads\/2021\/01\/cropped-logo.png\",\"width\":240,\"height\":240,\"caption\":\"Saulkrastu novada bibliot\u0113ka\"},\"image\":{\"@id\":\"https:\/\/saulkrastubiblioteka.lv\/#\/schema\/logo\/image\/\"}}]}<\/script>\n<!-- \/ Yoast SEO plugin. -->","yoast_head_json":{"title":"Saulkrasti literat\u016br\u0101 - Saulkrastu novada bibliot\u0113ka","robots":{"index":"index","follow":"follow","max-snippet":"max-snippet:-1","max-image-preview":"max-image-preview:large","max-video-preview":"max-video-preview:-1"},"canonical":"https:\/\/saulkrastubiblioteka.lv\/index.php\/saulkrasti-literatura-un-dzeja\/","og_locale":"lv_LV","og_type":"article","og_title":"Saulkrasti literat\u016br\u0101 - Saulkrastu novada bibliot\u0113ka","og_description":"Brauns, M\u0101rti\u0146\u0161. \u00a0Saule M\u0101rti\u0146\u0161 Daugava : M\u0101rti\u0146\u0161 Brauns par dz\u012bvi un m\u016bziku sarun\u0101s ar Otto Ozolu \/ Gundegas Blumbergas sak\u0101rtojums ; v\u0101ka foto Atis Ievi\u0146\u0161 ; interv\u0113t\u0101js Otto Ozols ; foto no Ata Ievi\u0146a, Normunda Deinata, Otto Ozola un M\u0101rti\u0146a Brauna person\u012bg\u0101 arh\u012bva ; l\u012bdzautori: Austra Brauna, U\u0123is Brikmanis, \u0112riks Na\u013civaiko, Vilnis \u0160m\u012bdbergs un Juta &hellip; Turpin\u0101t las\u012bt \"Saulkrasti literat\u016br\u0101\"","og_url":"https:\/\/saulkrastubiblioteka.lv\/index.php\/saulkrasti-literatura-un-dzeja\/","og_site_name":"Saulkrastu novada bibliot\u0113ka","article_modified_time":"2025-08-25T08:21:49+00:00","twitter_card":"summary_large_image","twitter_misc":{"Est. reading time":"3 min\u016btes"},"schema":{"@context":"https:\/\/schema.org","@graph":[{"@type":"WebPage","@id":"https:\/\/saulkrastubiblioteka.lv\/index.php\/saulkrasti-literatura-un-dzeja\/","url":"https:\/\/saulkrastubiblioteka.lv\/index.php\/saulkrasti-literatura-un-dzeja\/","name":"Saulkrasti literat\u016br\u0101 - Saulkrastu novada bibliot\u0113ka","isPartOf":{"@id":"https:\/\/saulkrastubiblioteka.lv\/#website"},"datePublished":"2021-03-18T07:12:03+00:00","dateModified":"2025-08-25T08:21:49+00:00","breadcrumb":{"@id":"https:\/\/saulkrastubiblioteka.lv\/index.php\/saulkrasti-literatura-un-dzeja\/#breadcrumb"},"inLanguage":"lv-LV","potentialAction":[{"@type":"ReadAction","target":["https:\/\/saulkrastubiblioteka.lv\/index.php\/saulkrasti-literatura-un-dzeja\/"]}]},{"@type":"BreadcrumbList","@id":"https:\/\/saulkrastubiblioteka.lv\/index.php\/saulkrasti-literatura-un-dzeja\/#breadcrumb","itemListElement":[{"@type":"ListItem","position":1,"name":"Home","item":"https:\/\/saulkrastubiblioteka.lv\/"},{"@type":"ListItem","position":2,"name":"Saulkrasti literat\u016br\u0101"}]},{"@type":"WebSite","@id":"https:\/\/saulkrastubiblioteka.lv\/#website","url":"https:\/\/saulkrastubiblioteka.lv\/","name":"Saulkrastu novada bibliot\u0113ka","description":"Vieta, kur labi pavad\u012bt laiku un pab\u016bt mier\u0101","publisher":{"@id":"https:\/\/saulkrastubiblioteka.lv\/#organization"},"potentialAction":[{"@type":"SearchAction","target":{"@type":"EntryPoint","urlTemplate":"https:\/\/saulkrastubiblioteka.lv\/?s={search_term_string}"},"query-input":{"@type":"PropertyValueSpecification","valueRequired":true,"valueName":"search_term_string"}}],"inLanguage":"lv-LV"},{"@type":"Organization","@id":"https:\/\/saulkrastubiblioteka.lv\/#organization","name":"Saulkrastu novada bibliot\u0113ka","url":"https:\/\/saulkrastubiblioteka.lv\/","logo":{"@type":"ImageObject","inLanguage":"lv-LV","@id":"https:\/\/saulkrastubiblioteka.lv\/#\/schema\/logo\/image\/","url":"https:\/\/saulkrastubiblioteka.lv\/wp-content\/uploads\/2021\/01\/cropped-logo.png","contentUrl":"https:\/\/saulkrastubiblioteka.lv\/wp-content\/uploads\/2021\/01\/cropped-logo.png","width":240,"height":240,"caption":"Saulkrastu novada bibliot\u0113ka"},"image":{"@id":"https:\/\/saulkrastubiblioteka.lv\/#\/schema\/logo\/image\/"}}]}},"_links":{"self":[{"href":"https:\/\/saulkrastubiblioteka.lv\/index.php\/wp-json\/wp\/v2\/pages\/5107","targetHints":{"allow":["GET"]}}],"collection":[{"href":"https:\/\/saulkrastubiblioteka.lv\/index.php\/wp-json\/wp\/v2\/pages"}],"about":[{"href":"https:\/\/saulkrastubiblioteka.lv\/index.php\/wp-json\/wp\/v2\/types\/page"}],"author":[{"embeddable":true,"href":"https:\/\/saulkrastubiblioteka.lv\/index.php\/wp-json\/wp\/v2\/users\/1"}],"replies":[{"embeddable":true,"href":"https:\/\/saulkrastubiblioteka.lv\/index.php\/wp-json\/wp\/v2\/comments?post=5107"}],"version-history":[{"count":27,"href":"https:\/\/saulkrastubiblioteka.lv\/index.php\/wp-json\/wp\/v2\/pages\/5107\/revisions"}],"predecessor-version":[{"id":9863,"href":"https:\/\/saulkrastubiblioteka.lv\/index.php\/wp-json\/wp\/v2\/pages\/5107\/revisions\/9863"}],"wp:attachment":[{"href":"https:\/\/saulkrastubiblioteka.lv\/index.php\/wp-json\/wp\/v2\/media?parent=5107"}],"curies":[{"name":"wp","href":"https:\/\/api.w.org\/{rel}","templated":true}]}}