{"id":4379,"date":"2021-02-24T06:17:26","date_gmt":"2021-02-24T06:17:26","guid":{"rendered":"https:\/\/saulkrastubiblioteka.lv\/?page_id=4379"},"modified":"2025-08-25T08:42:37","modified_gmt":"2025-08-25T08:42:37","slug":"gramatas-3","status":"publish","type":"page","link":"https:\/\/saulkrastubiblioteka.lv\/index.php\/gramatas-3\/","title":{"rendered":"Gr\u0101matas novadp\u0113tniec\u012bbas kr\u0101jum\u0101"},"content":{"rendered":"\n<p><strong><a href=\"https:\/\/salaspils.biblioteka.lv\/Alise\/lv\/7\/book.aspx\/bibliographic?id=8744\"><strong>Cimdi\u0146\u0161, P\u0113teris <\/strong><\/a><strong><a href=\"https:\/\/salaspils.biblioteka.lv\/AlisePAC\/Details?title=Maz%25c4%2581s%2Bupes%2B&amp;Id=8744&amp;Ident=1175513&amp;InstanceId=23&amp;LibraryId=0\"><strong>Maz\u0101s upes<\/strong><\/a> <\/strong><\/strong>Zin\u0101tne, 1983. 61 lpp., 4 lp. il.<\/p>\n\n\n\n<p>Cukurs, T\u0101livaldis <a href=\"https:\/\/salaspils.biblioteka.lv\/AlisePAC\/Details?title=Pastaiga%2Bpa%2Bliedagu%2B&amp;Id=9265&amp;Ident=1176063&amp;InstanceId=23&amp;LibraryId=0\"><strong>Pastaiga pa liedagu<\/strong><\/a> Zin\u0101tne, 1983. 62, [2] lpp., 4 lp. il.<\/p>\n\n\n\n<p><a href=\"https:\/\/salaspils.biblioteka.lv\/AlisePAC\/Details?title=Dabas%2Bpiest%25c4%2581tne.%2B%255bkatalogs%255d%2B%253a%2B%255bR%25c4%25abgas%2Brajona%2BPirm%25c4%2581%2B&amp;Id=13030&amp;Ident=1256443&amp;InstanceId=23&amp;LibraryId=0\"><strong>Dabas piest\u0101tne<\/strong><\/a> R\u012bgas rajona padome, 2004. 85 lpp.<\/p>\n\n\n\n<p>Eni\u0146\u0161, Guntis <a href=\"https:\/\/salaspils.biblioteka.lv\/AlisePAC\/Details?title=Koks%2B-%2Bdabas%2Bpiemineklis%2B&amp;Id=8893&amp;Ident=1175682&amp;InstanceId=23&amp;LibraryId=0\"><strong>Koks &#8211; dabas piemineklis<\/strong><\/a> Zin\u0101tne, 1982. 93, [2] lpp.<\/p>\n\n\n\n<p>Freimanis, Aivars <a href=\"https:\/\/salaspils.biblioteka.lv\/AlisePAC\/Details?title=Sorento%2Bst%25c4%2581sti%2B&amp;Id=16045&amp;Ident=1262618&amp;InstanceId=23&amp;LibraryId=0\"><strong>Sorento st\u0101sti<\/strong><\/a> R\u012bga : Liesma, 1988. 220, [2] lpp.<\/p>\n\n\n\n<p><a href=\"https:\/\/salaspils.biblioteka.lv\/AlisePAC\/Details?title=%25c4%25aasas%2Bpam%25c4%2581c%25c4%25abbas%2Bindividu%25c4%2581lajam%2Bb%25c5%25abv%25c4%2593t%25c4%2581jam.%2B%255buzzi%25c5%2586as%255d&amp;Id=4298&amp;Ident=9900788&amp;InstanceId=23&amp;LibraryId=0\"><strong>\u012asas pam\u0101c\u012bbas individu\u0101lajam b\u016bv\u0113t\u0101jam<\/strong><\/a> Latvijas KP CK, 1988. 84 lpp.<\/p>\n\n\n\n<p>K\u013cavis, Aivars <a href=\"https:\/\/salaspils.biblioteka.lv\/Alise\/lv\/7\/book.aspx?id=96804&amp;ident=1342742\"><strong>Ce\u013cos <\/strong><\/a><strong><a href=\"https:\/\/salaspils.biblioteka.lv\/AlisePAC\/Details?title=Ce%25c4%25bcos%2Bnelok%25c4%2581mi%2B&amp;Id=96804&amp;Ident=1342742&amp;InstanceId=23&amp;LibraryId=0\">n<\/a><\/strong><a href=\"https:\/\/salaspils.biblioteka.lv\/Alise\/lv\/7\/book.aspx?id=96804&amp;ident=1342742\"><strong>elok\u0101mi<\/strong><\/a> Binders, 2013. 176 lpp.<\/p>\n\n\n\n<p>Lasmanis, Imants <a href=\"https:\/\/salaspils.biblioteka.lv\/AlisePAC\/Details?title=Ievas%2Bzars%2B&amp;Id=22544&amp;Ident=1278556&amp;InstanceId=23&amp;LibraryId=0\"><strong>Ievas zars<\/strong><\/a> R\u012bga : Liesma, 1980. 301, [1] lpp.<\/p>\n\n\n\n<p>Laumane, Benita <a href=\"https:\/\/salaspils.biblioteka.lv\/AlisePAC\/Details?title=Zeme%252c%2Bj%25c5%25abra%252c%2Bzvejvietas%2B&amp;Id=82&amp;Ident=9600126&amp;InstanceId=23&amp;LibraryId=0\"><strong>Zeme, j\u016bra, zvejvietas<\/strong><\/a> Zin\u0101tne, 1996. 396,[3] lpp., [8] lp. il.<\/p>\n\n\n\n<p>Liepi\u0146\u0161, Edv\u012bns <a href=\"https:\/\/salaspils.biblioteka.lv\/AlisePAC\/Details?title=No%2BLeitnera%2Bl%25c4%25abdz%2B%25c4%2592renpreisam%2B&amp;Id=27888&amp;Ident=1287885&amp;InstanceId=23&amp;LibraryId=0\"><strong>No Leitnera l\u012bdz \u0112renpreisam<\/strong><\/a> R\u012bga : Latvijas Industri\u0101l\u0101 mantojuma fonds, 2009. 208 lpp.<\/p>\n\n\n\n<p>L\u012bce, Silvija <a href=\"https:\/\/salaspils.biblioteka.lv\/AlisePAC\/Details?title=Bez%2BBalt%25c4%2581%2BNama%2B&amp;Id=46&amp;Ident=9600081&amp;InstanceId=23&amp;LibraryId=0\"><strong>Bez Balt\u0101 Nama<\/strong><\/a> Likte\u0146st\u0101sti, [1995]. 243,[5] lpp., [16] lp.il.<\/p>\n\n\n\n<p><a href=\"https:\/\/salaspils.biblioteka.lv\/AlisePAC\/Details?title=M%25c5%25ab%25c5%25beos%2Btautas%2Bsird%25c4%25ab%252c%2B1941-1945%2B&amp;Id=93827&amp;Ident=1339798&amp;InstanceId=23&amp;LibraryId=0\"><strong>M\u016b\u017eos tautas sird\u012b, 1941-1945<\/strong><\/a> Avots, 1980. 189, [1] lpp.<\/p>\n\n\n\n<p>O\u0161a, Aija <a href=\"https:\/\/salaspils.biblioteka.lv\/AlisePAC\/Details?title=Divat%25c4%2581%2B&amp;Id=10679&amp;Ident=1240566&amp;InstanceId=23&amp;LibraryId=0\"><strong>Divat\u0101<\/strong><\/a> Jumava, [2003]. 244, [4] lpp., [20] lp. il.<\/p>\n\n\n\n<p>Plaudis, Arv\u012bds <a href=\"https:\/\/salaspils.biblioteka.lv\/AlisePAC\/Details?title=R%25c4%25abgas%2Brajons%2B&amp;Id=5110&amp;Ident=1000375&amp;InstanceId=23&amp;LibraryId=0\"><strong>R\u012bgas rajons<\/strong><\/a> R\u012bga : Avots, 1988. 205, [2] lpp.<\/p>\n\n\n\n<p>Plaudis, Arv\u012bds <a href=\"https:\/\/salaspils.biblioteka.lv\/AlisePAC\/Details?title=Vidzemes%2BJ%25c5%25abrmala%2B&amp;Id=33958&amp;Ident=1295605&amp;InstanceId=23&amp;LibraryId=0\"><strong>Vidzemes J\u016brmala<\/strong><\/a> Avots, 1985. 60, [3] lpp.<\/p>\n\n\n\n<p>Serd\u0101ns, V. <a href=\"https:\/\/salaspils.biblioteka.lv\/AlisePAC\/Details?title=Nezinot%252c%2Bkas%2Bir%2Bviegli%2B&amp;Id=28262&amp;Ident=1288303&amp;InstanceId=23&amp;LibraryId=0\"><strong>Nezinot, kas ir viegli<\/strong><\/a> Liesma, 1985. 46, [2] lpp.<\/p>\n\n\n\n<p>Veldre, Vilis <a href=\"https:\/\/salaspils.biblioteka.lv\/AlisePAC\/Details?title=Dz%25c4%25abve%2Bpie%2Bj%25c5%25abras%2B&amp;Id=45677&amp;Ident=1311700&amp;InstanceId=23&amp;LibraryId=0\"><strong>Dz\u012bve pie j\u016bras<\/strong><\/a> LKF, 1991. 189, 3] lpp., 12 lpp. il.<\/p>\n\n\n\n<p><a href=\"https:\/\/salaspils.biblioteka.lv\/AlisePAC\/Details?title=Vidzem%25c4%2593%2Bman%2Bb%25c5%25abt!.%2B%255bfotogr%25c4%2581fiju%2Balbums%255d%2B&amp;Id=146391&amp;Ident=1367261&amp;InstanceId=23&amp;LibraryId=0\"><strong>Vidzem\u0113 man b\u016bt!<\/strong><\/a> Balvu ol\u016bts, 2016. 206, [2] lpp.<\/p>\n\n\n\n<p>Zem\u012bte, Inga <a href=\"https:\/\/salaspils.biblioteka.lv\/AlisePAC\/Details?title=Saulkrasti%2B&amp;Id=106660&amp;Ident=1350532&amp;InstanceId=23&amp;LibraryId=0\"><strong>Saulkrasti<\/strong><\/a> [Saulkrasti] : Saulkrastu novada dome, [2014]. 191 lpp.<\/p>\n\n\n\n<p>Ziedonis, Rimants <a href=\"https:\/\/salaspils.biblioteka.lv\/AlisePAC\/Details?title=J%25c5%25abras%2Bzem%25c4%2593%2BLatvij%25c4%2581%2B&amp;Id=34927&amp;Ident=1296903&amp;InstanceId=23&amp;LibraryId=0\"><strong>J\u016bras zem\u0113 Latvij\u0101<\/strong><\/a> Zvaigzne ABC, [2009]. 287 lpp.<\/p>\n\n\n\n<p>Zilgalvis, J\u0101nis <a href=\"https:\/\/salaspils.biblioteka.lv\/AlisePAC\/Details?title=Sakr%25c4%2581l%25c4%2581s%2Barhitekt%25c5%25abras%2Bun%2Bm%25c4%2581kslas%2Bmantojums%2Bv%25c4%2593sturi&amp;Id=195019&amp;Ident=1381931&amp;InstanceId=23&amp;LibraryId=0\"><strong>Sakr\u0101l\u0101s arhitekt\u016bras un m\u0101kslas mantojums v\u0113sturiskaj\u0101 R\u012bgas rajon\u0101 un J\u016brmal\u0101<\/strong><\/a> R\u012bga : Neputns, 2018. 287 lpp.<\/p>\n\n\n\n<p><a href=\"https:\/\/salaspils.biblioteka.lv\/AlisePAC\/Details?title=%2522Zvejnieks%2522%2B&amp;Id=186450&amp;Ident=1380349&amp;InstanceId=23&amp;LibraryId=0\"><strong>&#8220;Zvejnieks&#8221;<\/strong><\/a> R\u012bga : Avots, 1985. 38, [1] lpp.<\/p>\n\n\n\n<h2 class=\"wp-block-heading\"><strong>BIOGR\u0100FIJAS<\/strong><\/h2>\n\n\n\n<div class=\"wp-block-group\"><div class=\"wp-block-group__inner-container is-layout-flow wp-block-group-is-layout-flow\">\n<ul class=\"wp-block-list\">\n<li>PAR \u0122ENER\u0100LI J\u0100NI BALODI<\/li>\n<\/ul>\n<\/div><\/div>\n\n\n\n<p>Auzi\u0146\u0161, Arnolds <a href=\"https:\/\/salaspils.biblioteka.lv\/Alise\/lv\/7\/book.aspx?id=17124&amp;ident=1265364\"><strong>\u0122ene<\/strong><\/a><strong><a href=\"https:\/\/salaspils.biblioteka.lv\/AlisePAC\/Details?title=%25c4%25a2ener%25c4%2581lis%2BJ%25c4%2581nis%2BBalodis%2B&amp;Id=17124&amp;Ident=1265364&amp;InstanceId=23&amp;LibraryId=0\">r<\/a><\/strong><a href=\"https:\/\/salaspils.biblioteka.lv\/Alise\/lv\/7\/book.aspx?id=17124&amp;ident=1265364\"><strong>\u0101lis J\u0101nis Balodis<\/strong><\/a> Jumava, 2006. 179 lpp.<\/p>\n\n\n\n<p>Caune, Andris <a href=\"https:\/\/salaspils.biblioteka.lv\/AlisePAC\/Details?title=%25c4%25a2ener%25c4%2581lis%2BJ%25c4%2581nis%2BBalodis%2Bun%2Bvi%25c5%2586a%2Bdzimtais%2Bnovads%2BTr&amp;Id=223856&amp;Ident=1388804&amp;InstanceId=23&amp;LibraryId=0\"><strong>\u0122ener\u0101lis J\u0101nis Balodis un vi\u0146a dzimtais novads Trik\u0101ta<\/strong><\/a> R\u012bga : Jumava, 2020. 143 lpp.<\/p>\n\n\n\n<div class=\"wp-block-group\"><div class=\"wp-block-group__inner-container is-layout-flow wp-block-group-is-layout-flow\">\n<ul class=\"wp-block-list\">\n<li>PAR B\u0100RDU DZIMTU<\/li>\n<\/ul>\n<\/div><\/div>\n\n\n\n<p>B\u0101rda, Edv\u012bns <a href=\"https:\/\/salaspils.biblioteka.lv\/AlisePAC\/Details?title=Atmi%25c5%2586as%2Bpar%2B%2522Rumbi%25c5%2586u%2522%2BB%25c4%2581rd%25c4%2581m%2B&amp;Id=15125&amp;Ident=1260661&amp;InstanceId=23&amp;LibraryId=0\"><strong>Atmi\u0146as par &#8220;Rumbi\u0146u&#8221; B\u0101rd\u0101m<\/strong><\/a> Bruno Pl\u016bme, 2005. 349, [1] lpp.<\/p>\n\n\n\n<p>B\u0101rda, Paul\u012bna <a href=\"https:\/\/salaspils.biblioteka.lv\/AlisePAC\/Details?title=Rudens%2Bputni%25c5%2586%25c5%25a1%2B&amp;Id=22196&amp;Ident=1278045&amp;InstanceId=23&amp;LibraryId=0\"><strong>Rudens putni\u0146\u0161<\/strong><\/a> R\u012bga : Liesma, 1973. 165, [1] lpp.<\/p>\n\n\n\n<p>B\u0101rda, Paul\u012bna <a href=\"https:\/\/salaspils.biblioteka.lv\/AlisePAC\/Details?title=Rudens%2Bputni%25c5%2586%25c5%25a1%2B&amp;Id=22196&amp;Ident=1278045&amp;InstanceId=23&amp;LibraryId=0\"><strong>Vakarsaule<\/strong><\/a> R\u012bga : Liesma, 1982. 99, [4] lpp.<\/p>\n\n\n\n<p>Ferbers, Balfurs <a href=\"https:\/\/salaspils.biblioteka.lv\/AlisePAC\/Details?title=Zvaig%25c5%25be%25c5%2586u%2Bskait%25c4%25abt%25c4%2581ji%2B&amp;Id=2218&amp;Ident=9701272&amp;InstanceId=23&amp;LibraryId=0\"><strong>Zvaig\u017e\u0146u skait\u012bt\u0101ji<\/strong><\/a> Di\u017e\u0123imene, 1997. 269, [3] lpp.<\/p>\n\n\n\n<div class=\"wp-block-group\"><div class=\"wp-block-group__inner-container is-layout-flow wp-block-group-is-layout-flow\">\n<ul class=\"wp-block-list\">\n<li>PAR KOMPONISTU ALFR\u0112DU KALNI\u0145U<\/li>\n<\/ul>\n<\/div><\/div>\n\n\n\n<p>Kloti\u0146\u0161, Arnolds <a href=\"https:\/\/salaspils.biblioteka.lv\/AlisePAC\/Details?title=Alfr%25c4%2593ds%2BKalni%25c5%2586%25c5%25a1%2B&amp;Id=548&amp;Ident=9600597&amp;InstanceId=23&amp;LibraryId=0\"><strong>Alfr\u0113ds Kalni\u0146\u0161<\/strong><\/a> Zin\u0101tne, 1979. 471, [3] lpp., [13] lp. il., \u0123\u012bm.<\/p>\n\n\n\n<div class=\"wp-block-group\"><div class=\"wp-block-group__inner-container is-layout-flow wp-block-group-is-layout-flow\">\n<ul class=\"wp-block-list\">\n<li>PAR BR\u0100\u013bIEM KAUDZ\u012aT\u0112M<\/li>\n<\/ul>\n<\/div><\/div>\n\n\n\n<p>Anspaks, Antons <a href=\"https:\/\/salaspils.biblioteka.lv\/AlisePAC\/Details?title=Br%25c4%2581%25c4%25bcu%2BKaudz%25c4%25ab%25c5%25a1u%2Bdz%25c4%25abves%2Bun%2Bdarba%2Bvietas%2B&amp;Id=28510&amp;Ident=1288592&amp;InstanceId=23&amp;LibraryId=0\"><strong>Br\u0101\u013cu Kaudz\u012b\u0161u dz\u012bves un darba vietas<\/strong><\/a> Liesma, 1979. 93, [1] lpp.<\/p>\n\n\n\n<p><a href=\"https:\/\/salaspils.biblioteka.lv\/AlisePAC\/Details?title=Br%25c4%2581%25c4%25bci%2BKaudz%25c4%25abtes%2Bun%2Bvi%25c5%2586u%2Bpiemi%25c5%2586as%2Bmuzejs%2BVecpiebalg&amp;Id=36519&amp;Ident=1299141&amp;InstanceId=23&amp;LibraryId=0\"><strong>Br\u0101\u013ci Kaudz\u012btes un vi\u0146u piemi\u0146as muzejs Vecpiebalg\u0101<\/strong><\/a> Latvijas PSR ZA izdevniec\u012bba, 1958. 36, [3] lpp.<\/p>\n\n\n\n<div class=\"wp-block-group\"><div class=\"wp-block-group__inner-container is-layout-flow wp-block-group-is-layout-flow\">\n<ul class=\"wp-block-list\">\n<li>PAR RAKSTNIEKU VILI L\u0100CI<\/li>\n<\/ul>\n<\/div><\/div>\n\n\n\n<p><a href=\"https:\/\/salaspils.biblioteka.lv\/AlisePAC\/Details?title=Atmi%25c5%2586as%2Bpar%2BVili%2BL%25c4%2581ci%2B&amp;Id=28530&amp;Ident=1288624&amp;InstanceId=23&amp;LibraryId=0\"><strong>Atmi\u0146as par Vili L\u0101ci<\/strong><\/a> Liesma, 1975. 232 lpp.<\/p>\n\n\n\n<p>Gudri\u0137e, Biruta <a href=\"https:\/\/salaspils.biblioteka.lv\/AlisePAC\/Details?title=Vi%25c4%25bca%2BL%25c4%2581%25c4%258da%2Bdz%25c4%25abves%2Bun%2Bdarba%2Bvietas%2B&amp;Id=28527&amp;Ident=1288620&amp;InstanceId=23&amp;LibraryId=0\"><strong>Vi\u013ca L\u0101\u010da dz\u012bves un darba vietas<\/strong><\/a> Liesma, 1974. 82, [13] lpp.<\/p>\n\n\n\n<p>Sokolova, Ingr\u012bda <a href=\"https:\/\/salaspils.biblioteka.lv\/AlisePAC\/Details?title=No%2Btautas%2Btautai%2B&amp;Id=23531&amp;Ident=1279968&amp;InstanceId=23&amp;LibraryId=0\"><strong>No tautas tautai<\/strong><\/a> Liesma, 1977. 307, [2] lpp.<\/p>\n\n\n\n<div class=\"wp-block-group\"><div class=\"wp-block-group__inner-container is-layout-flow wp-block-group-is-layout-flow\">\n<ul class=\"wp-block-list\">\n<li>PAR ARHITEKTI MARTU STA\u0145U<\/li>\n<\/ul>\n<\/div><\/div>\n\n\n\n<p>Lejnieks, J\u0101nis <a href=\"https:\/\/salaspils.biblioteka.lv\/AlisePAC\/Details?title=Marta%2BSta%25c5%2586a.%2BVienk%25c4%2581r%25c5%25a1i%252c%2Bar%2Bv%25c4%2593rienu%2B&amp;Id=96202&amp;Ident=1342141&amp;InstanceId=23&amp;LibraryId=0\"><strong>Marta Sta\u0146a. Vienk\u0101r\u0161i, ar v\u0113rienu<\/strong><\/a> R\u012bgas pils\u0113tas arhitekta birojs, 2013. 118, [1] lpp.<\/p>\n\n\n\n<div class=\"wp-block-group\"><div class=\"wp-block-group__inner-container is-layout-flow wp-block-group-is-layout-flow\">\n<ul class=\"wp-block-list\">\n<li>PAR KOMPONISTU J\u0100ZEPU V\u012aTOLU<\/li>\n<\/ul>\n<\/div><\/div>\n\n\n\n<p>Gr\u0101v\u012btis, O\u013c\u0123erts <a href=\"https:\/\/salaspils.biblioteka.lv\/AlisePAC\/Details?title=Izcil%25c4%2581ko%2Blatvie%25c5%25a1u%2Bkomponistu%2B%25c4%25absas%2Bbiogr%25c4%2581fijas%2B&amp;Id=790&amp;Ident=9600843&amp;InstanceId=23&amp;LibraryId=0\"><strong>Izcil\u0101ko latvie\u0161u komponistu \u012bsas biogr\u0101fijas<\/strong><\/a> LVI, 1953. 66, [2] lpp., [15] lp. portr.<\/p>\n\n\n\n<p>Gr\u0101v\u012btis, O\u013c\u0123erts <a href=\"https:\/\/salaspils.biblioteka.lv\/AlisePAC\/Details?title=J%25c4%2581zeps%2BV%25c4%25abtols%2Bun%2Blatvie%25c5%25a1u%2Btautas%2Bdziesma%2B&amp;Id=29663&amp;Ident=1289987&amp;InstanceId=23&amp;LibraryId=0\"><strong>J\u0101zeps V\u012btols un latvie\u0161u tautas dziesma<\/strong><\/a> Latvijas Valsts izdevniec\u012bba, 1958. 253, [2] lpp.<\/p>\n\n\n\n<p><a href=\"https:\/\/salaspils.biblioteka.lv\/AlisePAC\/Details?title=J%25c4%2581zepa%2BV%25c4%25abtola%2BLatvijas%2BValsts%2BKonservatorija%2B&amp;Id=5525&amp;Ident=1014732&amp;InstanceId=23&amp;LibraryId=0\"><strong>J\u0101zepa V\u012btola Latvijas Valsts konservatorija, 1940-1965<\/strong><\/a> R\u012bga : Liesma, 1965. 143, [2] lpp., [24] lp. il.<\/p>\n\n\n\n<p><a href=\"https:\/\/salaspils.biblioteka.lv\/AlisePAC\/Details?title=J%25c4%2581zeps%2BV%25c4%25abtols.%2Btuvinieku%252c%2Baudz%25c4%2593k%25c5%2586u%2Bun%2Blaikabiedru%2B&amp;Id=4958&amp;Ident=1000223&amp;InstanceId=23&amp;LibraryId=0\"><strong>J\u0101zeps V\u012btols<\/strong><\/a> R\u012bga : Zin\u0101tne, 1999. 324, [1] lpp., [8] lp. fotoil., [1] lp. \u0123\u012bm.<\/p>\n\n\n\n<p><\/p>\n","protected":false},"excerpt":{"rendered":"<p>Cimdi\u0146\u0161, P\u0113teris Maz\u0101s upes Zin\u0101tne, 1983. 61 lpp., 4 lp. il. Cukurs, T\u0101livaldis Pastaiga pa liedagu Zin\u0101tne, 1983. 62, [2] lpp., 4 lp. il. Dabas piest\u0101tne R\u012bgas rajona padome, 2004. 85 lpp. Eni\u0146\u0161, Guntis Koks &#8211; dabas piemineklis Zin\u0101tne, 1982. 93, [2] lpp. Freimanis, Aivars Sorento st\u0101sti R\u012bga : Liesma, 1988. 220, [2] lpp. \u012asas &hellip; <a href=\"https:\/\/saulkrastubiblioteka.lv\/index.php\/gramatas-3\/\" class=\"more-link\">Turpin\u0101t las\u012bt<span class=\"screen-reader-text\"> &#8220;Gr\u0101matas novadp\u0113tniec\u012bbas kr\u0101jum\u0101&#8221;<\/span><\/a><\/p>\n","protected":false},"author":1,"featured_media":0,"parent":0,"menu_order":0,"comment_status":"closed","ping_status":"closed","template":"","meta":{"footnotes":""},"class_list":["post-4379","page","type-page","status-publish","hentry"],"yoast_head":"<!-- This site is optimized with the Yoast SEO plugin v24.2 - https:\/\/yoast.com\/wordpress\/plugins\/seo\/ -->\n<title>Gr\u0101matas novadp\u0113tniec\u012bbas kr\u0101jum\u0101 - Saulkrastu novada bibliot\u0113ka<\/title>\n<meta name=\"robots\" content=\"index, follow, max-snippet:-1, max-image-preview:large, max-video-preview:-1\" \/>\n<link rel=\"canonical\" href=\"https:\/\/saulkrastubiblioteka.lv\/index.php\/gramatas-3\/\" \/>\n<meta property=\"og:locale\" content=\"lv_LV\" \/>\n<meta property=\"og:type\" content=\"article\" \/>\n<meta property=\"og:title\" content=\"Gr\u0101matas novadp\u0113tniec\u012bbas kr\u0101jum\u0101 - Saulkrastu novada bibliot\u0113ka\" \/>\n<meta property=\"og:description\" content=\"Cimdi\u0146\u0161, P\u0113teris Maz\u0101s upes Zin\u0101tne, 1983. 61 lpp., 4 lp. il. Cukurs, T\u0101livaldis Pastaiga pa liedagu Zin\u0101tne, 1983. 62, [2] lpp., 4 lp. il. Dabas piest\u0101tne R\u012bgas rajona padome, 2004. 85 lpp. Eni\u0146\u0161, Guntis Koks &#8211; dabas piemineklis Zin\u0101tne, 1982. 93, [2] lpp. Freimanis, Aivars Sorento st\u0101sti R\u012bga : Liesma, 1988. 220, [2] lpp. \u012asas &hellip; Turpin\u0101t las\u012bt &quot;Gr\u0101matas novadp\u0113tniec\u012bbas kr\u0101jum\u0101&quot;\" \/>\n<meta property=\"og:url\" content=\"https:\/\/saulkrastubiblioteka.lv\/index.php\/gramatas-3\/\" \/>\n<meta property=\"og:site_name\" content=\"Saulkrastu novada bibliot\u0113ka\" \/>\n<meta property=\"article:modified_time\" content=\"2025-08-25T08:42:37+00:00\" \/>\n<meta name=\"twitter:card\" content=\"summary_large_image\" \/>\n<meta name=\"twitter:label1\" content=\"Est. reading time\" \/>\n\t<meta name=\"twitter:data1\" content=\"3 min\u016btes\" \/>\n<script type=\"application\/ld+json\" class=\"yoast-schema-graph\">{\"@context\":\"https:\/\/schema.org\",\"@graph\":[{\"@type\":\"WebPage\",\"@id\":\"https:\/\/saulkrastubiblioteka.lv\/index.php\/gramatas-3\/\",\"url\":\"https:\/\/saulkrastubiblioteka.lv\/index.php\/gramatas-3\/\",\"name\":\"Gr\u0101matas novadp\u0113tniec\u012bbas kr\u0101jum\u0101 - Saulkrastu novada bibliot\u0113ka\",\"isPartOf\":{\"@id\":\"https:\/\/saulkrastubiblioteka.lv\/#website\"},\"datePublished\":\"2021-02-24T06:17:26+00:00\",\"dateModified\":\"2025-08-25T08:42:37+00:00\",\"breadcrumb\":{\"@id\":\"https:\/\/saulkrastubiblioteka.lv\/index.php\/gramatas-3\/#breadcrumb\"},\"inLanguage\":\"lv-LV\",\"potentialAction\":[{\"@type\":\"ReadAction\",\"target\":[\"https:\/\/saulkrastubiblioteka.lv\/index.php\/gramatas-3\/\"]}]},{\"@type\":\"BreadcrumbList\",\"@id\":\"https:\/\/saulkrastubiblioteka.lv\/index.php\/gramatas-3\/#breadcrumb\",\"itemListElement\":[{\"@type\":\"ListItem\",\"position\":1,\"name\":\"Home\",\"item\":\"https:\/\/saulkrastubiblioteka.lv\/\"},{\"@type\":\"ListItem\",\"position\":2,\"name\":\"Gr\u0101matas novadp\u0113tniec\u012bbas kr\u0101jum\u0101\"}]},{\"@type\":\"WebSite\",\"@id\":\"https:\/\/saulkrastubiblioteka.lv\/#website\",\"url\":\"https:\/\/saulkrastubiblioteka.lv\/\",\"name\":\"Saulkrastu novada bibliot\u0113ka\",\"description\":\"Vieta, kur labi pavad\u012bt laiku un pab\u016bt mier\u0101\",\"publisher\":{\"@id\":\"https:\/\/saulkrastubiblioteka.lv\/#organization\"},\"potentialAction\":[{\"@type\":\"SearchAction\",\"target\":{\"@type\":\"EntryPoint\",\"urlTemplate\":\"https:\/\/saulkrastubiblioteka.lv\/?s={search_term_string}\"},\"query-input\":{\"@type\":\"PropertyValueSpecification\",\"valueRequired\":true,\"valueName\":\"search_term_string\"}}],\"inLanguage\":\"lv-LV\"},{\"@type\":\"Organization\",\"@id\":\"https:\/\/saulkrastubiblioteka.lv\/#organization\",\"name\":\"Saulkrastu novada bibliot\u0113ka\",\"url\":\"https:\/\/saulkrastubiblioteka.lv\/\",\"logo\":{\"@type\":\"ImageObject\",\"inLanguage\":\"lv-LV\",\"@id\":\"https:\/\/saulkrastubiblioteka.lv\/#\/schema\/logo\/image\/\",\"url\":\"https:\/\/saulkrastubiblioteka.lv\/wp-content\/uploads\/2021\/01\/cropped-logo.png\",\"contentUrl\":\"https:\/\/saulkrastubiblioteka.lv\/wp-content\/uploads\/2021\/01\/cropped-logo.png\",\"width\":240,\"height\":240,\"caption\":\"Saulkrastu novada bibliot\u0113ka\"},\"image\":{\"@id\":\"https:\/\/saulkrastubiblioteka.lv\/#\/schema\/logo\/image\/\"}}]}<\/script>\n<!-- \/ Yoast SEO plugin. -->","yoast_head_json":{"title":"Gr\u0101matas novadp\u0113tniec\u012bbas kr\u0101jum\u0101 - Saulkrastu novada bibliot\u0113ka","robots":{"index":"index","follow":"follow","max-snippet":"max-snippet:-1","max-image-preview":"max-image-preview:large","max-video-preview":"max-video-preview:-1"},"canonical":"https:\/\/saulkrastubiblioteka.lv\/index.php\/gramatas-3\/","og_locale":"lv_LV","og_type":"article","og_title":"Gr\u0101matas novadp\u0113tniec\u012bbas kr\u0101jum\u0101 - Saulkrastu novada bibliot\u0113ka","og_description":"Cimdi\u0146\u0161, P\u0113teris Maz\u0101s upes Zin\u0101tne, 1983. 61 lpp., 4 lp. il. Cukurs, T\u0101livaldis Pastaiga pa liedagu Zin\u0101tne, 1983. 62, [2] lpp., 4 lp. il. Dabas piest\u0101tne R\u012bgas rajona padome, 2004. 85 lpp. Eni\u0146\u0161, Guntis Koks &#8211; dabas piemineklis Zin\u0101tne, 1982. 93, [2] lpp. Freimanis, Aivars Sorento st\u0101sti R\u012bga : Liesma, 1988. 220, [2] lpp. \u012asas &hellip; Turpin\u0101t las\u012bt \"Gr\u0101matas novadp\u0113tniec\u012bbas kr\u0101jum\u0101\"","og_url":"https:\/\/saulkrastubiblioteka.lv\/index.php\/gramatas-3\/","og_site_name":"Saulkrastu novada bibliot\u0113ka","article_modified_time":"2025-08-25T08:42:37+00:00","twitter_card":"summary_large_image","twitter_misc":{"Est. reading time":"3 min\u016btes"},"schema":{"@context":"https:\/\/schema.org","@graph":[{"@type":"WebPage","@id":"https:\/\/saulkrastubiblioteka.lv\/index.php\/gramatas-3\/","url":"https:\/\/saulkrastubiblioteka.lv\/index.php\/gramatas-3\/","name":"Gr\u0101matas novadp\u0113tniec\u012bbas kr\u0101jum\u0101 - Saulkrastu novada bibliot\u0113ka","isPartOf":{"@id":"https:\/\/saulkrastubiblioteka.lv\/#website"},"datePublished":"2021-02-24T06:17:26+00:00","dateModified":"2025-08-25T08:42:37+00:00","breadcrumb":{"@id":"https:\/\/saulkrastubiblioteka.lv\/index.php\/gramatas-3\/#breadcrumb"},"inLanguage":"lv-LV","potentialAction":[{"@type":"ReadAction","target":["https:\/\/saulkrastubiblioteka.lv\/index.php\/gramatas-3\/"]}]},{"@type":"BreadcrumbList","@id":"https:\/\/saulkrastubiblioteka.lv\/index.php\/gramatas-3\/#breadcrumb","itemListElement":[{"@type":"ListItem","position":1,"name":"Home","item":"https:\/\/saulkrastubiblioteka.lv\/"},{"@type":"ListItem","position":2,"name":"Gr\u0101matas novadp\u0113tniec\u012bbas kr\u0101jum\u0101"}]},{"@type":"WebSite","@id":"https:\/\/saulkrastubiblioteka.lv\/#website","url":"https:\/\/saulkrastubiblioteka.lv\/","name":"Saulkrastu novada bibliot\u0113ka","description":"Vieta, kur labi pavad\u012bt laiku un pab\u016bt mier\u0101","publisher":{"@id":"https:\/\/saulkrastubiblioteka.lv\/#organization"},"potentialAction":[{"@type":"SearchAction","target":{"@type":"EntryPoint","urlTemplate":"https:\/\/saulkrastubiblioteka.lv\/?s={search_term_string}"},"query-input":{"@type":"PropertyValueSpecification","valueRequired":true,"valueName":"search_term_string"}}],"inLanguage":"lv-LV"},{"@type":"Organization","@id":"https:\/\/saulkrastubiblioteka.lv\/#organization","name":"Saulkrastu novada bibliot\u0113ka","url":"https:\/\/saulkrastubiblioteka.lv\/","logo":{"@type":"ImageObject","inLanguage":"lv-LV","@id":"https:\/\/saulkrastubiblioteka.lv\/#\/schema\/logo\/image\/","url":"https:\/\/saulkrastubiblioteka.lv\/wp-content\/uploads\/2021\/01\/cropped-logo.png","contentUrl":"https:\/\/saulkrastubiblioteka.lv\/wp-content\/uploads\/2021\/01\/cropped-logo.png","width":240,"height":240,"caption":"Saulkrastu novada bibliot\u0113ka"},"image":{"@id":"https:\/\/saulkrastubiblioteka.lv\/#\/schema\/logo\/image\/"}}]}},"_links":{"self":[{"href":"https:\/\/saulkrastubiblioteka.lv\/index.php\/wp-json\/wp\/v2\/pages\/4379","targetHints":{"allow":["GET"]}}],"collection":[{"href":"https:\/\/saulkrastubiblioteka.lv\/index.php\/wp-json\/wp\/v2\/pages"}],"about":[{"href":"https:\/\/saulkrastubiblioteka.lv\/index.php\/wp-json\/wp\/v2\/types\/page"}],"author":[{"embeddable":true,"href":"https:\/\/saulkrastubiblioteka.lv\/index.php\/wp-json\/wp\/v2\/users\/1"}],"replies":[{"embeddable":true,"href":"https:\/\/saulkrastubiblioteka.lv\/index.php\/wp-json\/wp\/v2\/comments?post=4379"}],"version-history":[{"count":64,"href":"https:\/\/saulkrastubiblioteka.lv\/index.php\/wp-json\/wp\/v2\/pages\/4379\/revisions"}],"predecessor-version":[{"id":9890,"href":"https:\/\/saulkrastubiblioteka.lv\/index.php\/wp-json\/wp\/v2\/pages\/4379\/revisions\/9890"}],"wp:attachment":[{"href":"https:\/\/saulkrastubiblioteka.lv\/index.php\/wp-json\/wp\/v2\/media?parent=4379"}],"curies":[{"name":"wp","href":"https:\/\/api.w.org\/{rel}","templated":true}]}}