{"id":3933,"date":"2020-11-12T12:55:54","date_gmt":"2020-11-12T12:55:54","guid":{"rendered":"https:\/\/saulkrastubiblioteka.lv\/?page_id=3933"},"modified":"2026-03-12T13:44:02","modified_gmt":"2026-03-12T13:44:02","slug":"kontakti","status":"publish","type":"page","link":"https:\/\/saulkrastubiblioteka.lv\/index.php\/kontakti\/","title":{"rendered":"Saulkrastu novada bibliot\u0113kas, fili\u0101les \u201cS\u0113ja\u201d un \u201cPaba\u017ei\u201d kontakti"},"content":{"rendered":"\n<p><a href=\"https:\/\/saulkrastubiblioteka.lv\/index.php\/vaditaja\/\"><strong>Vad\u012bt\u0101ja<\/strong><\/a><br><a href=\"https:\/\/saulkrastubiblioteka.lv\/index.php\/darbinieki\/\"><strong>Bibliot\u0113ku inform\u0101cijas speci\u0101listi<\/strong><\/a><br>25767667, 26442405<br><a href=\"mailto:saulkrastu.biblioteka@saulkrasti.lv\"><strong>saulkrastu.biblioteka@saulkrasti.lv<\/strong><\/a><\/p>\n\n\n<div class=\"wp-block-image\">\n<figure class=\"alignleft size-large is-resized\"><a href=\"https:\/\/www.facebook.com\/saulkrastubiblioteka\"><img loading=\"lazy\" decoding=\"async\" width=\"64\" height=\"64\" src=\"https:\/\/saulkrastubiblioteka.lv\/wp-content\/uploads\/2023\/02\/facebook.png\" alt=\"\" class=\"wp-image-7975\" style=\"width:46px;height:46px\"\/><\/a><\/figure><\/div>\n\n<div class=\"wp-block-image\">\n<figure class=\"alignleft size-large is-resized\"><a href=\"https:\/\/www.instagram.com\/saulkrastubiblioteka\/\"><img loading=\"lazy\" decoding=\"async\" width=\"100\" height=\"100\" src=\"https:\/\/saulkrastubiblioteka.lv\/wp-content\/uploads\/2023\/02\/instagram.jpg\" alt=\"\" class=\"wp-image-7979\" style=\"width:42px;height:42px\"\/><\/a><\/figure><\/div>\n\n<div class=\"wp-block-image\">\n<figure class=\"alignleft size-large is-resized\"><a href=\"https:\/\/www.youtube.com\/channel\/UCieEPAeOKW75iQMnK3IMF7Q\/videos\"><img loading=\"lazy\" decoding=\"async\" width=\"100\" height=\"100\" src=\"https:\/\/saulkrastubiblioteka.lv\/wp-content\/uploads\/2023\/02\/youtube.png\" alt=\"\" class=\"wp-image-7981\" style=\"width:46px;height:46px\"\/><\/a><\/figure><\/div>\n\n\n<h2 class=\"wp-block-heading\"><strong>Bibliot\u0113kas rekviz\u012bti<\/strong><\/h2>\n\n\n\n<p>Maks\u0101t\u0101js: Saulkrastu novada pa\u0161vald\u012bba<br>Rai\u0146a iel\u0101 8, Saulkrastos, LV-2160<br>Re\u0123.Nr. LV90000068680<br>PVN maks\u0101t\u0101ja Re\u0123.Nr. LV90000068680<br>Konts Nr. LV78UNLA0050008528948<br>AS SEB banka, kods: UNLALV2X<\/p>\n\n\n\n<p>Sa\u0146\u0113m\u0113js: Saulkrastu novada bibliot\u0113ka<br>Pieg\u0101des adrese: Rai\u0146a iel\u0101 7, Saulkrastos, LV-2160<br>Re\u0123.Nr. LV40900000417<\/p>\n","protected":false},"excerpt":{"rendered":"<p>Vad\u012bt\u0101jaBibliot\u0113ku inform\u0101cijas speci\u0101listi25767667, 26442405saulkrastu.biblioteka@saulkrasti.lv Bibliot\u0113kas rekviz\u012bti Maks\u0101t\u0101js: Saulkrastu novada pa\u0161vald\u012bbaRai\u0146a iel\u0101 8, Saulkrastos, LV-2160Re\u0123.Nr. LV90000068680PVN maks\u0101t\u0101ja Re\u0123.Nr. LV90000068680Konts Nr. LV78UNLA0050008528948AS SEB banka, kods: UNLALV2X Sa\u0146\u0113m\u0113js: Saulkrastu novada bibliot\u0113kaPieg\u0101des adrese: Rai\u0146a iel\u0101 7, Saulkrastos, LV-2160Re\u0123.Nr. LV40900000417<\/p>\n","protected":false},"author":1,"featured_media":0,"parent":0,"menu_order":0,"comment_status":"closed","ping_status":"closed","template":"","meta":{"footnotes":""},"class_list":["post-3933","page","type-page","status-publish","hentry"],"yoast_head":"<!-- This site is optimized with the Yoast SEO plugin v24.2 - https:\/\/yoast.com\/wordpress\/plugins\/seo\/ -->\n<title>Saulkrastu novada bibliot\u0113kas, fili\u0101les \u201cS\u0113ja\u201d un \u201cPaba\u017ei\u201d kontakti - Saulkrastu novada bibliot\u0113ka<\/title>\n<meta name=\"robots\" content=\"index, follow, max-snippet:-1, max-image-preview:large, max-video-preview:-1\" \/>\n<link rel=\"canonical\" href=\"https:\/\/saulkrastubiblioteka.lv\/index.php\/kontakti\/\" \/>\n<meta property=\"og:locale\" content=\"lv_LV\" \/>\n<meta property=\"og:type\" content=\"article\" \/>\n<meta property=\"og:title\" content=\"Saulkrastu novada bibliot\u0113kas, fili\u0101les \u201cS\u0113ja\u201d un \u201cPaba\u017ei\u201d kontakti - Saulkrastu novada bibliot\u0113ka\" \/>\n<meta property=\"og:description\" content=\"Vad\u012bt\u0101jaBibliot\u0113ku inform\u0101cijas speci\u0101listi25767667, 26442405saulkrastu.biblioteka@saulkrasti.lv Bibliot\u0113kas rekviz\u012bti Maks\u0101t\u0101js: Saulkrastu novada pa\u0161vald\u012bbaRai\u0146a iel\u0101 8, Saulkrastos, LV-2160Re\u0123.Nr. LV90000068680PVN maks\u0101t\u0101ja Re\u0123.Nr. LV90000068680Konts Nr. LV78UNLA0050008528948AS SEB banka, kods: UNLALV2X Sa\u0146\u0113m\u0113js: Saulkrastu novada bibliot\u0113kaPieg\u0101des adrese: Rai\u0146a iel\u0101 7, Saulkrastos, LV-2160Re\u0123.Nr. LV40900000417\" \/>\n<meta property=\"og:url\" content=\"https:\/\/saulkrastubiblioteka.lv\/index.php\/kontakti\/\" \/>\n<meta property=\"og:site_name\" content=\"Saulkrastu novada bibliot\u0113ka\" \/>\n<meta property=\"article:modified_time\" content=\"2026-03-12T13:44:02+00:00\" \/>\n<meta property=\"og:image\" content=\"https:\/\/saulkrastubiblioteka.lv\/wp-content\/uploads\/2023\/02\/facebook.png\" \/>\n\t<meta property=\"og:image:width\" content=\"64\" \/>\n\t<meta property=\"og:image:height\" content=\"64\" \/>\n\t<meta property=\"og:image:type\" content=\"image\/png\" \/>\n<meta name=\"twitter:card\" content=\"summary_large_image\" \/>\n<meta name=\"twitter:label1\" content=\"Est. reading time\" \/>\n\t<meta name=\"twitter:data1\" content=\"1 min\u016bte\" \/>\n<script type=\"application\/ld+json\" class=\"yoast-schema-graph\">{\"@context\":\"https:\/\/schema.org\",\"@graph\":[{\"@type\":\"WebPage\",\"@id\":\"https:\/\/saulkrastubiblioteka.lv\/index.php\/kontakti\/\",\"url\":\"https:\/\/saulkrastubiblioteka.lv\/index.php\/kontakti\/\",\"name\":\"Saulkrastu novada bibliot\u0113kas, fili\u0101les \u201cS\u0113ja\u201d un \u201cPaba\u017ei\u201d kontakti - Saulkrastu novada bibliot\u0113ka\",\"isPartOf\":{\"@id\":\"https:\/\/saulkrastubiblioteka.lv\/#website\"},\"primaryImageOfPage\":{\"@id\":\"https:\/\/saulkrastubiblioteka.lv\/index.php\/kontakti\/#primaryimage\"},\"image\":{\"@id\":\"https:\/\/saulkrastubiblioteka.lv\/index.php\/kontakti\/#primaryimage\"},\"thumbnailUrl\":\"https:\/\/saulkrastubiblioteka.lv\/wp-content\/uploads\/2023\/02\/facebook.png\",\"datePublished\":\"2020-11-12T12:55:54+00:00\",\"dateModified\":\"2026-03-12T13:44:02+00:00\",\"breadcrumb\":{\"@id\":\"https:\/\/saulkrastubiblioteka.lv\/index.php\/kontakti\/#breadcrumb\"},\"inLanguage\":\"lv-LV\",\"potentialAction\":[{\"@type\":\"ReadAction\",\"target\":[\"https:\/\/saulkrastubiblioteka.lv\/index.php\/kontakti\/\"]}]},{\"@type\":\"ImageObject\",\"inLanguage\":\"lv-LV\",\"@id\":\"https:\/\/saulkrastubiblioteka.lv\/index.php\/kontakti\/#primaryimage\",\"url\":\"https:\/\/saulkrastubiblioteka.lv\/wp-content\/uploads\/2023\/02\/facebook.png\",\"contentUrl\":\"https:\/\/saulkrastubiblioteka.lv\/wp-content\/uploads\/2023\/02\/facebook.png\",\"width\":64,\"height\":64},{\"@type\":\"BreadcrumbList\",\"@id\":\"https:\/\/saulkrastubiblioteka.lv\/index.php\/kontakti\/#breadcrumb\",\"itemListElement\":[{\"@type\":\"ListItem\",\"position\":1,\"name\":\"Home\",\"item\":\"https:\/\/saulkrastubiblioteka.lv\/\"},{\"@type\":\"ListItem\",\"position\":2,\"name\":\"Saulkrastu novada bibliot\u0113kas, fili\u0101les \u201cS\u0113ja\u201d un \u201cPaba\u017ei\u201d kontakti\"}]},{\"@type\":\"WebSite\",\"@id\":\"https:\/\/saulkrastubiblioteka.lv\/#website\",\"url\":\"https:\/\/saulkrastubiblioteka.lv\/\",\"name\":\"Saulkrastu novada bibliot\u0113ka\",\"description\":\"Vieta, kur labi pavad\u012bt laiku un pab\u016bt mier\u0101\",\"publisher\":{\"@id\":\"https:\/\/saulkrastubiblioteka.lv\/#organization\"},\"potentialAction\":[{\"@type\":\"SearchAction\",\"target\":{\"@type\":\"EntryPoint\",\"urlTemplate\":\"https:\/\/saulkrastubiblioteka.lv\/?s={search_term_string}\"},\"query-input\":{\"@type\":\"PropertyValueSpecification\",\"valueRequired\":true,\"valueName\":\"search_term_string\"}}],\"inLanguage\":\"lv-LV\"},{\"@type\":\"Organization\",\"@id\":\"https:\/\/saulkrastubiblioteka.lv\/#organization\",\"name\":\"Saulkrastu novada bibliot\u0113ka\",\"url\":\"https:\/\/saulkrastubiblioteka.lv\/\",\"logo\":{\"@type\":\"ImageObject\",\"inLanguage\":\"lv-LV\",\"@id\":\"https:\/\/saulkrastubiblioteka.lv\/#\/schema\/logo\/image\/\",\"url\":\"https:\/\/saulkrastubiblioteka.lv\/wp-content\/uploads\/2021\/01\/cropped-logo.png\",\"contentUrl\":\"https:\/\/saulkrastubiblioteka.lv\/wp-content\/uploads\/2021\/01\/cropped-logo.png\",\"width\":240,\"height\":240,\"caption\":\"Saulkrastu novada bibliot\u0113ka\"},\"image\":{\"@id\":\"https:\/\/saulkrastubiblioteka.lv\/#\/schema\/logo\/image\/\"}}]}<\/script>\n<!-- \/ Yoast SEO plugin. -->","yoast_head_json":{"title":"Saulkrastu novada bibliot\u0113kas, fili\u0101les \u201cS\u0113ja\u201d un \u201cPaba\u017ei\u201d kontakti - Saulkrastu novada bibliot\u0113ka","robots":{"index":"index","follow":"follow","max-snippet":"max-snippet:-1","max-image-preview":"max-image-preview:large","max-video-preview":"max-video-preview:-1"},"canonical":"https:\/\/saulkrastubiblioteka.lv\/index.php\/kontakti\/","og_locale":"lv_LV","og_type":"article","og_title":"Saulkrastu novada bibliot\u0113kas, fili\u0101les \u201cS\u0113ja\u201d un \u201cPaba\u017ei\u201d kontakti - Saulkrastu novada bibliot\u0113ka","og_description":"Vad\u012bt\u0101jaBibliot\u0113ku inform\u0101cijas speci\u0101listi25767667, 26442405saulkrastu.biblioteka@saulkrasti.lv Bibliot\u0113kas rekviz\u012bti Maks\u0101t\u0101js: Saulkrastu novada pa\u0161vald\u012bbaRai\u0146a iel\u0101 8, Saulkrastos, LV-2160Re\u0123.Nr. LV90000068680PVN maks\u0101t\u0101ja Re\u0123.Nr. LV90000068680Konts Nr. LV78UNLA0050008528948AS SEB banka, kods: UNLALV2X Sa\u0146\u0113m\u0113js: Saulkrastu novada bibliot\u0113kaPieg\u0101des adrese: Rai\u0146a iel\u0101 7, Saulkrastos, LV-2160Re\u0123.Nr. LV40900000417","og_url":"https:\/\/saulkrastubiblioteka.lv\/index.php\/kontakti\/","og_site_name":"Saulkrastu novada bibliot\u0113ka","article_modified_time":"2026-03-12T13:44:02+00:00","og_image":[{"width":64,"height":64,"url":"https:\/\/saulkrastubiblioteka.lv\/wp-content\/uploads\/2023\/02\/facebook.png","type":"image\/png"}],"twitter_card":"summary_large_image","twitter_misc":{"Est. reading time":"1 min\u016bte"},"schema":{"@context":"https:\/\/schema.org","@graph":[{"@type":"WebPage","@id":"https:\/\/saulkrastubiblioteka.lv\/index.php\/kontakti\/","url":"https:\/\/saulkrastubiblioteka.lv\/index.php\/kontakti\/","name":"Saulkrastu novada bibliot\u0113kas, fili\u0101les \u201cS\u0113ja\u201d un \u201cPaba\u017ei\u201d kontakti - Saulkrastu novada bibliot\u0113ka","isPartOf":{"@id":"https:\/\/saulkrastubiblioteka.lv\/#website"},"primaryImageOfPage":{"@id":"https:\/\/saulkrastubiblioteka.lv\/index.php\/kontakti\/#primaryimage"},"image":{"@id":"https:\/\/saulkrastubiblioteka.lv\/index.php\/kontakti\/#primaryimage"},"thumbnailUrl":"https:\/\/saulkrastubiblioteka.lv\/wp-content\/uploads\/2023\/02\/facebook.png","datePublished":"2020-11-12T12:55:54+00:00","dateModified":"2026-03-12T13:44:02+00:00","breadcrumb":{"@id":"https:\/\/saulkrastubiblioteka.lv\/index.php\/kontakti\/#breadcrumb"},"inLanguage":"lv-LV","potentialAction":[{"@type":"ReadAction","target":["https:\/\/saulkrastubiblioteka.lv\/index.php\/kontakti\/"]}]},{"@type":"ImageObject","inLanguage":"lv-LV","@id":"https:\/\/saulkrastubiblioteka.lv\/index.php\/kontakti\/#primaryimage","url":"https:\/\/saulkrastubiblioteka.lv\/wp-content\/uploads\/2023\/02\/facebook.png","contentUrl":"https:\/\/saulkrastubiblioteka.lv\/wp-content\/uploads\/2023\/02\/facebook.png","width":64,"height":64},{"@type":"BreadcrumbList","@id":"https:\/\/saulkrastubiblioteka.lv\/index.php\/kontakti\/#breadcrumb","itemListElement":[{"@type":"ListItem","position":1,"name":"Home","item":"https:\/\/saulkrastubiblioteka.lv\/"},{"@type":"ListItem","position":2,"name":"Saulkrastu novada bibliot\u0113kas, fili\u0101les \u201cS\u0113ja\u201d un \u201cPaba\u017ei\u201d kontakti"}]},{"@type":"WebSite","@id":"https:\/\/saulkrastubiblioteka.lv\/#website","url":"https:\/\/saulkrastubiblioteka.lv\/","name":"Saulkrastu novada bibliot\u0113ka","description":"Vieta, kur labi pavad\u012bt laiku un pab\u016bt mier\u0101","publisher":{"@id":"https:\/\/saulkrastubiblioteka.lv\/#organization"},"potentialAction":[{"@type":"SearchAction","target":{"@type":"EntryPoint","urlTemplate":"https:\/\/saulkrastubiblioteka.lv\/?s={search_term_string}"},"query-input":{"@type":"PropertyValueSpecification","valueRequired":true,"valueName":"search_term_string"}}],"inLanguage":"lv-LV"},{"@type":"Organization","@id":"https:\/\/saulkrastubiblioteka.lv\/#organization","name":"Saulkrastu novada bibliot\u0113ka","url":"https:\/\/saulkrastubiblioteka.lv\/","logo":{"@type":"ImageObject","inLanguage":"lv-LV","@id":"https:\/\/saulkrastubiblioteka.lv\/#\/schema\/logo\/image\/","url":"https:\/\/saulkrastubiblioteka.lv\/wp-content\/uploads\/2021\/01\/cropped-logo.png","contentUrl":"https:\/\/saulkrastubiblioteka.lv\/wp-content\/uploads\/2021\/01\/cropped-logo.png","width":240,"height":240,"caption":"Saulkrastu novada bibliot\u0113ka"},"image":{"@id":"https:\/\/saulkrastubiblioteka.lv\/#\/schema\/logo\/image\/"}}]}},"_links":{"self":[{"href":"https:\/\/saulkrastubiblioteka.lv\/index.php\/wp-json\/wp\/v2\/pages\/3933","targetHints":{"allow":["GET"]}}],"collection":[{"href":"https:\/\/saulkrastubiblioteka.lv\/index.php\/wp-json\/wp\/v2\/pages"}],"about":[{"href":"https:\/\/saulkrastubiblioteka.lv\/index.php\/wp-json\/wp\/v2\/types\/page"}],"author":[{"embeddable":true,"href":"https:\/\/saulkrastubiblioteka.lv\/index.php\/wp-json\/wp\/v2\/users\/1"}],"replies":[{"embeddable":true,"href":"https:\/\/saulkrastubiblioteka.lv\/index.php\/wp-json\/wp\/v2\/comments?post=3933"}],"version-history":[{"count":69,"href":"https:\/\/saulkrastubiblioteka.lv\/index.php\/wp-json\/wp\/v2\/pages\/3933\/revisions"}],"predecessor-version":[{"id":10428,"href":"https:\/\/saulkrastubiblioteka.lv\/index.php\/wp-json\/wp\/v2\/pages\/3933\/revisions\/10428"}],"wp:attachment":[{"href":"https:\/\/saulkrastubiblioteka.lv\/index.php\/wp-json\/wp\/v2\/media?parent=3933"}],"curies":[{"name":"wp","href":"https:\/\/api.w.org\/{rel}","templated":true}]}}