{"id":3928,"date":"2020-11-12T12:52:03","date_gmt":"2020-11-12T12:52:03","guid":{"rendered":"https:\/\/saulkrastubiblioteka.lv\/?page_id=3928"},"modified":"2026-04-10T09:13:25","modified_gmt":"2026-04-10T09:13:25","slug":"darba-laiks-2","status":"publish","type":"page","link":"https:\/\/saulkrastubiblioteka.lv\/index.php\/darba-laiks-2\/","title":{"rendered":"Darba laiki"},"content":{"rendered":"\n<h2 class=\"wp-block-heading\"><strong>Saulkrastu novada bibliot\u0113ka<\/strong><\/h2>\n\n\n\n<p>Pirmdiena 9.00\u201317.00<br>Otrdiena 9.00\u201317.00<br>Tre\u0161diena 9.00\u201317.00<br>Ceturtdiena 9.00\u201317.00<br>Piektdiena 9.00\u201317.00<br>Sestdiena 10.00-14.00<br>Sv\u0113tdiena\u2013sl\u0113gts<br><br><mark style=\"background-color:rgba(0, 0, 0, 0)\" class=\"has-inline-color has-dark-gray-color\"><strong>No 1. j\u016bnija l\u012bdz 1. septembrim sestdien\u0101s&nbsp;las\u012bt\u0101jus neapkalpo, bibliot\u0113ka sl\u0113gta.<\/strong><\/mark><\/p>\n\n\n\n<p>Bibliot\u0113kas adrese: Rai\u0146a iela 7, Saulkrasti, Saulkrastu novads, LV-2160<br>T\u0101lrunis uzzi\u0146\u0101m: 25767667<\/p>\n\n\n\n<h2 class=\"wp-block-heading\"><strong>Saulkrastu novada bibliot\u0113kas fili\u0101le \u201cS\u0113ja\u201d <\/strong><\/h2>\n\n\n\n<p>Pirmdiena 9.00\u201318.00<br>Otrdiena 9.00\u201317.00<br>Tre\u0161diena 9.00\u201317.00<br>Ceturtdiena 9.00\u201317.00<br>Piektdiena 9.00\u201316.00<\/p>\n\n\n\n<p>Bibliot\u0113kas adrese: \u201cJ\u0113\u0146i\u201d, Murj\u0101\u0146i, S\u0113jas pagasts, Saulkrastu novads, LV-2142<br>T\u0101lrunis uzzi\u0146\u0101m: 27891866<\/p>\n\n\n\n<p><strong><mark style=\"background-color:rgba(0, 0, 0, 0)\" class=\"has-inline-color has-bright-red-color\">No 13. apr\u012b\u013ca l\u012bdz 19. apr\u012blim bibliotek\u0101res atva\u013cin\u0101juma laik\u0101 bibliot\u0113ka sl\u0113gta.<\/mark><\/strong><\/p>\n\n\n\n<h2 class=\"wp-block-heading\"><strong>Saulkrastu novada bibliot\u0113kas fili\u0101le \u201cPaba\u017ei\u201d <\/strong><\/h2>\n\n\n\n<p>Pirmdiena\u2013sl\u0113gts<br>Otrdiena 8.00\u201317.00<br>Tre\u0161diena 8.00\u201312.00<br>Ceturtdiena\u2013sl\u0113gts<br>Piektdiena 8.00\u201312.00<\/p>\n\n\n\n<p>Bibliot\u0113kas adrese: \u201cEzeri\u0146i\u201d, Paba\u017ei, S\u0113jas pagasts, Saulkrastu novads, LV-2162<br>T\u0101lrunis uzzi\u0146\u0101m: 27390865<\/p>\n\n\n\n<p><\/p>\n","protected":false},"excerpt":{"rendered":"<p>Saulkrastu novada bibliot\u0113ka Pirmdiena 9.00\u201317.00Otrdiena 9.00\u201317.00Tre\u0161diena 9.00\u201317.00Ceturtdiena 9.00\u201317.00Piektdiena 9.00\u201317.00Sestdiena 10.00-14.00Sv\u0113tdiena\u2013sl\u0113gts No 1. j\u016bnija l\u012bdz 1. septembrim sestdien\u0101s&nbsp;las\u012bt\u0101jus neapkalpo, bibliot\u0113ka sl\u0113gta. Bibliot\u0113kas adrese: Rai\u0146a iela 7, Saulkrasti, Saulkrastu novads, LV-2160T\u0101lrunis uzzi\u0146\u0101m: 25767667 Saulkrastu novada bibliot\u0113kas fili\u0101le \u201cS\u0113ja\u201d Pirmdiena 9.00\u201318.00Otrdiena 9.00\u201317.00Tre\u0161diena 9.00\u201317.00Ceturtdiena 9.00\u201317.00Piektdiena 9.00\u201316.00 Bibliot\u0113kas adrese: \u201cJ\u0113\u0146i\u201d, Murj\u0101\u0146i, S\u0113jas pagasts, Saulkrastu novads, LV-2142T\u0101lrunis uzzi\u0146\u0101m: 27891866 No 13. &hellip; <a href=\"https:\/\/saulkrastubiblioteka.lv\/index.php\/darba-laiks-2\/\" class=\"more-link\">Turpin\u0101t las\u012bt<span class=\"screen-reader-text\"> &#8220;Darba laiki&#8221;<\/span><\/a><\/p>\n","protected":false},"author":1,"featured_media":0,"parent":0,"menu_order":0,"comment_status":"closed","ping_status":"closed","template":"","meta":{"footnotes":""},"class_list":["post-3928","page","type-page","status-publish","hentry"],"yoast_head":"<!-- This site is optimized with the Yoast SEO plugin v24.2 - https:\/\/yoast.com\/wordpress\/plugins\/seo\/ -->\n<title>Darba laiki - Saulkrastu novada bibliot\u0113ka<\/title>\n<meta name=\"robots\" content=\"index, follow, max-snippet:-1, max-image-preview:large, max-video-preview:-1\" \/>\n<link rel=\"canonical\" href=\"https:\/\/saulkrastubiblioteka.lv\/index.php\/darba-laiks-2\/\" \/>\n<meta property=\"og:locale\" content=\"lv_LV\" \/>\n<meta property=\"og:type\" content=\"article\" \/>\n<meta property=\"og:title\" content=\"Darba laiki - Saulkrastu novada bibliot\u0113ka\" \/>\n<meta property=\"og:description\" content=\"Saulkrastu novada bibliot\u0113ka Pirmdiena 9.00\u201317.00Otrdiena 9.00\u201317.00Tre\u0161diena 9.00\u201317.00Ceturtdiena 9.00\u201317.00Piektdiena 9.00\u201317.00Sestdiena 10.00-14.00Sv\u0113tdiena\u2013sl\u0113gts No 1. j\u016bnija l\u012bdz 1. septembrim sestdien\u0101s&nbsp;las\u012bt\u0101jus neapkalpo, bibliot\u0113ka sl\u0113gta. Bibliot\u0113kas adrese: Rai\u0146a iela 7, Saulkrasti, Saulkrastu novads, LV-2160T\u0101lrunis uzzi\u0146\u0101m: 25767667 Saulkrastu novada bibliot\u0113kas fili\u0101le \u201cS\u0113ja\u201d Pirmdiena 9.00\u201318.00Otrdiena 9.00\u201317.00Tre\u0161diena 9.00\u201317.00Ceturtdiena 9.00\u201317.00Piektdiena 9.00\u201316.00 Bibliot\u0113kas adrese: \u201cJ\u0113\u0146i\u201d, Murj\u0101\u0146i, S\u0113jas pagasts, Saulkrastu novads, LV-2142T\u0101lrunis uzzi\u0146\u0101m: 27891866 No 13. &hellip; Turpin\u0101t las\u012bt &quot;Darba laiki&quot;\" \/>\n<meta property=\"og:url\" content=\"https:\/\/saulkrastubiblioteka.lv\/index.php\/darba-laiks-2\/\" \/>\n<meta property=\"og:site_name\" content=\"Saulkrastu novada bibliot\u0113ka\" \/>\n<meta property=\"article:modified_time\" content=\"2026-04-10T09:13:25+00:00\" \/>\n<meta name=\"twitter:card\" content=\"summary_large_image\" \/>\n<meta name=\"twitter:label1\" content=\"Est. reading time\" \/>\n\t<meta name=\"twitter:data1\" content=\"1 min\u016bte\" \/>\n<script type=\"application\/ld+json\" class=\"yoast-schema-graph\">{\"@context\":\"https:\/\/schema.org\",\"@graph\":[{\"@type\":\"WebPage\",\"@id\":\"https:\/\/saulkrastubiblioteka.lv\/index.php\/darba-laiks-2\/\",\"url\":\"https:\/\/saulkrastubiblioteka.lv\/index.php\/darba-laiks-2\/\",\"name\":\"Darba laiki - Saulkrastu novada bibliot\u0113ka\",\"isPartOf\":{\"@id\":\"https:\/\/saulkrastubiblioteka.lv\/#website\"},\"datePublished\":\"2020-11-12T12:52:03+00:00\",\"dateModified\":\"2026-04-10T09:13:25+00:00\",\"breadcrumb\":{\"@id\":\"https:\/\/saulkrastubiblioteka.lv\/index.php\/darba-laiks-2\/#breadcrumb\"},\"inLanguage\":\"lv-LV\",\"potentialAction\":[{\"@type\":\"ReadAction\",\"target\":[\"https:\/\/saulkrastubiblioteka.lv\/index.php\/darba-laiks-2\/\"]}]},{\"@type\":\"BreadcrumbList\",\"@id\":\"https:\/\/saulkrastubiblioteka.lv\/index.php\/darba-laiks-2\/#breadcrumb\",\"itemListElement\":[{\"@type\":\"ListItem\",\"position\":1,\"name\":\"Home\",\"item\":\"https:\/\/saulkrastubiblioteka.lv\/\"},{\"@type\":\"ListItem\",\"position\":2,\"name\":\"Darba laiki\"}]},{\"@type\":\"WebSite\",\"@id\":\"https:\/\/saulkrastubiblioteka.lv\/#website\",\"url\":\"https:\/\/saulkrastubiblioteka.lv\/\",\"name\":\"Saulkrastu novada bibliot\u0113ka\",\"description\":\"Vieta, kur labi pavad\u012bt laiku un pab\u016bt mier\u0101\",\"publisher\":{\"@id\":\"https:\/\/saulkrastubiblioteka.lv\/#organization\"},\"potentialAction\":[{\"@type\":\"SearchAction\",\"target\":{\"@type\":\"EntryPoint\",\"urlTemplate\":\"https:\/\/saulkrastubiblioteka.lv\/?s={search_term_string}\"},\"query-input\":{\"@type\":\"PropertyValueSpecification\",\"valueRequired\":true,\"valueName\":\"search_term_string\"}}],\"inLanguage\":\"lv-LV\"},{\"@type\":\"Organization\",\"@id\":\"https:\/\/saulkrastubiblioteka.lv\/#organization\",\"name\":\"Saulkrastu novada bibliot\u0113ka\",\"url\":\"https:\/\/saulkrastubiblioteka.lv\/\",\"logo\":{\"@type\":\"ImageObject\",\"inLanguage\":\"lv-LV\",\"@id\":\"https:\/\/saulkrastubiblioteka.lv\/#\/schema\/logo\/image\/\",\"url\":\"https:\/\/saulkrastubiblioteka.lv\/wp-content\/uploads\/2021\/01\/cropped-logo.png\",\"contentUrl\":\"https:\/\/saulkrastubiblioteka.lv\/wp-content\/uploads\/2021\/01\/cropped-logo.png\",\"width\":240,\"height\":240,\"caption\":\"Saulkrastu novada bibliot\u0113ka\"},\"image\":{\"@id\":\"https:\/\/saulkrastubiblioteka.lv\/#\/schema\/logo\/image\/\"}}]}<\/script>\n<!-- \/ Yoast SEO plugin. -->","yoast_head_json":{"title":"Darba laiki - Saulkrastu novada bibliot\u0113ka","robots":{"index":"index","follow":"follow","max-snippet":"max-snippet:-1","max-image-preview":"max-image-preview:large","max-video-preview":"max-video-preview:-1"},"canonical":"https:\/\/saulkrastubiblioteka.lv\/index.php\/darba-laiks-2\/","og_locale":"lv_LV","og_type":"article","og_title":"Darba laiki - Saulkrastu novada bibliot\u0113ka","og_description":"Saulkrastu novada bibliot\u0113ka Pirmdiena 9.00\u201317.00Otrdiena 9.00\u201317.00Tre\u0161diena 9.00\u201317.00Ceturtdiena 9.00\u201317.00Piektdiena 9.00\u201317.00Sestdiena 10.00-14.00Sv\u0113tdiena\u2013sl\u0113gts No 1. j\u016bnija l\u012bdz 1. septembrim sestdien\u0101s&nbsp;las\u012bt\u0101jus neapkalpo, bibliot\u0113ka sl\u0113gta. Bibliot\u0113kas adrese: Rai\u0146a iela 7, Saulkrasti, Saulkrastu novads, LV-2160T\u0101lrunis uzzi\u0146\u0101m: 25767667 Saulkrastu novada bibliot\u0113kas fili\u0101le \u201cS\u0113ja\u201d Pirmdiena 9.00\u201318.00Otrdiena 9.00\u201317.00Tre\u0161diena 9.00\u201317.00Ceturtdiena 9.00\u201317.00Piektdiena 9.00\u201316.00 Bibliot\u0113kas adrese: \u201cJ\u0113\u0146i\u201d, Murj\u0101\u0146i, S\u0113jas pagasts, Saulkrastu novads, LV-2142T\u0101lrunis uzzi\u0146\u0101m: 27891866 No 13. &hellip; Turpin\u0101t las\u012bt \"Darba laiki\"","og_url":"https:\/\/saulkrastubiblioteka.lv\/index.php\/darba-laiks-2\/","og_site_name":"Saulkrastu novada bibliot\u0113ka","article_modified_time":"2026-04-10T09:13:25+00:00","twitter_card":"summary_large_image","twitter_misc":{"Est. reading time":"1 min\u016bte"},"schema":{"@context":"https:\/\/schema.org","@graph":[{"@type":"WebPage","@id":"https:\/\/saulkrastubiblioteka.lv\/index.php\/darba-laiks-2\/","url":"https:\/\/saulkrastubiblioteka.lv\/index.php\/darba-laiks-2\/","name":"Darba laiki - Saulkrastu novada bibliot\u0113ka","isPartOf":{"@id":"https:\/\/saulkrastubiblioteka.lv\/#website"},"datePublished":"2020-11-12T12:52:03+00:00","dateModified":"2026-04-10T09:13:25+00:00","breadcrumb":{"@id":"https:\/\/saulkrastubiblioteka.lv\/index.php\/darba-laiks-2\/#breadcrumb"},"inLanguage":"lv-LV","potentialAction":[{"@type":"ReadAction","target":["https:\/\/saulkrastubiblioteka.lv\/index.php\/darba-laiks-2\/"]}]},{"@type":"BreadcrumbList","@id":"https:\/\/saulkrastubiblioteka.lv\/index.php\/darba-laiks-2\/#breadcrumb","itemListElement":[{"@type":"ListItem","position":1,"name":"Home","item":"https:\/\/saulkrastubiblioteka.lv\/"},{"@type":"ListItem","position":2,"name":"Darba laiki"}]},{"@type":"WebSite","@id":"https:\/\/saulkrastubiblioteka.lv\/#website","url":"https:\/\/saulkrastubiblioteka.lv\/","name":"Saulkrastu novada bibliot\u0113ka","description":"Vieta, kur labi pavad\u012bt laiku un pab\u016bt mier\u0101","publisher":{"@id":"https:\/\/saulkrastubiblioteka.lv\/#organization"},"potentialAction":[{"@type":"SearchAction","target":{"@type":"EntryPoint","urlTemplate":"https:\/\/saulkrastubiblioteka.lv\/?s={search_term_string}"},"query-input":{"@type":"PropertyValueSpecification","valueRequired":true,"valueName":"search_term_string"}}],"inLanguage":"lv-LV"},{"@type":"Organization","@id":"https:\/\/saulkrastubiblioteka.lv\/#organization","name":"Saulkrastu novada bibliot\u0113ka","url":"https:\/\/saulkrastubiblioteka.lv\/","logo":{"@type":"ImageObject","inLanguage":"lv-LV","@id":"https:\/\/saulkrastubiblioteka.lv\/#\/schema\/logo\/image\/","url":"https:\/\/saulkrastubiblioteka.lv\/wp-content\/uploads\/2021\/01\/cropped-logo.png","contentUrl":"https:\/\/saulkrastubiblioteka.lv\/wp-content\/uploads\/2021\/01\/cropped-logo.png","width":240,"height":240,"caption":"Saulkrastu novada bibliot\u0113ka"},"image":{"@id":"https:\/\/saulkrastubiblioteka.lv\/#\/schema\/logo\/image\/"}}]}},"_links":{"self":[{"href":"https:\/\/saulkrastubiblioteka.lv\/index.php\/wp-json\/wp\/v2\/pages\/3928","targetHints":{"allow":["GET"]}}],"collection":[{"href":"https:\/\/saulkrastubiblioteka.lv\/index.php\/wp-json\/wp\/v2\/pages"}],"about":[{"href":"https:\/\/saulkrastubiblioteka.lv\/index.php\/wp-json\/wp\/v2\/types\/page"}],"author":[{"embeddable":true,"href":"https:\/\/saulkrastubiblioteka.lv\/index.php\/wp-json\/wp\/v2\/users\/1"}],"replies":[{"embeddable":true,"href":"https:\/\/saulkrastubiblioteka.lv\/index.php\/wp-json\/wp\/v2\/comments?post=3928"}],"version-history":[{"count":122,"href":"https:\/\/saulkrastubiblioteka.lv\/index.php\/wp-json\/wp\/v2\/pages\/3928\/revisions"}],"predecessor-version":[{"id":10474,"href":"https:\/\/saulkrastubiblioteka.lv\/index.php\/wp-json\/wp\/v2\/pages\/3928\/revisions\/10474"}],"wp:attachment":[{"href":"https:\/\/saulkrastubiblioteka.lv\/index.php\/wp-json\/wp\/v2\/media?parent=3928"}],"curies":[{"name":"wp","href":"https:\/\/api.w.org\/{rel}","templated":true}]}}