{"id":3823,"date":"2020-11-04T09:53:07","date_gmt":"2020-11-04T09:53:07","guid":{"rendered":"https:\/\/saulkrastubiblioteka.lv\/?page_id=3823"},"modified":"2026-04-09T07:47:12","modified_gmt":"2026-04-09T07:47:12","slug":"dokumenti","status":"publish","type":"page","link":"https:\/\/saulkrastubiblioteka.lv\/index.php\/dokumenti\/","title":{"rendered":"Dokumenti"},"content":{"rendered":"\n<p><\/p>\n\n\n\n<ul class=\"wp-block-list\">\n<li><a href=\"https:\/\/saulkrastubiblioteka.lv\/wp-content\/uploads\/2026\/01\/IeN-16_2021-Saulkrastu-novada-bibliotekas-nolikums_Konsolidets-pec_27.12.2023.pdf\"><strong>Saulkrastu novada bibliot\u0113kas nolikums<\/strong><\/a>&nbsp;[24.11.2021., konsolid\u0113ts p\u0113c 30.03.2022., p\u0113c 27.12.2023.]<\/li>\n\n\n\n<li><a href=\"https:\/\/saulkrastubiblioteka.lv\/index.php\/lietosanas-noteikumi\/\"><\/a><a href=\"https:\/\/saulkrastubiblioteka.lv\/wp-content\/uploads\/2022\/08\/Lietosanas_noteikumi.pdf\"><strong>Bibliot\u0113kas lieto\u0161anas noteikumi<\/strong> <\/a>[27.07.2022.]<\/li>\n\n\n\n<li><a href=\"https:\/\/saulkrastubiblioteka.lv\/index.php\/maksas-pakalpojumi\/\"><strong>Maksas pakalpojumi<\/strong><\/a> [30.04.2025.]<\/li>\n<\/ul>\n\n\n\n<p><\/p>\n\n\n\n<h2 class=\"wp-block-heading\">Darba pl\u0101ni<\/h2>\n\n\n\n<p><a href=\"https:\/\/saulkrastubiblioteka.lv\/wp-content\/uploads\/2026\/01\/DARBA-PLANS-2026-gadam_ar-seju-pabaziem.pdf\">Bibliot\u0113kas darba pl\u0101ns 2026. gadam<\/a><\/p>\n\n\n\n<p><a href=\"https:\/\/saulkrastubiblioteka.lv\/wp-content\/uploads\/2025\/01\/DARBA-PLANS-2025-gadam_ar-seju-pabaziem.pdf\">Bibliot\u0113kas darba pl\u0101ns 2025. gadam<\/a><\/p>\n\n\n\n<h2 class=\"wp-block-heading\">Publiskie p\u0101rskati<\/h2>\n\n\n\n<p><a href=\"https:\/\/saulkrastubiblioteka.lv\/wp-content\/uploads\/2026\/01\/Saulkrastu-novada-bibliotekas-gada-parskats-2025.pdf\">Saulkrastu novada bibliot\u0113kas 2025. gada darba p\u0101rskats<\/a><\/p>\n\n\n\n<p><a href=\"https:\/\/saulkrastubiblioteka.lv\/wp-content\/uploads\/2025\/01\/Saulkrastu_nov_bibl_parskats_2024.pdf\">Saulkrastu novada bibliot\u0113kas 2024. gada darba p\u0101rskats<\/a><\/p>\n\n\n\n<p><a href=\"https:\/\/saulkrastubiblioteka.lv\/wp-content\/uploads\/2024\/01\/Saulkrastu_nov_bibl_parskats_2023.pdf\">Saulkrastu novada bibliot\u0113kas 2023. gada darba p\u0101rskats<\/a><\/p>\n\n\n\n<p><a href=\"https:\/\/saulkrastubiblioteka.lv\/wp-content\/uploads\/2023\/01\/Saulkrasti_publiskais-parskats-2023.pdf\">Saulkrastu novada bibliot\u0113kas 2022. gada darba p\u0101rskats<\/a><\/p>\n\n\n\n<p><a href=\"https:\/\/saulkrastubiblioteka.lv\/wp-content\/uploads\/2022\/02\/SAULKRASTI-PUBLISKAIS-PARSKATS-2021.pdf\">Saulkrastu novada bibliot\u0113kas 2021. gada darba p\u0101rskats<\/a><\/p>\n\n\n\n<p><a href=\"https:\/\/saulkrasti.lv\/wp-content\/uploads\/2021\/01\/Saulkrastu_novada_bibliotekas_publiskais_parskats_2020-002.pdf\">Saulkrastu novada bibliot\u0113kas 2020. gada darba p\u0101rskats<\/a><\/p>\n\n\n\n<p><a href=\"https:\/\/saulkrasti.lv\/wp-content\/uploads\/2020\/01\/Saulkrastu_novada_biblioteka_publiskais_parskats_2019.pdf\">Saulkrastu novada bibliot\u0113kas 2019. gada darba p\u0101rskats<\/a><\/p>\n\n\n\n<p><a href=\"https:\/\/saulkrasti.lv\/wp-content\/uploads\/2019\/01\/Biblioteka_parskats_2018.pdf\">Saulkrastu novada bibliot\u0113kas 2018. gada darba p\u0101rskats<\/a><\/p>\n\n\n\n<p><a href=\"http:\/\/saulkrasti.lv\/wp-content\/uploads\/2018\/02\/Publiskais_parskats_2017_BIBLIOTEKA.pdf\">Saulkrastu novada bibliot\u0113kas 2017. gada darba p\u0101rskats<\/a><\/p>\n\n\n\n<p><\/p>\n\n\n\n<h2 class=\"wp-block-heading\">Koncepcijas<\/h2>\n\n\n\n<p><a href=\"https:\/\/saulkrastubiblioteka.lv\/wp-content\/uploads\/2022\/01\/Saulkrastu_bibl_krajuma_komplektesanas_koncepcija.pdf\">Kr\u0101juma komplekt\u0113\u0161anas un organiz\u0101cijas koncepcija 2022. &#8211; 2026. gadam<\/a><\/p>\n\n\n\n<p><a href=\"https:\/\/saulkrastubiblioteka.lv\/wp-content\/uploads\/2023\/03\/Saulkrastu_novada_bibliotekas_Novadpetn_Koncepcija_2021.pdf\">Novadp\u0113tniec\u012bbas darba koncepcija 2021. &#8211; 2026. gadam<\/a><\/p>\n\n\n\n<h2 class=\"wp-block-heading\">Strat\u0113\u0123ija<\/h2>\n\n\n\n<p><a href=\"https:\/\/saulkrastubiblioteka.lv\/wp-content\/uploads\/2023\/06\/Saulkrastu_bibl_strategija.pdf\">Saulkrastu novada bibliot\u0113kas, fili\u0101les \u201cS\u0112JA\u201d UN \u201cPABA\u017dI\u201d att\u012bst\u012bbas strat\u0113\u0123ija 2022. \u2013 2026. gadam<\/a><\/p>\n\n\n\n<h2 class=\"wp-block-heading\">Pretkorupcijas pas\u0101kumu pl\u0101ni un to izpilde<\/h2>\n\n\n\n<p><a href=\"https:\/\/saulkrastubiblioteka.lv\/wp-content\/uploads\/2024\/11\/PUBLIC_bibliotekas_pretkorupcijas_plans_2024-2027-002.pdf\">Saulkrastu novada bibliot\u0113kas pretkorupcijas_pl\u0101ns_2024-2027. gadam (pdf)<\/a><\/p>\n\n\n\n<p><\/p>\n\n\n\n<h2 class=\"wp-block-heading\"><br>Publisko iepirkumu pl\u0101ni<\/h2>\n\n\n\n<p><a href=\"https:\/\/saulkrastubiblioteka.lv\/wp-content\/uploads\/2019\/04\/Bibliot\u0113ka-par-2019.gad\u0101-pl\u0101notajiem-iepirkumiem.pdf\">Bibliot\u0113ka par 2019.gad\u0101 pl\u0101notajiem iepirkumiem (pdf)<\/a><\/p>\n\n\n\n<p><a href=\"https:\/\/saulkrastubiblioteka.lv\/wp-content\/uploads\/2019\/04\/Bibliot\u0113ka-par-2018.gad\u0101-pl\u0101notajiem-iepirkumiem.pdf\">Bibliot\u0113ka par 2018.gad\u0101 pl\u0101notajiem iepirkumiem (pdf)<\/a><br><\/p>\n\n\n\n<h2 class=\"wp-block-heading\">Publiskie iepirkumi<\/h2>\n\n\n\n<ul class=\"wp-block-list\">\n<li><a href=\"https:\/\/saulkrastubiblioteka.lv\/index.php\/cenu-aptauja-2019\/\">Cenu aptauja 2019<\/a><\/li>\n\n\n\n<li><a href=\"https:\/\/saulkrastubiblioteka.lv\/index.php\/publiskais-iepirkums\/\">Cenu aptauja 2018<\/a><\/li>\n<\/ul>\n","protected":false},"excerpt":{"rendered":"<p>Darba pl\u0101ni Bibliot\u0113kas darba pl\u0101ns 2026. gadam Bibliot\u0113kas darba pl\u0101ns 2025. gadam Publiskie p\u0101rskati Saulkrastu novada bibliot\u0113kas 2025. gada darba p\u0101rskats Saulkrastu novada bibliot\u0113kas 2024. gada darba p\u0101rskats Saulkrastu novada bibliot\u0113kas 2023. gada darba p\u0101rskats Saulkrastu novada bibliot\u0113kas 2022. gada darba p\u0101rskats Saulkrastu novada bibliot\u0113kas 2021. gada darba p\u0101rskats Saulkrastu novada bibliot\u0113kas 2020. gada darba &hellip; <a href=\"https:\/\/saulkrastubiblioteka.lv\/index.php\/dokumenti\/\" class=\"more-link\">Turpin\u0101t las\u012bt<span class=\"screen-reader-text\"> &#8220;Dokumenti&#8221;<\/span><\/a><\/p>\n","protected":false},"author":1,"featured_media":0,"parent":0,"menu_order":0,"comment_status":"closed","ping_status":"closed","template":"","meta":{"footnotes":""},"class_list":["post-3823","page","type-page","status-publish","hentry"],"yoast_head":"<!-- This site is optimized with the Yoast SEO plugin v24.2 - https:\/\/yoast.com\/wordpress\/plugins\/seo\/ -->\n<title>Dokumenti - Saulkrastu novada bibliot\u0113ka<\/title>\n<meta name=\"robots\" content=\"index, follow, max-snippet:-1, max-image-preview:large, max-video-preview:-1\" \/>\n<link rel=\"canonical\" href=\"https:\/\/saulkrastubiblioteka.lv\/index.php\/dokumenti\/\" \/>\n<meta property=\"og:locale\" content=\"lv_LV\" \/>\n<meta property=\"og:type\" content=\"article\" \/>\n<meta property=\"og:title\" content=\"Dokumenti - Saulkrastu novada bibliot\u0113ka\" \/>\n<meta property=\"og:description\" content=\"Darba pl\u0101ni Bibliot\u0113kas darba pl\u0101ns 2026. gadam Bibliot\u0113kas darba pl\u0101ns 2025. gadam Publiskie p\u0101rskati Saulkrastu novada bibliot\u0113kas 2025. gada darba p\u0101rskats Saulkrastu novada bibliot\u0113kas 2024. gada darba p\u0101rskats Saulkrastu novada bibliot\u0113kas 2023. gada darba p\u0101rskats Saulkrastu novada bibliot\u0113kas 2022. gada darba p\u0101rskats Saulkrastu novada bibliot\u0113kas 2021. gada darba p\u0101rskats Saulkrastu novada bibliot\u0113kas 2020. gada darba &hellip; Turpin\u0101t las\u012bt &quot;Dokumenti&quot;\" \/>\n<meta property=\"og:url\" content=\"https:\/\/saulkrastubiblioteka.lv\/index.php\/dokumenti\/\" \/>\n<meta property=\"og:site_name\" content=\"Saulkrastu novada bibliot\u0113ka\" \/>\n<meta property=\"article:modified_time\" content=\"2026-04-09T07:47:12+00:00\" \/>\n<meta name=\"twitter:card\" content=\"summary_large_image\" \/>\n<meta name=\"twitter:label1\" content=\"Est. reading time\" \/>\n\t<meta name=\"twitter:data1\" content=\"1 min\u016bte\" \/>\n<script type=\"application\/ld+json\" class=\"yoast-schema-graph\">{\"@context\":\"https:\/\/schema.org\",\"@graph\":[{\"@type\":\"WebPage\",\"@id\":\"https:\/\/saulkrastubiblioteka.lv\/index.php\/dokumenti\/\",\"url\":\"https:\/\/saulkrastubiblioteka.lv\/index.php\/dokumenti\/\",\"name\":\"Dokumenti - Saulkrastu novada bibliot\u0113ka\",\"isPartOf\":{\"@id\":\"https:\/\/saulkrastubiblioteka.lv\/#website\"},\"datePublished\":\"2020-11-04T09:53:07+00:00\",\"dateModified\":\"2026-04-09T07:47:12+00:00\",\"breadcrumb\":{\"@id\":\"https:\/\/saulkrastubiblioteka.lv\/index.php\/dokumenti\/#breadcrumb\"},\"inLanguage\":\"lv-LV\",\"potentialAction\":[{\"@type\":\"ReadAction\",\"target\":[\"https:\/\/saulkrastubiblioteka.lv\/index.php\/dokumenti\/\"]}]},{\"@type\":\"BreadcrumbList\",\"@id\":\"https:\/\/saulkrastubiblioteka.lv\/index.php\/dokumenti\/#breadcrumb\",\"itemListElement\":[{\"@type\":\"ListItem\",\"position\":1,\"name\":\"Home\",\"item\":\"https:\/\/saulkrastubiblioteka.lv\/\"},{\"@type\":\"ListItem\",\"position\":2,\"name\":\"Dokumenti\"}]},{\"@type\":\"WebSite\",\"@id\":\"https:\/\/saulkrastubiblioteka.lv\/#website\",\"url\":\"https:\/\/saulkrastubiblioteka.lv\/\",\"name\":\"Saulkrastu novada bibliot\u0113ka\",\"description\":\"Vieta, kur labi pavad\u012bt laiku un pab\u016bt mier\u0101\",\"publisher\":{\"@id\":\"https:\/\/saulkrastubiblioteka.lv\/#organization\"},\"potentialAction\":[{\"@type\":\"SearchAction\",\"target\":{\"@type\":\"EntryPoint\",\"urlTemplate\":\"https:\/\/saulkrastubiblioteka.lv\/?s={search_term_string}\"},\"query-input\":{\"@type\":\"PropertyValueSpecification\",\"valueRequired\":true,\"valueName\":\"search_term_string\"}}],\"inLanguage\":\"lv-LV\"},{\"@type\":\"Organization\",\"@id\":\"https:\/\/saulkrastubiblioteka.lv\/#organization\",\"name\":\"Saulkrastu novada bibliot\u0113ka\",\"url\":\"https:\/\/saulkrastubiblioteka.lv\/\",\"logo\":{\"@type\":\"ImageObject\",\"inLanguage\":\"lv-LV\",\"@id\":\"https:\/\/saulkrastubiblioteka.lv\/#\/schema\/logo\/image\/\",\"url\":\"https:\/\/saulkrastubiblioteka.lv\/wp-content\/uploads\/2021\/01\/cropped-logo.png\",\"contentUrl\":\"https:\/\/saulkrastubiblioteka.lv\/wp-content\/uploads\/2021\/01\/cropped-logo.png\",\"width\":240,\"height\":240,\"caption\":\"Saulkrastu novada bibliot\u0113ka\"},\"image\":{\"@id\":\"https:\/\/saulkrastubiblioteka.lv\/#\/schema\/logo\/image\/\"}}]}<\/script>\n<!-- \/ Yoast SEO plugin. -->","yoast_head_json":{"title":"Dokumenti - Saulkrastu novada bibliot\u0113ka","robots":{"index":"index","follow":"follow","max-snippet":"max-snippet:-1","max-image-preview":"max-image-preview:large","max-video-preview":"max-video-preview:-1"},"canonical":"https:\/\/saulkrastubiblioteka.lv\/index.php\/dokumenti\/","og_locale":"lv_LV","og_type":"article","og_title":"Dokumenti - Saulkrastu novada bibliot\u0113ka","og_description":"Darba pl\u0101ni Bibliot\u0113kas darba pl\u0101ns 2026. gadam Bibliot\u0113kas darba pl\u0101ns 2025. gadam Publiskie p\u0101rskati Saulkrastu novada bibliot\u0113kas 2025. gada darba p\u0101rskats Saulkrastu novada bibliot\u0113kas 2024. gada darba p\u0101rskats Saulkrastu novada bibliot\u0113kas 2023. gada darba p\u0101rskats Saulkrastu novada bibliot\u0113kas 2022. gada darba p\u0101rskats Saulkrastu novada bibliot\u0113kas 2021. gada darba p\u0101rskats Saulkrastu novada bibliot\u0113kas 2020. gada darba &hellip; Turpin\u0101t las\u012bt \"Dokumenti\"","og_url":"https:\/\/saulkrastubiblioteka.lv\/index.php\/dokumenti\/","og_site_name":"Saulkrastu novada bibliot\u0113ka","article_modified_time":"2026-04-09T07:47:12+00:00","twitter_card":"summary_large_image","twitter_misc":{"Est. reading time":"1 min\u016bte"},"schema":{"@context":"https:\/\/schema.org","@graph":[{"@type":"WebPage","@id":"https:\/\/saulkrastubiblioteka.lv\/index.php\/dokumenti\/","url":"https:\/\/saulkrastubiblioteka.lv\/index.php\/dokumenti\/","name":"Dokumenti - Saulkrastu novada bibliot\u0113ka","isPartOf":{"@id":"https:\/\/saulkrastubiblioteka.lv\/#website"},"datePublished":"2020-11-04T09:53:07+00:00","dateModified":"2026-04-09T07:47:12+00:00","breadcrumb":{"@id":"https:\/\/saulkrastubiblioteka.lv\/index.php\/dokumenti\/#breadcrumb"},"inLanguage":"lv-LV","potentialAction":[{"@type":"ReadAction","target":["https:\/\/saulkrastubiblioteka.lv\/index.php\/dokumenti\/"]}]},{"@type":"BreadcrumbList","@id":"https:\/\/saulkrastubiblioteka.lv\/index.php\/dokumenti\/#breadcrumb","itemListElement":[{"@type":"ListItem","position":1,"name":"Home","item":"https:\/\/saulkrastubiblioteka.lv\/"},{"@type":"ListItem","position":2,"name":"Dokumenti"}]},{"@type":"WebSite","@id":"https:\/\/saulkrastubiblioteka.lv\/#website","url":"https:\/\/saulkrastubiblioteka.lv\/","name":"Saulkrastu novada bibliot\u0113ka","description":"Vieta, kur labi pavad\u012bt laiku un pab\u016bt mier\u0101","publisher":{"@id":"https:\/\/saulkrastubiblioteka.lv\/#organization"},"potentialAction":[{"@type":"SearchAction","target":{"@type":"EntryPoint","urlTemplate":"https:\/\/saulkrastubiblioteka.lv\/?s={search_term_string}"},"query-input":{"@type":"PropertyValueSpecification","valueRequired":true,"valueName":"search_term_string"}}],"inLanguage":"lv-LV"},{"@type":"Organization","@id":"https:\/\/saulkrastubiblioteka.lv\/#organization","name":"Saulkrastu novada bibliot\u0113ka","url":"https:\/\/saulkrastubiblioteka.lv\/","logo":{"@type":"ImageObject","inLanguage":"lv-LV","@id":"https:\/\/saulkrastubiblioteka.lv\/#\/schema\/logo\/image\/","url":"https:\/\/saulkrastubiblioteka.lv\/wp-content\/uploads\/2021\/01\/cropped-logo.png","contentUrl":"https:\/\/saulkrastubiblioteka.lv\/wp-content\/uploads\/2021\/01\/cropped-logo.png","width":240,"height":240,"caption":"Saulkrastu novada bibliot\u0113ka"},"image":{"@id":"https:\/\/saulkrastubiblioteka.lv\/#\/schema\/logo\/image\/"}}]}},"_links":{"self":[{"href":"https:\/\/saulkrastubiblioteka.lv\/index.php\/wp-json\/wp\/v2\/pages\/3823","targetHints":{"allow":["GET"]}}],"collection":[{"href":"https:\/\/saulkrastubiblioteka.lv\/index.php\/wp-json\/wp\/v2\/pages"}],"about":[{"href":"https:\/\/saulkrastubiblioteka.lv\/index.php\/wp-json\/wp\/v2\/types\/page"}],"author":[{"embeddable":true,"href":"https:\/\/saulkrastubiblioteka.lv\/index.php\/wp-json\/wp\/v2\/users\/1"}],"replies":[{"embeddable":true,"href":"https:\/\/saulkrastubiblioteka.lv\/index.php\/wp-json\/wp\/v2\/comments?post=3823"}],"version-history":[{"count":74,"href":"https:\/\/saulkrastubiblioteka.lv\/index.php\/wp-json\/wp\/v2\/pages\/3823\/revisions"}],"predecessor-version":[{"id":10467,"href":"https:\/\/saulkrastubiblioteka.lv\/index.php\/wp-json\/wp\/v2\/pages\/3823\/revisions\/10467"}],"wp:attachment":[{"href":"https:\/\/saulkrastubiblioteka.lv\/index.php\/wp-json\/wp\/v2\/media?parent=3823"}],"curies":[{"name":"wp","href":"https:\/\/api.w.org\/{rel}","templated":true}]}}