{"id":3813,"date":"2020-11-04T07:31:16","date_gmt":"2020-11-04T07:31:16","guid":{"rendered":"https:\/\/saulkrastubiblioteka.lv\/?page_id=3813"},"modified":"2023-12-07T08:34:44","modified_gmt":"2023-12-07T08:34:44","slug":"bibliotekas-darbibas-atspogulojums-prese","status":"publish","type":"page","link":"https:\/\/saulkrastubiblioteka.lv\/index.php\/bibliotekas-darbibas-atspogulojums-prese\/","title":{"rendered":"Bibliot\u0113kas darb\u012bbas atspogu\u013cojums pres\u0113"},"content":{"rendered":"\n<p><strong><a href=\"https:\/\/salaspils.biblioteka.lv\/Alise\/lv\/advancedsearch.aspx?crit0=lkey&amp;op0=%25LIKE%25&amp;val0=Saulkrastu+novada+bibliot%C4%93kas+pas%C4%81kumi&amp;linkid0=0&amp;bop1=AND&amp;crit1=pbyr&amp;op1=LIKE%25&amp;val1=2023&amp;linkid1=0&amp;addCriteriaBop=AND&amp;l=1&amp;l=1050&amp;l=14&amp;l=20&amp;l=1046&amp;l=37&amp;l=26&amp;l=42&amp;l=13&amp;l=15&amp;l=1045&amp;l=39&amp;l=43&amp;l=1048&amp;l=1049&amp;l=41&amp;l=2&amp;l=8&amp;l=1047&amp;l=27&amp;l=23&amp;l=36&amp;l=12&amp;l=32&amp;l=25&amp;l=4&amp;l=5&amp;l=35&amp;l=16&amp;l=29&amp;l=19&amp;l=34&amp;l=28&amp;l=31&amp;l=11&amp;l=33&amp;l=21&amp;l=10&amp;l=18&amp;l=22&amp;l=7&amp;l=40&amp;l=44&amp;l=9&amp;l=6&amp;l=17&amp;l=3&amp;c=1&amp;c=2&amp;c=3\">Publik\u0101cijas 2023. gad\u0101<\/a><\/strong><\/p>\n\n\n\n<p><strong><a href=\"https:\/\/salaspils.biblioteka.lv\/Alise\/lv\/advancedsearch.aspx?crit0=lkey&amp;op0=%25LIKE%25&amp;val0=Saulkrastu+novada+bibliot%C4%93kas+pas%C4%81kumi&amp;linkid0=0&amp;bop1=AND&amp;crit1=pbyr&amp;op1=LIKE%25&amp;val1=2022&amp;linkid1=0&amp;addCriteriaBop=AND&amp;l=1&amp;l=1050&amp;l=14&amp;l=20&amp;l=1046&amp;l=37&amp;l=26&amp;l=42&amp;l=13&amp;l=15&amp;l=1045&amp;l=39&amp;l=43&amp;l=1048&amp;l=1049&amp;l=41&amp;l=2&amp;l=8&amp;l=1047&amp;l=27&amp;l=23&amp;l=36&amp;l=12&amp;l=32&amp;l=25&amp;l=4&amp;l=5&amp;l=35&amp;l=16&amp;l=29&amp;l=19&amp;l=34&amp;l=28&amp;l=31&amp;l=11&amp;l=33&amp;l=21&amp;l=10&amp;l=18&amp;l=22&amp;l=7&amp;l=40&amp;l=44&amp;l=9&amp;l=30&amp;l=6&amp;l=17&amp;l=3&amp;c=1&amp;c=2&amp;c=3\">Publik\u0101cijas 2022. gad\u0101<\/a><\/strong><\/p>\n\n\n\n<p><strong><a href=\"https:\/\/salaspils.biblioteka.lv\/Alise\/lv\/advancedsearch.aspx?crit0=lkey&amp;op0=%25LIKE%25&amp;val0=Saulkrastu+novada+bibliot%C4%93kas+pas%C4%81kumi&amp;linkid0=0&amp;bop1=AND&amp;crit1=pbyr&amp;op1=LIKE%25&amp;val1=2021&amp;linkid1=0&amp;addCriteriaBop=AND&amp;l=1&amp;l=1046&amp;l=1050&amp;l=14&amp;l=42&amp;l=1045&amp;l=39&amp;l=43&amp;l=1048&amp;l=1049&amp;l=20&amp;l=23&amp;l=36&amp;l=12&amp;l=41&amp;l=2&amp;l=8&amp;l=1047&amp;l=27&amp;l=37&amp;l=26&amp;l=13&amp;l=15&amp;l=25&amp;l=5&amp;l=21&amp;l=4&amp;l=11&amp;l=10&amp;l=35&amp;l=34&amp;l=22&amp;l=16&amp;l=18&amp;l=9&amp;l=6&amp;l=17&amp;l=3&amp;l=7&amp;l=40&amp;l=44&amp;l=32&amp;l=29&amp;l=19&amp;l=28&amp;l=31&amp;l=33&amp;l=30&amp;c=1&amp;c=2&amp;c=3\">Publik\u0101cijas 2021. gad\u0101<\/a><\/strong><\/p>\n\n\n\n<p><strong>Publik\u0101cijas 2020. gad\u0101<\/strong><br>&#8211; <strong><a href=\"https:\/\/news.lv\/search\/results?q=Dzintare&amp;date_from=01.01.2020&amp;date_to=31.12.2020&amp;author=&amp;sources_search_in=239&amp;section_search_in=all&amp;rubrics_search_in=all&amp;order=date+desc&amp;search_form_type=news&amp;limit=10\">Ilze Dzintare<\/a><br>&#8211; <a href=\"https:\/\/news.lv\/search\/results?q=Saukuma&amp;date_from=01.01.2020&amp;date_to=31.12.2020&amp;author=&amp;sources_search_in=239&amp;section_search_in=all&amp;rubrics_search_in=all&amp;order=date+desc&amp;search_form_type=news&amp;limit=10\">Krist\u012bne Saukuma<\/a><\/strong><\/p>\n\n\n\n<p><a href=\"http:\/\/news.lv\/search\/results?q=Dzintare&amp;date_from=01.01.2019&amp;date_to=31.12.2019&amp;author=&amp;sources_search_in=239&amp;section_search_in=all&amp;rubrics_search_in=all&amp;order=date+desc&amp;search_form_type=news&amp;limit=10\"><strong>Publik\u0101cijas 2019. gad\u0101<\/strong><\/a><\/p>\n\n\n\n<p><a href=\"http:\/\/news.lv\/search\/results?q=Dzintare&amp;date_from=01.01.2018&amp;date_to=31.12.2018&amp;author=&amp;sources_search_in=239&amp;section_search_in=all&amp;rubrics_search_in=all&amp;order=date+desc&amp;search_form_type=news&amp;limit=10\"><strong>Publik\u0101cijas 2018. gad\u0101<\/strong><\/a><\/p>\n\n\n\n<p><a href=\"http:\/\/news.lv\/search\/results?q=Dzintare&amp;date_from=01.01.2017&amp;date_to=31.12.2017&amp;author=&amp;sources_search_in=239&amp;section_search_in=all&amp;rubrics_search_in=all&amp;order=date+desc&amp;search_form_type=news&amp;limit=10\"><strong>Publik\u0101cijas 2017. gad\u0101<\/strong><\/a><\/p>\n","protected":false},"excerpt":{"rendered":"<p>Publik\u0101cijas 2023. gad\u0101 Publik\u0101cijas 2022. gad\u0101 Publik\u0101cijas 2021. gad\u0101 Publik\u0101cijas 2020. gad\u0101&#8211; Ilze Dzintare&#8211; Krist\u012bne Saukuma Publik\u0101cijas 2019. gad\u0101 Publik\u0101cijas 2018. gad\u0101 Publik\u0101cijas 2017. gad\u0101<\/p>\n","protected":false},"author":1,"featured_media":0,"parent":0,"menu_order":0,"comment_status":"closed","ping_status":"closed","template":"","meta":{"footnotes":""},"class_list":["post-3813","page","type-page","status-publish","hentry"],"yoast_head":"<!-- This site is optimized with the Yoast SEO plugin v24.2 - https:\/\/yoast.com\/wordpress\/plugins\/seo\/ -->\n<title>Bibliot\u0113kas darb\u012bbas atspogu\u013cojums pres\u0113 - Saulkrastu novada bibliot\u0113ka<\/title>\n<meta name=\"robots\" content=\"index, follow, max-snippet:-1, max-image-preview:large, max-video-preview:-1\" \/>\n<link rel=\"canonical\" href=\"https:\/\/saulkrastubiblioteka.lv\/index.php\/bibliotekas-darbibas-atspogulojums-prese\/\" \/>\n<meta property=\"og:locale\" content=\"lv_LV\" \/>\n<meta property=\"og:type\" content=\"article\" \/>\n<meta property=\"og:title\" content=\"Bibliot\u0113kas darb\u012bbas atspogu\u013cojums pres\u0113 - Saulkrastu novada bibliot\u0113ka\" \/>\n<meta property=\"og:description\" content=\"Publik\u0101cijas 2023. gad\u0101 Publik\u0101cijas 2022. gad\u0101 Publik\u0101cijas 2021. gad\u0101 Publik\u0101cijas 2020. gad\u0101&#8211; Ilze Dzintare&#8211; Krist\u012bne Saukuma Publik\u0101cijas 2019. gad\u0101 Publik\u0101cijas 2018. gad\u0101 Publik\u0101cijas 2017. gad\u0101\" \/>\n<meta property=\"og:url\" content=\"https:\/\/saulkrastubiblioteka.lv\/index.php\/bibliotekas-darbibas-atspogulojums-prese\/\" \/>\n<meta property=\"og:site_name\" content=\"Saulkrastu novada bibliot\u0113ka\" \/>\n<meta property=\"article:modified_time\" content=\"2023-12-07T08:34:44+00:00\" \/>\n<meta name=\"twitter:card\" content=\"summary_large_image\" \/>\n<meta name=\"twitter:label1\" content=\"Est. reading time\" \/>\n\t<meta name=\"twitter:data1\" content=\"1 min\u016bte\" \/>\n<script type=\"application\/ld+json\" class=\"yoast-schema-graph\">{\"@context\":\"https:\/\/schema.org\",\"@graph\":[{\"@type\":\"WebPage\",\"@id\":\"https:\/\/saulkrastubiblioteka.lv\/index.php\/bibliotekas-darbibas-atspogulojums-prese\/\",\"url\":\"https:\/\/saulkrastubiblioteka.lv\/index.php\/bibliotekas-darbibas-atspogulojums-prese\/\",\"name\":\"Bibliot\u0113kas darb\u012bbas atspogu\u013cojums pres\u0113 - Saulkrastu novada bibliot\u0113ka\",\"isPartOf\":{\"@id\":\"https:\/\/saulkrastubiblioteka.lv\/#website\"},\"datePublished\":\"2020-11-04T07:31:16+00:00\",\"dateModified\":\"2023-12-07T08:34:44+00:00\",\"breadcrumb\":{\"@id\":\"https:\/\/saulkrastubiblioteka.lv\/index.php\/bibliotekas-darbibas-atspogulojums-prese\/#breadcrumb\"},\"inLanguage\":\"lv-LV\",\"potentialAction\":[{\"@type\":\"ReadAction\",\"target\":[\"https:\/\/saulkrastubiblioteka.lv\/index.php\/bibliotekas-darbibas-atspogulojums-prese\/\"]}]},{\"@type\":\"BreadcrumbList\",\"@id\":\"https:\/\/saulkrastubiblioteka.lv\/index.php\/bibliotekas-darbibas-atspogulojums-prese\/#breadcrumb\",\"itemListElement\":[{\"@type\":\"ListItem\",\"position\":1,\"name\":\"Home\",\"item\":\"https:\/\/saulkrastubiblioteka.lv\/\"},{\"@type\":\"ListItem\",\"position\":2,\"name\":\"Bibliot\u0113kas darb\u012bbas atspogu\u013cojums pres\u0113\"}]},{\"@type\":\"WebSite\",\"@id\":\"https:\/\/saulkrastubiblioteka.lv\/#website\",\"url\":\"https:\/\/saulkrastubiblioteka.lv\/\",\"name\":\"Saulkrastu novada bibliot\u0113ka\",\"description\":\"Vieta, kur labi pavad\u012bt laiku un pab\u016bt mier\u0101\",\"publisher\":{\"@id\":\"https:\/\/saulkrastubiblioteka.lv\/#organization\"},\"potentialAction\":[{\"@type\":\"SearchAction\",\"target\":{\"@type\":\"EntryPoint\",\"urlTemplate\":\"https:\/\/saulkrastubiblioteka.lv\/?s={search_term_string}\"},\"query-input\":{\"@type\":\"PropertyValueSpecification\",\"valueRequired\":true,\"valueName\":\"search_term_string\"}}],\"inLanguage\":\"lv-LV\"},{\"@type\":\"Organization\",\"@id\":\"https:\/\/saulkrastubiblioteka.lv\/#organization\",\"name\":\"Saulkrastu novada bibliot\u0113ka\",\"url\":\"https:\/\/saulkrastubiblioteka.lv\/\",\"logo\":{\"@type\":\"ImageObject\",\"inLanguage\":\"lv-LV\",\"@id\":\"https:\/\/saulkrastubiblioteka.lv\/#\/schema\/logo\/image\/\",\"url\":\"https:\/\/saulkrastubiblioteka.lv\/wp-content\/uploads\/2021\/01\/cropped-logo.png\",\"contentUrl\":\"https:\/\/saulkrastubiblioteka.lv\/wp-content\/uploads\/2021\/01\/cropped-logo.png\",\"width\":240,\"height\":240,\"caption\":\"Saulkrastu novada bibliot\u0113ka\"},\"image\":{\"@id\":\"https:\/\/saulkrastubiblioteka.lv\/#\/schema\/logo\/image\/\"}}]}<\/script>\n<!-- \/ Yoast SEO plugin. -->","yoast_head_json":{"title":"Bibliot\u0113kas darb\u012bbas atspogu\u013cojums pres\u0113 - Saulkrastu novada bibliot\u0113ka","robots":{"index":"index","follow":"follow","max-snippet":"max-snippet:-1","max-image-preview":"max-image-preview:large","max-video-preview":"max-video-preview:-1"},"canonical":"https:\/\/saulkrastubiblioteka.lv\/index.php\/bibliotekas-darbibas-atspogulojums-prese\/","og_locale":"lv_LV","og_type":"article","og_title":"Bibliot\u0113kas darb\u012bbas atspogu\u013cojums pres\u0113 - Saulkrastu novada bibliot\u0113ka","og_description":"Publik\u0101cijas 2023. gad\u0101 Publik\u0101cijas 2022. gad\u0101 Publik\u0101cijas 2021. gad\u0101 Publik\u0101cijas 2020. gad\u0101&#8211; Ilze Dzintare&#8211; Krist\u012bne Saukuma Publik\u0101cijas 2019. gad\u0101 Publik\u0101cijas 2018. gad\u0101 Publik\u0101cijas 2017. gad\u0101","og_url":"https:\/\/saulkrastubiblioteka.lv\/index.php\/bibliotekas-darbibas-atspogulojums-prese\/","og_site_name":"Saulkrastu novada bibliot\u0113ka","article_modified_time":"2023-12-07T08:34:44+00:00","twitter_card":"summary_large_image","twitter_misc":{"Est. reading time":"1 min\u016bte"},"schema":{"@context":"https:\/\/schema.org","@graph":[{"@type":"WebPage","@id":"https:\/\/saulkrastubiblioteka.lv\/index.php\/bibliotekas-darbibas-atspogulojums-prese\/","url":"https:\/\/saulkrastubiblioteka.lv\/index.php\/bibliotekas-darbibas-atspogulojums-prese\/","name":"Bibliot\u0113kas darb\u012bbas atspogu\u013cojums pres\u0113 - Saulkrastu novada bibliot\u0113ka","isPartOf":{"@id":"https:\/\/saulkrastubiblioteka.lv\/#website"},"datePublished":"2020-11-04T07:31:16+00:00","dateModified":"2023-12-07T08:34:44+00:00","breadcrumb":{"@id":"https:\/\/saulkrastubiblioteka.lv\/index.php\/bibliotekas-darbibas-atspogulojums-prese\/#breadcrumb"},"inLanguage":"lv-LV","potentialAction":[{"@type":"ReadAction","target":["https:\/\/saulkrastubiblioteka.lv\/index.php\/bibliotekas-darbibas-atspogulojums-prese\/"]}]},{"@type":"BreadcrumbList","@id":"https:\/\/saulkrastubiblioteka.lv\/index.php\/bibliotekas-darbibas-atspogulojums-prese\/#breadcrumb","itemListElement":[{"@type":"ListItem","position":1,"name":"Home","item":"https:\/\/saulkrastubiblioteka.lv\/"},{"@type":"ListItem","position":2,"name":"Bibliot\u0113kas darb\u012bbas atspogu\u013cojums pres\u0113"}]},{"@type":"WebSite","@id":"https:\/\/saulkrastubiblioteka.lv\/#website","url":"https:\/\/saulkrastubiblioteka.lv\/","name":"Saulkrastu novada bibliot\u0113ka","description":"Vieta, kur labi pavad\u012bt laiku un pab\u016bt mier\u0101","publisher":{"@id":"https:\/\/saulkrastubiblioteka.lv\/#organization"},"potentialAction":[{"@type":"SearchAction","target":{"@type":"EntryPoint","urlTemplate":"https:\/\/saulkrastubiblioteka.lv\/?s={search_term_string}"},"query-input":{"@type":"PropertyValueSpecification","valueRequired":true,"valueName":"search_term_string"}}],"inLanguage":"lv-LV"},{"@type":"Organization","@id":"https:\/\/saulkrastubiblioteka.lv\/#organization","name":"Saulkrastu novada bibliot\u0113ka","url":"https:\/\/saulkrastubiblioteka.lv\/","logo":{"@type":"ImageObject","inLanguage":"lv-LV","@id":"https:\/\/saulkrastubiblioteka.lv\/#\/schema\/logo\/image\/","url":"https:\/\/saulkrastubiblioteka.lv\/wp-content\/uploads\/2021\/01\/cropped-logo.png","contentUrl":"https:\/\/saulkrastubiblioteka.lv\/wp-content\/uploads\/2021\/01\/cropped-logo.png","width":240,"height":240,"caption":"Saulkrastu novada bibliot\u0113ka"},"image":{"@id":"https:\/\/saulkrastubiblioteka.lv\/#\/schema\/logo\/image\/"}}]}},"_links":{"self":[{"href":"https:\/\/saulkrastubiblioteka.lv\/index.php\/wp-json\/wp\/v2\/pages\/3813","targetHints":{"allow":["GET"]}}],"collection":[{"href":"https:\/\/saulkrastubiblioteka.lv\/index.php\/wp-json\/wp\/v2\/pages"}],"about":[{"href":"https:\/\/saulkrastubiblioteka.lv\/index.php\/wp-json\/wp\/v2\/types\/page"}],"author":[{"embeddable":true,"href":"https:\/\/saulkrastubiblioteka.lv\/index.php\/wp-json\/wp\/v2\/users\/1"}],"replies":[{"embeddable":true,"href":"https:\/\/saulkrastubiblioteka.lv\/index.php\/wp-json\/wp\/v2\/comments?post=3813"}],"version-history":[{"count":7,"href":"https:\/\/saulkrastubiblioteka.lv\/index.php\/wp-json\/wp\/v2\/pages\/3813\/revisions"}],"predecessor-version":[{"id":8531,"href":"https:\/\/saulkrastubiblioteka.lv\/index.php\/wp-json\/wp\/v2\/pages\/3813\/revisions\/8531"}],"wp:attachment":[{"href":"https:\/\/saulkrastubiblioteka.lv\/index.php\/wp-json\/wp\/v2\/media?parent=3813"}],"curies":[{"name":"wp","href":"https:\/\/api.w.org\/{rel}","templated":true}]}}