{"id":1832,"date":"2019-06-20T11:12:34","date_gmt":"2019-06-20T11:12:34","guid":{"rendered":"https:\/\/saulkrastubiblioteka.lv\/?page_id=1832"},"modified":"2022-02-22T06:53:32","modified_gmt":"2022-02-22T06:53:32","slug":"sadarbibas-partneri","status":"publish","type":"page","link":"https:\/\/saulkrastubiblioteka.lv\/index.php\/sadarbibas-partneri\/","title":{"rendered":"Sadarb\u012bbas partneri"},"content":{"rendered":"<div class=\"entry-content\">\n<p><a href=\"https:\/\/saulkrasti.lv\/\"><strong>Saulkrastu novada pa\u0161vald\u012bba<\/strong><\/a> \u2013 finans\u0113 un nodro\u0161ina bibliot\u0113kas darb\u012bbu, publicit\u0101tes nodro\u0161in\u0101jums bibliot\u0113kas aktivit\u0101t\u0113m.<\/p>\n<p><a href=\"http:\/\/www.biblioteka.salaspils.lv\/lv\"><strong>Salaspils novada bibliot\u0113ka<\/strong><\/a> \u2013 sadarb\u012bba ar Pier\u012bgas re\u0123iona galveno bibliot\u0113ku. Bibliot\u0113ka veic Pier\u012bgas Re\u0123iona Galven\u0101s bibliot\u0113kas funkcijas un darbojas k\u0101 koordin\u0101cijas un metodiskais centrs.<\/p>\n<p><a href=\"http:\/\/vkkf.lv\/\"><strong>Valsts kult\u016brkapit\u0101la fonds<\/strong><\/a> \u2013 finansi\u0101ls atbalsts las\u012b\u0161anas veicin\u0101\u0161anas projektam \u201cLas\u012btava krustojum\u0101\u201d 1. un 2. k\u0101rta.<\/p>\n<p><strong><a href=\"https:\/\/www.lnb.lv\/lv\/biblioteku-attistibas-instituts\/bernu-literaturas-centrs\">Latvijas Nacion\u0101l\u0101s bibliot\u0113kas B\u0113rnu literat\u016bras centrs<\/a><\/strong> \u2013 las\u012b\u0161anas veicin\u0101\u0161anas programma \u201cB\u0113rnu, jaunie\u0161u un vec\u0101ku \u017e\u016brija\u201d.<\/p>\n<p><a href=\"https:\/\/www.gaisma.lv\/\"><strong>Latvijas Nacion\u0101l\u0101s bibliot\u0113kas Atbalsta biedr\u012bba<\/strong><\/a> \u2013 las\u012b\u0161anas veicin\u0101\u0161anas programma \u201cGr\u0101matu starts\u201d.<\/p>\n<p><a href=\"http:\/\/www.lielsmazs.lv\/index.php\/lv\/liels_un_mazs\/Jaunas_gramatas\/\"><strong>Izdevniec\u012bba \u201cLiels un mazs\u201d<\/strong><\/a> \u2013 programma \u201cM\u016bsu maz\u0101 bibliot\u0113ka\u201d.<\/p>\n<p><a href=\"http:\/\/www.kis.gov.lv\/\"><strong> Kult\u016bras inform\u0101cijas sist\u0113mu centrs<\/strong><\/a> \u2013 programma \u201eElektronisk\u0101s publik\u0101cijas Latvijas bibliot\u0113k\u0101m\u201d, dal\u012bba projekt\u0101 \u201cGaismas t\u012bkls\u201d un Latvijas valsts un Bila &amp; Melindas Geitsu fonda l\u012bdzfinans\u0113t\u0101 Latvijas\u00a0 publisko bibliot\u0113ku att\u012bst\u012bbas projekt\u0101 \u201cTre\u0161ais t\u0113va d\u0113ls\u201d.<\/p>\n<p><a href=\"https:\/\/www.tieto.com\/lv\/\"><strong>SIA \u201eTieto Latvia\u201d<\/strong><\/a> \u2013 BIS ALISE uztur\u0113\u0161ana, apm\u0101c\u012bba.<\/p>\n<p><a href=\"https:\/\/www.norden.lv\/\"><strong>Zieme\u013cu Ministru Padomes biroju Latvij\u0101 \u201eNorden\u201d<\/strong><\/a> \u2013 Zieme\u013cvalstu bibliot\u0113ku ned\u0113\u013ca.<\/p>\n<p><a href=\"https:\/\/www.adazi.lv\/kultura\/biblioteka-lasitava\/\"><strong>\u0100da\u017eu<\/strong><\/a> un <a href=\"https:\/\/www.garkalne.lv\/utb\/\"><strong>Upesciema<\/strong><\/a> Tautas bibliot\u0113kas \u2013 SBA pakalpojumi.<\/p>\n<p>Sadarb\u012bba ar viet\u0113j\u0101m kult\u016bras un izgl\u012bt\u012bbas iest\u0101d\u0113m \u2013 <a href=\"http:\/\/www.saulkrastuvsk.lv\/index.php\/lv\/\"><strong>Saulkrastu novada vidusskolu<\/strong><\/a>  (pas\u0101kumi, bibliotek\u0101r\u0101s stundas skol\u0113niem), Saulkrastu pirmsskolas izgl\u012bt\u012bbas iest\u0101di \u201cR\u016b\u0137\u012btis\u201d (rado\u0161\u0101s darbn\u012bcas un dal\u012bba las\u012b\u0161anas veicin\u0101\u0161anas pas\u0101kumos), Jaunie\u0161u m\u0101ju (dal\u012bba b\u0113rnu aizsardz\u012bbas dienai velt\u012btaj\u0101 pas\u0101kum\u0101), <a href=\"http:\/\/www.visitsaulkrasti.lv\/lv\"><strong>Saulkrastu T\u016brisma inform\u0101cijas centru<\/strong><\/a> (publicit\u0101te, suven\u012bru nodro\u0161in\u0101jums), <a href=\"https:\/\/vjmmskola.lv\/\"><strong>Vidzemes j\u016brmalas M\u016bzikas un m\u0101kslas skolu<\/strong><\/a> (M\u0101tes dienai velt\u012bts koncerts bibliot\u0113k\u0101), Saulkrastu novada gleznot\u0101ju un m\u0101kslinieku studij\u0101m (izst\u0101des).<\/p>\n<p><span class=\"st\"><strong><a href=\"https:\/\/www.arhivi.gov.lv\/content.aspx?id=362&amp;mainId=347\">Siguldas zon\u0101lais valsts arh\u012bvs<\/a> <\/strong>&#8211; Saulkrastu novada bibliot\u0113kas fonda apraksta, arh\u012bvisk\u0101s apraksta sh\u0113mas, sarakstu un turpin\u0101mo lietu veido\u0161ana.<br \/>\n<\/span><\/p>\n<\/div>\n","protected":false},"excerpt":{"rendered":"<p>Saulkrastu novada pa\u0161vald\u012bba \u2013 finans\u0113 un nodro\u0161ina bibliot\u0113kas darb\u012bbu, publicit\u0101tes nodro\u0161in\u0101jums bibliot\u0113kas aktivit\u0101t\u0113m. Salaspils novada bibliot\u0113ka \u2013 sadarb\u012bba ar Pier\u012bgas re\u0123iona galveno bibliot\u0113ku. Bibliot\u0113ka veic Pier\u012bgas Re\u0123iona Galven\u0101s bibliot\u0113kas funkcijas un darbojas k\u0101 koordin\u0101cijas un metodiskais centrs. Valsts kult\u016brkapit\u0101la fonds \u2013 finansi\u0101ls atbalsts las\u012b\u0161anas veicin\u0101\u0161anas projektam \u201cLas\u012btava krustojum\u0101\u201d 1. un 2. k\u0101rta. Latvijas Nacion\u0101l\u0101s bibliot\u0113kas &hellip; <a href=\"https:\/\/saulkrastubiblioteka.lv\/index.php\/sadarbibas-partneri\/\" class=\"more-link\">Turpin\u0101t las\u012bt<span class=\"screen-reader-text\"> &#8220;Sadarb\u012bbas partneri&#8221;<\/span><\/a><\/p>\n","protected":false},"author":1,"featured_media":0,"parent":0,"menu_order":0,"comment_status":"closed","ping_status":"closed","template":"","meta":{"footnotes":""},"class_list":["post-1832","page","type-page","status-publish","hentry"],"yoast_head":"<!-- This site is optimized with the Yoast SEO plugin v24.2 - https:\/\/yoast.com\/wordpress\/plugins\/seo\/ -->\n<title>Sadarb\u012bbas partneri - Saulkrastu novada bibliot\u0113ka<\/title>\n<meta name=\"robots\" content=\"index, follow, max-snippet:-1, max-image-preview:large, max-video-preview:-1\" \/>\n<link rel=\"canonical\" href=\"https:\/\/saulkrastubiblioteka.lv\/index.php\/sadarbibas-partneri\/\" \/>\n<meta property=\"og:locale\" content=\"lv_LV\" \/>\n<meta property=\"og:type\" content=\"article\" \/>\n<meta property=\"og:title\" content=\"Sadarb\u012bbas partneri - Saulkrastu novada bibliot\u0113ka\" \/>\n<meta property=\"og:description\" content=\"Saulkrastu novada pa\u0161vald\u012bba \u2013 finans\u0113 un nodro\u0161ina bibliot\u0113kas darb\u012bbu, publicit\u0101tes nodro\u0161in\u0101jums bibliot\u0113kas aktivit\u0101t\u0113m. Salaspils novada bibliot\u0113ka \u2013 sadarb\u012bba ar Pier\u012bgas re\u0123iona galveno bibliot\u0113ku. Bibliot\u0113ka veic Pier\u012bgas Re\u0123iona Galven\u0101s bibliot\u0113kas funkcijas un darbojas k\u0101 koordin\u0101cijas un metodiskais centrs. Valsts kult\u016brkapit\u0101la fonds \u2013 finansi\u0101ls atbalsts las\u012b\u0161anas veicin\u0101\u0161anas projektam \u201cLas\u012btava krustojum\u0101\u201d 1. un 2. k\u0101rta. Latvijas Nacion\u0101l\u0101s bibliot\u0113kas &hellip; Turpin\u0101t las\u012bt &quot;Sadarb\u012bbas partneri&quot;\" \/>\n<meta property=\"og:url\" content=\"https:\/\/saulkrastubiblioteka.lv\/index.php\/sadarbibas-partneri\/\" \/>\n<meta property=\"og:site_name\" content=\"Saulkrastu novada bibliot\u0113ka\" \/>\n<meta property=\"article:modified_time\" content=\"2022-02-22T06:53:32+00:00\" \/>\n<meta name=\"twitter:card\" content=\"summary_large_image\" \/>\n<meta name=\"twitter:label1\" content=\"Est. reading time\" \/>\n\t<meta name=\"twitter:data1\" content=\"2 min\u016btes\" \/>\n<script type=\"application\/ld+json\" class=\"yoast-schema-graph\">{\"@context\":\"https:\/\/schema.org\",\"@graph\":[{\"@type\":\"WebPage\",\"@id\":\"https:\/\/saulkrastubiblioteka.lv\/index.php\/sadarbibas-partneri\/\",\"url\":\"https:\/\/saulkrastubiblioteka.lv\/index.php\/sadarbibas-partneri\/\",\"name\":\"Sadarb\u012bbas partneri - Saulkrastu novada bibliot\u0113ka\",\"isPartOf\":{\"@id\":\"https:\/\/saulkrastubiblioteka.lv\/#website\"},\"datePublished\":\"2019-06-20T11:12:34+00:00\",\"dateModified\":\"2022-02-22T06:53:32+00:00\",\"breadcrumb\":{\"@id\":\"https:\/\/saulkrastubiblioteka.lv\/index.php\/sadarbibas-partneri\/#breadcrumb\"},\"inLanguage\":\"lv-LV\",\"potentialAction\":[{\"@type\":\"ReadAction\",\"target\":[\"https:\/\/saulkrastubiblioteka.lv\/index.php\/sadarbibas-partneri\/\"]}]},{\"@type\":\"BreadcrumbList\",\"@id\":\"https:\/\/saulkrastubiblioteka.lv\/index.php\/sadarbibas-partneri\/#breadcrumb\",\"itemListElement\":[{\"@type\":\"ListItem\",\"position\":1,\"name\":\"Home\",\"item\":\"https:\/\/saulkrastubiblioteka.lv\/\"},{\"@type\":\"ListItem\",\"position\":2,\"name\":\"Sadarb\u012bbas partneri\"}]},{\"@type\":\"WebSite\",\"@id\":\"https:\/\/saulkrastubiblioteka.lv\/#website\",\"url\":\"https:\/\/saulkrastubiblioteka.lv\/\",\"name\":\"Saulkrastu novada bibliot\u0113ka\",\"description\":\"Vieta, kur labi pavad\u012bt laiku un pab\u016bt mier\u0101\",\"publisher\":{\"@id\":\"https:\/\/saulkrastubiblioteka.lv\/#organization\"},\"potentialAction\":[{\"@type\":\"SearchAction\",\"target\":{\"@type\":\"EntryPoint\",\"urlTemplate\":\"https:\/\/saulkrastubiblioteka.lv\/?s={search_term_string}\"},\"query-input\":{\"@type\":\"PropertyValueSpecification\",\"valueRequired\":true,\"valueName\":\"search_term_string\"}}],\"inLanguage\":\"lv-LV\"},{\"@type\":\"Organization\",\"@id\":\"https:\/\/saulkrastubiblioteka.lv\/#organization\",\"name\":\"Saulkrastu novada bibliot\u0113ka\",\"url\":\"https:\/\/saulkrastubiblioteka.lv\/\",\"logo\":{\"@type\":\"ImageObject\",\"inLanguage\":\"lv-LV\",\"@id\":\"https:\/\/saulkrastubiblioteka.lv\/#\/schema\/logo\/image\/\",\"url\":\"https:\/\/saulkrastubiblioteka.lv\/wp-content\/uploads\/2021\/01\/cropped-logo.png\",\"contentUrl\":\"https:\/\/saulkrastubiblioteka.lv\/wp-content\/uploads\/2021\/01\/cropped-logo.png\",\"width\":240,\"height\":240,\"caption\":\"Saulkrastu novada bibliot\u0113ka\"},\"image\":{\"@id\":\"https:\/\/saulkrastubiblioteka.lv\/#\/schema\/logo\/image\/\"}}]}<\/script>\n<!-- \/ Yoast SEO plugin. -->","yoast_head_json":{"title":"Sadarb\u012bbas partneri - Saulkrastu novada bibliot\u0113ka","robots":{"index":"index","follow":"follow","max-snippet":"max-snippet:-1","max-image-preview":"max-image-preview:large","max-video-preview":"max-video-preview:-1"},"canonical":"https:\/\/saulkrastubiblioteka.lv\/index.php\/sadarbibas-partneri\/","og_locale":"lv_LV","og_type":"article","og_title":"Sadarb\u012bbas partneri - Saulkrastu novada bibliot\u0113ka","og_description":"Saulkrastu novada pa\u0161vald\u012bba \u2013 finans\u0113 un nodro\u0161ina bibliot\u0113kas darb\u012bbu, publicit\u0101tes nodro\u0161in\u0101jums bibliot\u0113kas aktivit\u0101t\u0113m. Salaspils novada bibliot\u0113ka \u2013 sadarb\u012bba ar Pier\u012bgas re\u0123iona galveno bibliot\u0113ku. Bibliot\u0113ka veic Pier\u012bgas Re\u0123iona Galven\u0101s bibliot\u0113kas funkcijas un darbojas k\u0101 koordin\u0101cijas un metodiskais centrs. Valsts kult\u016brkapit\u0101la fonds \u2013 finansi\u0101ls atbalsts las\u012b\u0161anas veicin\u0101\u0161anas projektam \u201cLas\u012btava krustojum\u0101\u201d 1. un 2. k\u0101rta. Latvijas Nacion\u0101l\u0101s bibliot\u0113kas &hellip; Turpin\u0101t las\u012bt \"Sadarb\u012bbas partneri\"","og_url":"https:\/\/saulkrastubiblioteka.lv\/index.php\/sadarbibas-partneri\/","og_site_name":"Saulkrastu novada bibliot\u0113ka","article_modified_time":"2022-02-22T06:53:32+00:00","twitter_card":"summary_large_image","twitter_misc":{"Est. reading time":"2 min\u016btes"},"schema":{"@context":"https:\/\/schema.org","@graph":[{"@type":"WebPage","@id":"https:\/\/saulkrastubiblioteka.lv\/index.php\/sadarbibas-partneri\/","url":"https:\/\/saulkrastubiblioteka.lv\/index.php\/sadarbibas-partneri\/","name":"Sadarb\u012bbas partneri - Saulkrastu novada bibliot\u0113ka","isPartOf":{"@id":"https:\/\/saulkrastubiblioteka.lv\/#website"},"datePublished":"2019-06-20T11:12:34+00:00","dateModified":"2022-02-22T06:53:32+00:00","breadcrumb":{"@id":"https:\/\/saulkrastubiblioteka.lv\/index.php\/sadarbibas-partneri\/#breadcrumb"},"inLanguage":"lv-LV","potentialAction":[{"@type":"ReadAction","target":["https:\/\/saulkrastubiblioteka.lv\/index.php\/sadarbibas-partneri\/"]}]},{"@type":"BreadcrumbList","@id":"https:\/\/saulkrastubiblioteka.lv\/index.php\/sadarbibas-partneri\/#breadcrumb","itemListElement":[{"@type":"ListItem","position":1,"name":"Home","item":"https:\/\/saulkrastubiblioteka.lv\/"},{"@type":"ListItem","position":2,"name":"Sadarb\u012bbas partneri"}]},{"@type":"WebSite","@id":"https:\/\/saulkrastubiblioteka.lv\/#website","url":"https:\/\/saulkrastubiblioteka.lv\/","name":"Saulkrastu novada bibliot\u0113ka","description":"Vieta, kur labi pavad\u012bt laiku un pab\u016bt mier\u0101","publisher":{"@id":"https:\/\/saulkrastubiblioteka.lv\/#organization"},"potentialAction":[{"@type":"SearchAction","target":{"@type":"EntryPoint","urlTemplate":"https:\/\/saulkrastubiblioteka.lv\/?s={search_term_string}"},"query-input":{"@type":"PropertyValueSpecification","valueRequired":true,"valueName":"search_term_string"}}],"inLanguage":"lv-LV"},{"@type":"Organization","@id":"https:\/\/saulkrastubiblioteka.lv\/#organization","name":"Saulkrastu novada bibliot\u0113ka","url":"https:\/\/saulkrastubiblioteka.lv\/","logo":{"@type":"ImageObject","inLanguage":"lv-LV","@id":"https:\/\/saulkrastubiblioteka.lv\/#\/schema\/logo\/image\/","url":"https:\/\/saulkrastubiblioteka.lv\/wp-content\/uploads\/2021\/01\/cropped-logo.png","contentUrl":"https:\/\/saulkrastubiblioteka.lv\/wp-content\/uploads\/2021\/01\/cropped-logo.png","width":240,"height":240,"caption":"Saulkrastu novada bibliot\u0113ka"},"image":{"@id":"https:\/\/saulkrastubiblioteka.lv\/#\/schema\/logo\/image\/"}}]}},"_links":{"self":[{"href":"https:\/\/saulkrastubiblioteka.lv\/index.php\/wp-json\/wp\/v2\/pages\/1832","targetHints":{"allow":["GET"]}}],"collection":[{"href":"https:\/\/saulkrastubiblioteka.lv\/index.php\/wp-json\/wp\/v2\/pages"}],"about":[{"href":"https:\/\/saulkrastubiblioteka.lv\/index.php\/wp-json\/wp\/v2\/types\/page"}],"author":[{"embeddable":true,"href":"https:\/\/saulkrastubiblioteka.lv\/index.php\/wp-json\/wp\/v2\/users\/1"}],"replies":[{"embeddable":true,"href":"https:\/\/saulkrastubiblioteka.lv\/index.php\/wp-json\/wp\/v2\/comments?post=1832"}],"version-history":[{"count":7,"href":"https:\/\/saulkrastubiblioteka.lv\/index.php\/wp-json\/wp\/v2\/pages\/1832\/revisions"}],"predecessor-version":[{"id":6660,"href":"https:\/\/saulkrastubiblioteka.lv\/index.php\/wp-json\/wp\/v2\/pages\/1832\/revisions\/6660"}],"wp:attachment":[{"href":"https:\/\/saulkrastubiblioteka.lv\/index.php\/wp-json\/wp\/v2\/media?parent=1832"}],"curies":[{"name":"wp","href":"https:\/\/api.w.org\/{rel}","templated":true}]}}